{"id":3650,"date":"2022-10-19T18:39:32","date_gmt":"2022-10-19T18:39:32","guid":{"rendered":"https:\/\/duygumutlu.com\/birthing\/"},"modified":"2026-02-22T21:31:58","modified_gmt":"2026-02-22T21:31:58","slug":"birth","status":"publish","type":"page","link":"https:\/\/duygumutlu.com\/en\/birth\/","title":{"rendered":"Birth"},"content":{"rendered":"\n<div class=\"wp-block-cover alignfull is-position-center-center\" style=\"min-height:500px;aspect-ratio:unset;\"><img loading=\"lazy\" decoding=\"async\" width=\"2376\" height=\"1335\" class=\"wp-block-cover__image-background wp-image-3165\" alt=\"Do\u011fum\" src=\"https:\/\/duygumutlu.com\/wp-content\/uploads\/2023\/10\/dogum_cover_photo-1-scaled-e1696641031999.jpg\" style=\"object-position:53% 21%\" data-object-fit=\"cover\" data-object-position=\"53% 21%\" srcset=\"https:\/\/duygumutlu.com\/wp-content\/uploads\/2023\/10\/dogum_cover_photo-1-scaled-e1696641031999.jpg 2376w, https:\/\/duygumutlu.com\/wp-content\/uploads\/2023\/10\/dogum_cover_photo-1-scaled-e1696641031999-300x169.jpg 300w, https:\/\/duygumutlu.com\/wp-content\/uploads\/2023\/10\/dogum_cover_photo-1-scaled-e1696641031999-1024x575.jpg 1024w, https:\/\/duygumutlu.com\/wp-content\/uploads\/2023\/10\/dogum_cover_photo-1-scaled-e1696641031999-768x432.jpg 768w, https:\/\/duygumutlu.com\/wp-content\/uploads\/2023\/10\/dogum_cover_photo-1-scaled-e1696641031999-1536x863.jpg 1536w, https:\/\/duygumutlu.com\/wp-content\/uploads\/2023\/10\/dogum_cover_photo-1-scaled-e1696641031999-2048x1151.jpg 2048w, https:\/\/duygumutlu.com\/wp-content\/uploads\/2023\/10\/dogum_cover_photo-1-scaled-e1696641031999-600x337.jpg 600w\" sizes=\"auto, (max-width: 2376px) 100vw, 2376px\" \/><span aria-hidden=\"true\" class=\"wp-block-cover__background has-ast-global-color-4-background-color has-background-dim-60 has-background-dim\"><\/span><div class=\"wp-block-cover__inner-container is-layout-flow wp-block-cover-is-layout-flow\">\n<h1 class=\"wp-block-heading has-text-align-center has-ast-global-color-0-color has-text-color\">Birth<\/h1>\n\n\n\n<p class=\"has-text-align-center has-ast-global-color-5-color has-text-color\">The preparation for labor, the moment of birth, and the ongoing period are unique and special for every mother and baby. In this unique journey, mothers&#8217; trust in their doctors is reinforced by the health and peacefulness of their babies.<\/p>\n\n\n\n<p class=\"has-text-align-center has-ast-global-color-5-color has-text-color\">It is our most precious priority that this journey goes smoothly for both you and your baby. Contact us if you would like to follow your baby&#8217;s development together with our great respect and experience for the privacy of this first moment when your baby says <strong>&#8216;Hello!<\/strong><\/p>\n\n\n\n<div class=\"wp-block-buttons is-vertical is-content-justification-center is-layout-flex wp-container-core-buttons-is-layout-734eb2c2 wp-block-buttons-is-layout-flex\">\n<div class=\"wp-block-button is-style-fill\"><a class=\"wp-block-button__link has-ast-global-color-4-color has-ast-global-color-0-background-color has-text-color has-background has-border-color has-ast-global-color-2-border-color has-medium-font-size has-custom-font-size wp-element-button\" href=\"https:\/\/api.whatsapp.com\/send?phone=905326567388\" style=\"border-radius:100px\">Make An Appointment<\/a><\/div>\n<\/div>\n<\/div><\/div>\n\n\n\n<div class=\"wp-block-uagb-container uagb-block-02702be4 alignfull uagb-is-root-container\"><div class=\"uagb-container-inner-blocks-wrap\">\n<div class=\"wp-block-uagb-advanced-heading uagb-block-d72dae51\"><h2 class=\"uagb-heading-text\">Delivery<\/h2><\/div>\n\n\n\n<p class=\"has-text-align-center has-black-color has-text-color has-custom-weight\" style=\"font-size:16px;font-weight:normal\">When deciding on the method of delivery, the main consideration is the healthy union of mother and baby. You can decide on the type of delivery together with the expertise of your doctor, taking into account the health status of you and your baby. However, it is important to remember that even if we make plans, your baby chooses the most comfortable path of delivery for him\/her. <\/p>\n\n\n\n<div class=\"wp-block-uagb-container uagb-block-a5908be8\">\n<div class=\"wp-block-uagb-advanced-heading uagb-block-d9481fb6\"><h3 class=\"uagb-heading-text\">Vaginal Birth<\/h3><p class=\"uagb-desc-text\">As long as everything goes well and the mother prefers it, it is usually the first method we use and does not involve any surgical intervention.<\/p><\/div>\n<\/div>\n\n\n\n<div class=\"wp-block-uagb-container uagb-block-95bc8f45\">\n<div class=\"wp-block-uagb-advanced-heading uagb-block-d0821e69\"><h3 class=\"uagb-heading-text\">Cesarean Section<\/h3><p class=\"uagb-desc-text\">It is a vital surgical intervention that we resort to when needed to bring the baby to life in good health, taking into account the health of the baby and the mother.<\/p><\/div>\n<\/div>\n\n\n\n<div class=\"wp-block-uagb-container uagb-block-7a2dbf23\">\n<div class=\"wp-block-uagb-advanced-heading uagb-block-4cc70776\"><h3 class=\"uagb-heading-text\">Water Birth<\/h3><p class=\"uagb-desc-text\">As long as the health of the mother and baby permits, it is the process of preparing for birth and giving birth in a bathtub full of water, taking advantage of the calming and muscle relaxing properties of water.<\/p><\/div>\n<\/div>\n\n\n\n<div class=\"wp-block-uagb-container uagb-block-59d320d2\">\n<div class=\"wp-block-uagb-advanced-heading uagb-block-4b33cb16\"><h3 class=\"uagb-heading-text\">VBAC<\/h3><p class=\"uagb-desc-text\">Vaginal birth after cesarean section is an option for mothers who have delivered their baby by cesarean section in their previous labors and wish to deliver their baby vaginally in their next birth if everything goes well.<\/p><\/div>\n<\/div>\n<\/div><\/div>\n\n\n\n<div class=\"wp-block-group alignfull has-ast-global-color-0-background-color has-background is-layout-flow wp-block-group-is-layout-flow\">\n<h2 class=\"wp-block-heading has-text-align-center has-text-color\" style=\"color:#ffffff\"><strong>Contact Op. Dr. Duygu Mutlu. <\/strong><\/h2>\n\n\n\n<p class=\"has-text-align-center has-text-color\" style=\"color:#ffffff\">If you need consultations in the fields of Obstetrics, Pregnancy, Gynecology, Genital Aesthetics, and Functional Medicine, you may contact Op. Dr. Duygu Mutlu. <\/p>\n\n\n\n<div class=\"wp-block-buttons is-horizontal is-content-justification-center is-layout-flex wp-container-core-buttons-is-layout-03627597 wp-block-buttons-is-layout-flex\">\n<div class=\"wp-block-button is-style-circular\"><a class=\"wp-block-button__link has-ast-global-color-4-color has-ast-global-color-2-background-color has-text-color has-background wp-element-button\" href=\"tel:+90 532 656 73 88\"><strong>Make an Appointment<\/strong><\/a><\/div>\n\n\n\n<div class=\"wp-block-button is-style-circular\"><a class=\"wp-block-button__link has-ast-global-color-0-color has-ast-global-color-4-background-color has-text-color has-background wp-element-button\" href=\"https:\/\/api.whatsapp.com\/send?phone=905326567388\"><strong>Ask a Question<\/strong><\/a><\/div>\n\n\n\n<div class=\"wp-block-button is-style-circular\"><a class=\"wp-block-button__link has-ast-global-color-0-color has-ast-global-color-4-background-color has-text-color has-background wp-element-button\" href=\"https:\/\/www.instagram.com\/opdrduygumutlu\/\"><strong>Follow<\/strong><\/a><\/div>\n<\/div>\n\n\n\n<p><\/p>\n<\/div>\n\n\n\n<div class=\"wp-block-uagb-container uagb-block-02e9204e alignfull uagb-is-root-container\"><div class=\"uagb-container-inner-blocks-wrap\">\n<div class=\"wp-block-uagb-container uagb-block-b9c36499\">\n<div class=\"wp-block-uagb-info-box uagb-block-cfc0467e uagb-infobox__content-wrap  uagb-infobox-icon-left uagb-infobox-left uagb-infobox-image-valign-middle\"><div class=\"uagb-ifb-image-content\"><img decoding=\"async\" src=\"https:\/\/duygumutlu.com\/wp-content\/uploads\/2023\/10\/Ebe-ve-dogum-eslikcisi-1-scaled-e1697042059710-150x150.jpg\" alt=\"\" width=\"100\" height=\"100\" loading=\"lazy\"\/><\/div><div class=\"uagb-ifb-content\"><div class=\"uagb-ifb-title-wrap\"><h4 class=\"uagb-ifb-title\">Midwife and Birth Attendant<\/h4><\/div><\/div><\/div>\n\n\n\n<p class=\"has-ast-global-color-0-color has-text-color\">Our belief is that a midwife at birth is not a luxury, but an absolute necessity. We encourage you to have a midwife or a coach with you to keep your motivation high and to ensure that you have a comfortable birth. It doesn&#8217;t always have to be a professional person. It could be your spouse, a close friend or relative.<\/p>\n<\/div>\n\n\n\n<div class=\"wp-block-uagb-container uagb-block-cf287e58\">\n<div class=\"wp-block-uagb-info-box uagb-block-1193c62e uagb-infobox__content-wrap  uagb-infobox-icon-left uagb-infobox-left uagb-infobox-image-valign-middle\"><div class=\"uagb-ifb-image-content\"><img decoding=\"async\" src=\"https:\/\/duygumutlu.com\/wp-content\/uploads\/2023\/10\/dogumda-hastane-secimi-scaled-e1697042185529-150x150.jpg\" alt=\"\" width=\"100\" height=\"100\" loading=\"lazy\"\/><\/div><div class=\"uagb-ifb-content\"><div class=\"uagb-ifb-title-wrap\"><h4 class=\"uagb-ifb-title\">Choosing a Hospital for Childbirth<\/h4><\/div><\/div><\/div>\n\n\n\n<p class=\"has-ast-global-color-0-color has-text-color\">The environment in which the birth takes place is as critical as choosing the right method of delivery. For this reason, the hospital you choose must have an adult and neonatal intensive care unit (NICU) and a blood bank is a vital requirement for any complications that may occur. We work with hospitals where we are sure that these conditions are met.<\/p>\n<\/div>\n<\/div><\/div>\n","protected":false},"excerpt":{"rendered":"<p>Delivery When deciding on the method of delivery, the main consideration is the healthy union of mother and baby. You can decide on the type of delivery together with the expertise of your doctor, taking into account the health status of you and your baby. However, it is important to remember that even if we [&hellip;]<\/p>\n","protected":false},"author":1,"featured_media":0,"parent":0,"menu_order":2,"comment_status":"closed","ping_status":"closed","template":"","meta":{"_coblocks_attr":"","_coblocks_dimensions":"","_coblocks_responsive_height":"","_coblocks_accordion_ie_support":"","_uag_custom_page_level_css":"","site-sidebar-layout":"default","site-content-layout":"","ast-site-content-layout":"default","site-content-style":"default","site-sidebar-style":"default","ast-global-header-display":"","ast-banner-title-visibility":"","ast-main-header-display":"","ast-hfb-above-header-display":"","ast-hfb-below-header-display":"","ast-hfb-mobile-header-display":"","site-post-title":"","ast-breadcrumbs-content":"","ast-featured-img":"","footer-sml-layout":"","ast-disable-related-posts":"","theme-transparent-header-meta":"","adv-header-id-meta":"","stick-header-meta":"","header-above-stick-meta":"","header-main-stick-meta":"","header-below-stick-meta":"","astra-migrate-meta-layouts":"set","ast-page-background-enabled":"default","ast-page-background-meta":{"desktop":{"background-color":"var(--ast-global-color-4)","background-image":"","background-repeat":"repeat","background-position":"center center","background-size":"auto","background-attachment":"scroll","background-type":"","background-media":"","overlay-type":"","overlay-color":"","overlay-opacity":"","overlay-gradient":""},"tablet":{"background-color":"","background-image":"","background-repeat":"repeat","background-position":"center center","background-size":"auto","background-attachment":"scroll","background-type":"","background-media":"","overlay-type":"","overlay-color":"","overlay-opacity":"","overlay-gradient":""},"mobile":{"background-color":"","background-image":"","background-repeat":"repeat","background-position":"center center","background-size":"auto","background-attachment":"scroll","background-type":"","background-media":"","overlay-type":"","overlay-color":"","overlay-opacity":"","overlay-gradient":""}},"ast-content-background-meta":{"desktop":{"background-color":"var(--ast-global-color-5)","background-image":"","background-repeat":"repeat","background-position":"center center","background-size":"auto","background-attachment":"scroll","background-type":"","background-media":"","overlay-type":"","overlay-color":"","overlay-opacity":"","overlay-gradient":""},"tablet":{"background-color":"var(--ast-global-color-5)","background-image":"","background-repeat":"repeat","background-position":"center center","background-size":"auto","background-attachment":"scroll","background-type":"","background-media":"","overlay-type":"","overlay-color":"","overlay-opacity":"","overlay-gradient":""},"mobile":{"background-color":"var(--ast-global-color-5)","background-image":"","background-repeat":"repeat","background-position":"center center","background-size":"auto","background-attachment":"scroll","background-type":"","background-media":"","overlay-type":"","overlay-color":"","overlay-opacity":"","overlay-gradient":""}},"footnotes":""},"class_list":["post-3650","page","type-page","status-publish","hentry"],"yoast_head":"<!-- This site is optimized with the Yoast SEO plugin v27.5 - https:\/\/yoast.com\/product\/yoast-seo-wordpress\/ -->\n<title>Birth | Op. Dr. Duygu Mutlu<\/title>\n<meta name=\"description\" content=\"Every birth story is unique and special. Contact us if you would like to welcome your baby into the world together with our expert team.\" \/>\n<meta name=\"robots\" content=\"index, follow, max-snippet:-1, max-image-preview:large, max-video-preview:-1\" \/>\n<link rel=\"canonical\" href=\"https:\/\/duygumutlu.com\/en\/birth\/\" \/>\n<meta property=\"og:locale\" content=\"en_US\" \/>\n<meta property=\"og:type\" content=\"article\" \/>\n<meta property=\"og:title\" content=\"Birth | Op. Dr. Duygu Mutlu\" \/>\n<meta property=\"og:description\" content=\"Every birth story is unique and special. Contact us if you would like to welcome your baby into the world together with our expert team.\" \/>\n<meta property=\"og:url\" content=\"https:\/\/duygumutlu.com\/en\/birth\/\" \/>\n<meta property=\"og:site_name\" content=\"Op. Dr. Duygu Mutlu\" \/>\n<meta property=\"article:modified_time\" content=\"2026-02-22T21:31:58+00:00\" \/>\n<meta property=\"og:image\" content=\"https:\/\/duygumutlu.com\/wp-content\/uploads\/2022\/11\/dogum_cover_photo-1024x683.jpg\" \/>\n<meta name=\"twitter:card\" content=\"summary_large_image\" \/>\n<meta name=\"twitter:title\" content=\"Birth | Op. Dr. Duygu Mutlu\" \/>\n<meta name=\"twitter:description\" content=\"Every birth story is unique and special. Contact us if you would like to welcome your baby into the world together with our expert team.\" \/>\n<meta name=\"twitter:image\" content=\"https:\/\/duygumutlu.com\/wp-content\/uploads\/2022\/11\/dogum_cover_photo-1024x683.jpg\" \/>\n<meta name=\"twitter:label1\" content=\"Est. reading time\" \/>\n\t<meta name=\"twitter:data1\" content=\"4 minutes\" \/>\n<script type=\"application\/ld+json\" class=\"yoast-schema-graph\">{\"@context\":\"https:\\\/\\\/schema.org\",\"@graph\":[{\"@type\":\"WebPage\",\"@id\":\"https:\\\/\\\/duygumutlu.com\\\/en\\\/birth\\\/\",\"url\":\"https:\\\/\\\/duygumutlu.com\\\/en\\\/birth\\\/\",\"name\":\"Birth | Op. Dr. Duygu Mutlu\",\"isPartOf\":{\"@id\":\"https:\\\/\\\/duygumutlu.com\\\/en\\\/#website\"},\"primaryImageOfPage\":{\"@id\":\"https:\\\/\\\/duygumutlu.com\\\/en\\\/birth\\\/#primaryimage\"},\"image\":{\"@id\":\"https:\\\/\\\/duygumutlu.com\\\/en\\\/birth\\\/#primaryimage\"},\"thumbnailUrl\":\"https:\\\/\\\/duygumutlu.com\\\/wp-content\\\/uploads\\\/2023\\\/10\\\/dogum_cover_photo-1-scaled-e1696641031999.jpg\",\"datePublished\":\"2022-10-19T18:39:32+00:00\",\"dateModified\":\"2026-02-22T21:31:58+00:00\",\"description\":\"Every birth story is unique and special. Contact us if you would like to welcome your baby into the world together with our expert team.\",\"breadcrumb\":{\"@id\":\"https:\\\/\\\/duygumutlu.com\\\/en\\\/birth\\\/#breadcrumb\"},\"inLanguage\":\"en-US\",\"potentialAction\":[{\"@type\":\"ReadAction\",\"target\":[\"https:\\\/\\\/duygumutlu.com\\\/en\\\/birth\\\/\"]}]},{\"@type\":\"ImageObject\",\"inLanguage\":\"en-US\",\"@id\":\"https:\\\/\\\/duygumutlu.com\\\/en\\\/birth\\\/#primaryimage\",\"url\":\"https:\\\/\\\/duygumutlu.com\\\/wp-content\\\/uploads\\\/2023\\\/10\\\/dogum_cover_photo-1-scaled-e1696641031999.jpg\",\"contentUrl\":\"https:\\\/\\\/duygumutlu.com\\\/wp-content\\\/uploads\\\/2023\\\/10\\\/dogum_cover_photo-1-scaled-e1696641031999.jpg\"},{\"@type\":\"BreadcrumbList\",\"@id\":\"https:\\\/\\\/duygumutlu.com\\\/en\\\/birth\\\/#breadcrumb\",\"itemListElement\":[{\"@type\":\"ListItem\",\"position\":1,\"name\":\"Ana Sayfa\",\"item\":\"https:\\\/\\\/duygumutlu.com\\\/en\\\/\"},{\"@type\":\"ListItem\",\"position\":2,\"name\":\"Birth\"}]},{\"@type\":\"WebSite\",\"@id\":\"https:\\\/\\\/duygumutlu.com\\\/en\\\/#website\",\"url\":\"https:\\\/\\\/duygumutlu.com\\\/en\\\/\",\"name\":\"Op. Dr. Duygu Mutlu\",\"description\":\"Kad\u0131n Sa\u011fl\u0131\u011f\u0131 ve Do\u011fum\",\"publisher\":{\"@id\":\"https:\\\/\\\/duygumutlu.com\\\/en\\\/#\\\/schema\\\/person\\\/35a5ed156c4b9cec9a8edc151b539897\"},\"potentialAction\":[{\"@type\":\"SearchAction\",\"target\":{\"@type\":\"EntryPoint\",\"urlTemplate\":\"https:\\\/\\\/duygumutlu.com\\\/en\\\/?s={search_term_string}\"},\"query-input\":{\"@type\":\"PropertyValueSpecification\",\"valueRequired\":true,\"valueName\":\"search_term_string\"}}],\"inLanguage\":\"en-US\"},{\"@type\":[\"Person\",\"Organization\"],\"@id\":\"https:\\\/\\\/duygumutlu.com\\\/en\\\/#\\\/schema\\\/person\\\/35a5ed156c4b9cec9a8edc151b539897\",\"name\":\"Op. Dr. Duygu Mutlu\",\"image\":{\"@type\":\"ImageObject\",\"inLanguage\":\"en-US\",\"@id\":\"https:\\\/\\\/duygumutlu.com\\\/wp-content\\\/uploads\\\/2023\\\/10\\\/cropped-DuyguMutlu_Favicon.png\",\"url\":\"https:\\\/\\\/duygumutlu.com\\\/wp-content\\\/uploads\\\/2023\\\/10\\\/cropped-DuyguMutlu_Favicon.png\",\"contentUrl\":\"https:\\\/\\\/duygumutlu.com\\\/wp-content\\\/uploads\\\/2023\\\/10\\\/cropped-DuyguMutlu_Favicon.png\",\"width\":512,\"height\":512,\"caption\":\"Op. Dr. Duygu Mutlu\"},\"logo\":{\"@id\":\"https:\\\/\\\/duygumutlu.com\\\/wp-content\\\/uploads\\\/2023\\\/10\\\/cropped-DuyguMutlu_Favicon.png\"},\"sameAs\":[\"https:\\\/\\\/duygumutlu.com\",\"https:\\\/\\\/www.instagram.com\\\/opdrduygumutlu\\\/\",\"https:\\\/\\\/www.youtube.com\\\/channel\\\/UC-VgOCsb4G4pPcGjiFn6f6A\"]}]}<\/script>\n<!-- \/ Yoast SEO plugin. -->","yoast_head_json":{"title":"Birth | Op. Dr. Duygu Mutlu","description":"Every birth story is unique and special. Contact us if you would like to welcome your baby into the world together with our expert team.","robots":{"index":"index","follow":"follow","max-snippet":"max-snippet:-1","max-image-preview":"max-image-preview:large","max-video-preview":"max-video-preview:-1"},"canonical":"https:\/\/duygumutlu.com\/en\/birth\/","og_locale":"en_US","og_type":"article","og_title":"Birth | Op. Dr. Duygu Mutlu","og_description":"Every birth story is unique and special. Contact us if you would like to welcome your baby into the world together with our expert team.","og_url":"https:\/\/duygumutlu.com\/en\/birth\/","og_site_name":"Op. Dr. Duygu Mutlu","article_modified_time":"2026-02-22T21:31:58+00:00","og_image":[{"url":"https:\/\/duygumutlu.com\/wp-content\/uploads\/2022\/11\/dogum_cover_photo-1024x683.jpg","type":"","width":"","height":""}],"twitter_card":"summary_large_image","twitter_title":"Birth | Op. Dr. Duygu Mutlu","twitter_description":"Every birth story is unique and special. Contact us if you would like to welcome your baby into the world together with our expert team.","twitter_image":"https:\/\/duygumutlu.com\/wp-content\/uploads\/2022\/11\/dogum_cover_photo-1024x683.jpg","twitter_misc":{"Est. reading time":"4 minutes"},"schema":{"@context":"https:\/\/schema.org","@graph":[{"@type":"WebPage","@id":"https:\/\/duygumutlu.com\/en\/birth\/","url":"https:\/\/duygumutlu.com\/en\/birth\/","name":"Birth | Op. Dr. Duygu Mutlu","isPartOf":{"@id":"https:\/\/duygumutlu.com\/en\/#website"},"primaryImageOfPage":{"@id":"https:\/\/duygumutlu.com\/en\/birth\/#primaryimage"},"image":{"@id":"https:\/\/duygumutlu.com\/en\/birth\/#primaryimage"},"thumbnailUrl":"https:\/\/duygumutlu.com\/wp-content\/uploads\/2023\/10\/dogum_cover_photo-1-scaled-e1696641031999.jpg","datePublished":"2022-10-19T18:39:32+00:00","dateModified":"2026-02-22T21:31:58+00:00","description":"Every birth story is unique and special. Contact us if you would like to welcome your baby into the world together with our expert team.","breadcrumb":{"@id":"https:\/\/duygumutlu.com\/en\/birth\/#breadcrumb"},"inLanguage":"en-US","potentialAction":[{"@type":"ReadAction","target":["https:\/\/duygumutlu.com\/en\/birth\/"]}]},{"@type":"ImageObject","inLanguage":"en-US","@id":"https:\/\/duygumutlu.com\/en\/birth\/#primaryimage","url":"https:\/\/duygumutlu.com\/wp-content\/uploads\/2023\/10\/dogum_cover_photo-1-scaled-e1696641031999.jpg","contentUrl":"https:\/\/duygumutlu.com\/wp-content\/uploads\/2023\/10\/dogum_cover_photo-1-scaled-e1696641031999.jpg"},{"@type":"BreadcrumbList","@id":"https:\/\/duygumutlu.com\/en\/birth\/#breadcrumb","itemListElement":[{"@type":"ListItem","position":1,"name":"Ana Sayfa","item":"https:\/\/duygumutlu.com\/en\/"},{"@type":"ListItem","position":2,"name":"Birth"}]},{"@type":"WebSite","@id":"https:\/\/duygumutlu.com\/en\/#website","url":"https:\/\/duygumutlu.com\/en\/","name":"Op. Dr. Duygu Mutlu","description":"Kad\u0131n Sa\u011fl\u0131\u011f\u0131 ve Do\u011fum","publisher":{"@id":"https:\/\/duygumutlu.com\/en\/#\/schema\/person\/35a5ed156c4b9cec9a8edc151b539897"},"potentialAction":[{"@type":"SearchAction","target":{"@type":"EntryPoint","urlTemplate":"https:\/\/duygumutlu.com\/en\/?s={search_term_string}"},"query-input":{"@type":"PropertyValueSpecification","valueRequired":true,"valueName":"search_term_string"}}],"inLanguage":"en-US"},{"@type":["Person","Organization"],"@id":"https:\/\/duygumutlu.com\/en\/#\/schema\/person\/35a5ed156c4b9cec9a8edc151b539897","name":"Op. Dr. Duygu Mutlu","image":{"@type":"ImageObject","inLanguage":"en-US","@id":"https:\/\/duygumutlu.com\/wp-content\/uploads\/2023\/10\/cropped-DuyguMutlu_Favicon.png","url":"https:\/\/duygumutlu.com\/wp-content\/uploads\/2023\/10\/cropped-DuyguMutlu_Favicon.png","contentUrl":"https:\/\/duygumutlu.com\/wp-content\/uploads\/2023\/10\/cropped-DuyguMutlu_Favicon.png","width":512,"height":512,"caption":"Op. Dr. Duygu Mutlu"},"logo":{"@id":"https:\/\/duygumutlu.com\/wp-content\/uploads\/2023\/10\/cropped-DuyguMutlu_Favicon.png"},"sameAs":["https:\/\/duygumutlu.com","https:\/\/www.instagram.com\/opdrduygumutlu\/","https:\/\/www.youtube.com\/channel\/UC-VgOCsb4G4pPcGjiFn6f6A"]}]}},"uagb_featured_image_src":{"full":false,"thumbnail":false,"medium":false,"medium_large":false,"large":false,"1536x1536":false,"2048x2048":false},"uagb_author_info":{"display_name":"Op. Dr. Duygu Mutlu","author_link":"https:\/\/duygumutlu.com\/en\/author\/drduygumutlu\/"},"uagb_comment_info":0,"uagb_excerpt":"Delivery When deciding on the method of delivery, the main consideration is the healthy union of mother and baby. You can decide on the type of delivery together with the expertise of your doctor, taking into account the health status of you and your baby. However, it is important to remember that even if we&hellip;","_links":{"self":[{"href":"https:\/\/duygumutlu.com\/en\/wp-json\/wp\/v2\/pages\/3650","targetHints":{"allow":["GET"]}}],"collection":[{"href":"https:\/\/duygumutlu.com\/en\/wp-json\/wp\/v2\/pages"}],"about":[{"href":"https:\/\/duygumutlu.com\/en\/wp-json\/wp\/v2\/types\/page"}],"author":[{"embeddable":true,"href":"https:\/\/duygumutlu.com\/en\/wp-json\/wp\/v2\/users\/1"}],"replies":[{"embeddable":true,"href":"https:\/\/duygumutlu.com\/en\/wp-json\/wp\/v2\/comments?post=3650"}],"version-history":[{"count":15,"href":"https:\/\/duygumutlu.com\/en\/wp-json\/wp\/v2\/pages\/3650\/revisions"}],"predecessor-version":[{"id":4970,"href":"https:\/\/duygumutlu.com\/en\/wp-json\/wp\/v2\/pages\/3650\/revisions\/4970"}],"wp:attachment":[{"href":"https:\/\/duygumutlu.com\/en\/wp-json\/wp\/v2\/media?parent=3650"}],"curies":[{"name":"wp","href":"https:\/\/api.w.org\/{rel}","templated":true}]}}