{"id":3672,"date":"2022-02-24T05:02:56","date_gmt":"2022-02-24T05:02:56","guid":{"rendered":"https:\/\/duygumutlu.com\/home-page\/"},"modified":"2026-02-22T20:43:45","modified_gmt":"2026-02-22T20:43:45","slug":"en","status":"publish","type":"page","link":"https:\/\/duygumutlu.com\/en\/","title":{"rendered":"Home Page"},"content":{"rendered":"\n<div class=\"wp-block-uagb-container uagb-block-494c42c4 alignfull uagb-is-root-container\"><div class=\"uagb-container-inner-blocks-wrap\">\n<div class=\"wp-block-uagb-advanced-heading uagb-block-b6b60c01\"><h1 class=\"uagb-heading-text\">Op. Dr. Duygu Mutlu <\/h1><\/div>\n\n\n\n<div class=\"wp-block-uagb-info-box uagb-block-410d97d8 uagb-infobox__content-wrap  uagb-infobox-icon-above-title uagb-infobox-image-valign-top\"><div class=\"uagb-ifb-content\"><div class=\"uagb-ifb-title-wrap\"><\/div><p class=\"uagb-ifb-desc\">Gynecologist and Obstetrician Op. Dr. Duygu Mutlu serves her patients in the fields of <strong>obstetrics, gynecology, genital aesthetics<\/strong> and <strong>functional medicine <\/strong>. <br><\/p><div class=\"uagb-ifb-button-wrapper wp-block-button\"><a href=\"https:\/\/api.whatsapp.com\/send?phone=905326567388\" class=\"uagb-infobox-cta-link wp-block-button__link\" target=\"_blank\" rel=\"noopener noreferrer\" onclick=\"return true;\"><span class=\"uagb-inline-editing\">Make an Appointment<\/span><\/a><\/div><\/div><\/div>\n<\/div><\/div>\n\n\n\n<div class=\"wp-block-uagb-container uagb-block-5fcee4f8 alignfull uagb-is-root-container\"><div class=\"uagb-container-inner-blocks-wrap\">\n<div class=\"wp-block-uagb-advanced-heading uagb-block-de7a8fde\"><h2 class=\"uagb-heading-text\">Our Areas of Expertise<\/h2><\/div>\n\n\n\n<div class=\"wp-block-uagb-container uagb-block-ed2081ea\">\n<div class=\"wp-block-uagb-container uagb-block-4eeee70a\">\n<div class=\"wp-block-uagb-info-box uagb-block-56d081d1 uagb-infobox__content-wrap  uagb-infobox_cta-type-all uagb-infobox-icon-above-title uagb-infobox-image-valign-top\"><a href=\"https:\/\/duygumutlu.com\/en\/birth\/\" class=\"uagb-infobox-link-wrap uagb-infbox__link-to-all\" target=\"_self\" aria-label=\"Infobox Link\" rel=\"noopener noreferrer\" onclick=\"return true;\"><\/a><div class=\"uagb-ifb-content\"><div class=\"uagb-ifb-image-content\"><img decoding=\"async\" src=\"https:\/\/duygumutlu.com\/wp-content\/uploads\/2023\/10\/dogum_cover_photo-scaled-e1696554195844.jpg\" alt=\"\" width=\"1262\" height=\"1706\" loading=\"lazy\"\/><\/div><div class=\"uagb-ifb-title-wrap\"><h2 class=\"uagb-ifb-title\">Birth<\/h2><\/div><p class=\"uagb-ifb-desc\">We are ready with our entire team to ensure that this precious moment when you meet your baby goes smoothly.<\/p><div class=\"uagb-ifb-button-wrapper wp-block-button\"><\/div><\/div><\/div>\n<\/div>\n\n\n\n<div class=\"wp-block-uagb-container uagb-block-f587c4e9\">\n<div class=\"wp-block-uagb-info-box uagb-block-870689f3 uagb-infobox__content-wrap  uagb-infobox_cta-type-all uagb-infobox-icon-above-title uagb-infobox-image-valign-top\"><a href=\"https:\/\/duygumutlu.com\/?page_id=14\" class=\"uagb-infobox-link-wrap uagb-infbox__link-to-all\" target=\"_self\" aria-label=\"Infobox Link\" rel=\"noopener noreferrer\" onclick=\"return true;\"><\/a><div class=\"uagb-ifb-content\"><div class=\"uagb-ifb-image-content\"><img decoding=\"async\" src=\"https:\/\/duygumutlu.com\/wp-content\/uploads\/2023\/10\/gebe-scaled-e1696555166712.jpg\" alt=\"Gebelik\" width=\"1262\" height=\"1706\" loading=\"lazy\"\/><\/div><div class=\"uagb-ifb-title-wrap\"><h2 class=\"uagb-ifb-title\">Pregnancy<\/h2><\/div><p class=\"uagb-ifb-desc\">While you are expecting your baby, we look forward to following your pregnancy and your baby&#8217;s growth together.<\/p><div class=\"uagb-ifb-button-wrapper wp-block-button\"><\/div><\/div><\/div>\n<\/div>\n\n\n\n<div class=\"wp-block-uagb-container uagb-block-de9dc289\">\n<div class=\"wp-block-uagb-info-box uagb-block-b483e0d5 uagb-infobox__content-wrap  uagb-infobox_cta-type-all uagb-infobox-icon-above-title uagb-infobox-image-valign-top\"><a href=\"https:\/\/duygumutlu.com\/en\/gynecology\/\" class=\"uagb-infobox-link-wrap uagb-infbox__link-to-all\" target=\"_self\" aria-label=\"Infobox Link\" rel=\"noopener noreferrer\" onclick=\"return true;\"><\/a><div class=\"uagb-ifb-content\"><div class=\"uagb-ifb-image-content\"><img decoding=\"async\" src=\"https:\/\/duygumutlu.com\/wp-content\/uploads\/2023\/10\/smear_ve_kolposkopi_cover-scaled-e1696555262123.jpeg\" alt=\"Jinekoloji\" width=\"1262\" height=\"1706\" loading=\"lazy\"\/><\/div><div class=\"uagb-ifb-title-wrap\"><h2 class=\"uagb-ifb-title\">Gynecology<\/h2><\/div><p class=\"uagb-ifb-desc\">We are here for you with advanced diagnosis and treatment methods to find solutions to your gynecological disorders.<\/p><div class=\"uagb-ifb-button-wrapper wp-block-button\"><\/div><\/div><\/div>\n<\/div>\n\n\n\n<div class=\"wp-block-uagb-container uagb-block-6edb74a0\">\n<div class=\"wp-block-uagb-info-box uagb-block-09a88236 uagb-infobox__content-wrap  uagb-infobox_cta-type-all uagb-infobox-icon-above-title uagb-infobox-image-valign-top\"><a href=\"https:\/\/duygumutlu.com\/en\/genital-aesthetics\/\" class=\"uagb-infobox-link-wrap uagb-infbox__link-to-all\" target=\"_self\" aria-label=\"Infobox Link\" rel=\"noopener noreferrer\" onclick=\"return true;\"><\/a><div class=\"uagb-ifb-content\"><div class=\"uagb-ifb-image-content\"><img decoding=\"async\" src=\"https:\/\/duygumutlu.com\/wp-content\/uploads\/2023\/10\/barbie_estetigi_cover-e1696555391872.png\" alt=\"\" width=\"436\" height=\"591\" loading=\"lazy\"\/><\/div><div class=\"uagb-ifb-title-wrap\"><h2 class=\"uagb-ifb-title\">Genital Aesthetics<\/h2><\/div><p class=\"uagb-ifb-desc\">We are at your service with our state-of-the-art technology methods to achieve the aesthetics you need with comfort.<\/p><div class=\"uagb-ifb-button-wrapper wp-block-button\"><\/div><\/div><\/div>\n<\/div>\n<\/div>\n<\/div><\/div>\n\n\n\n<div class=\"wp-block-group alignwide has-ast-global-color-0-background-color has-background is-content-justification-center is-layout-constrained wp-block-group-is-layout-constrained\" style=\"min-height:0px\">\n<h2 class=\"wp-block-heading has-text-align-center has-text-color\" style=\"color:#ffffff\"><strong>Contact Op. Dr. Duygu Mutlu. <\/strong><\/h2>\n\n\n\n<p class=\"has-text-align-center has-text-color\" style=\"color:#ffffff\">If you need consultations in the fields of Obstetrics, Pregnancy, Gynecology, Genital Aesthetics, and Functional Medicine, you may contact Op. Dr. Duygu Mutlu. <\/p>\n\n\n\n<div class=\"wp-block-buttons is-horizontal is-content-justification-center is-layout-flex wp-container-core-buttons-is-layout-03627597 wp-block-buttons-is-layout-flex\">\n<div class=\"wp-block-button is-style-circular\"><a class=\"wp-block-button__link has-ast-global-color-4-color has-ast-global-color-2-background-color has-text-color has-background wp-element-button\" href=\"tel:+90 532 656 73 88\"><strong>Make an Appointment<\/strong><\/a><\/div>\n\n\n\n<div class=\"wp-block-button is-style-circular\"><a class=\"wp-block-button__link has-ast-global-color-0-color has-ast-global-color-4-background-color has-text-color has-background wp-element-button\" href=\"https:\/\/api.whatsapp.com\/send?phone=905326567388\"><strong>Ask a Question<\/strong><\/a><\/div>\n\n\n\n<div class=\"wp-block-button is-style-circular\"><a class=\"wp-block-button__link has-ast-global-color-0-color has-ast-global-color-4-background-color has-text-color has-background wp-element-button\" href=\"https:\/\/www.instagram.com\/opdrduygumutlu\/\"><strong>Follow<\/strong><\/a><\/div>\n<\/div>\n<\/div>\n\n\n\n<div class=\"wp-block-uagb-container uagb-block-f3942af0 alignfull uagb-is-root-container\"><div class=\"uagb-container-inner-blocks-wrap\">\n<div class=\"wp-block-uagb-container uagb-block-bcac75b1\">\n<div class=\"wp-block-uagb-info-box uagb-block-63068039 uagb-infobox__content-wrap  uagb-infobox-icon-above-title uagb-infobox-image-valign-top\"><div class=\"uagb-ifb-content\"><div class=\"uagb-ifb-title-wrap\"><h4 class=\"uagb-ifb-title\">We rely on functional medicine approaches to help our patients regain their health permanently.<\/h4><\/div><p class=\"uagb-ifb-desc\">Every experience we have gained over the years shows that it is not possible to implement a permanent cure without identifying the root causes of diseases. By approaching women&#8217;s health with the principles of functional medicine, our biggest goal is to ensure that our patients continue their lives as healthy, self-confident, and happy individuals. <\/p><div class=\"uagb-ifb-button-wrapper wp-block-button\"><a href=\"https:\/\/duygumutlu.com\/en\/functional-medicine\/\" class=\"uagb-infobox-cta-link wp-block-button__link\" target=\"_self\" rel=\"noopener noreferrer\" onclick=\"return true;\" alt=\"\"><span class=\"uagb-inline-editing\">Functional Medicine Approach<\/span><\/a><\/div><\/div><\/div>\n<\/div>\n\n\n\n<div class=\"wp-block-uagb-container uagb-block-0408e4b0\">\n<div class=\"wp-block-uagb-image uagb-block-db147eec wp-block-uagb-image--layout-default wp-block-uagb-image--effect-static wp-block-uagb-image--align-none\"><figure class=\"wp-block-uagb-image__figure\"><img decoding=\"async\" srcset=\"https:\/\/duygumutlu.com\/wp-content\/uploads\/2023\/11\/DSC07797-scaled-edited-640x1024.jpg ,https:\/\/duygumutlu.com\/wp-content\/uploads\/2023\/11\/DSC07797-scaled-edited.jpg 780w, https:\/\/duygumutlu.com\/wp-content\/uploads\/2023\/11\/DSC07797-scaled-edited.jpg 360w\" sizes=\"auto, (max-width: 480px) 150px\" src=\"https:\/\/duygumutlu.com\/wp-content\/uploads\/2023\/11\/DSC07797-scaled-edited-640x1024.jpg\" alt=\"\" class=\"uag-image-4035\" width=\"470\" height=\"570\" title=\"\" loading=\"lazy\" role=\"img\"\/><\/figure><\/div>\n<\/div>\n<\/div><\/div>\n","protected":false},"excerpt":{"rendered":"<p>Op. Dr. Duygu Mutlu Our Areas of Expertise Contact Op. Dr. Duygu Mutlu. If you need consultations in the fields of Obstetrics, Pregnancy, Gynecology, Genital Aesthetics, and Functional Medicine, you may contact Op. Dr. Duygu Mutlu.<\/p>\n","protected":false},"author":1,"featured_media":4780,"parent":0,"menu_order":0,"comment_status":"closed","ping_status":"closed","template":"","meta":{"_coblocks_attr":"","_coblocks_dimensions":"","_coblocks_responsive_height":"","_coblocks_accordion_ie_support":"","_uag_custom_page_level_css":"","site-sidebar-layout":"no-sidebar","site-content-layout":"page-builder","ast-site-content-layout":"full-width-container","site-content-style":"unboxed","site-sidebar-style":"unboxed","ast-global-header-display":"","ast-banner-title-visibility":"","ast-main-header-display":"","ast-hfb-above-header-display":"","ast-hfb-below-header-display":"","ast-hfb-mobile-header-display":"","site-post-title":"disabled","ast-breadcrumbs-content":"","ast-featured-img":"disabled","footer-sml-layout":"","ast-disable-related-posts":"","theme-transparent-header-meta":"enabled","adv-header-id-meta":"","stick-header-meta":"","header-above-stick-meta":"","header-main-stick-meta":"","header-below-stick-meta":"","astra-migrate-meta-layouts":"set","ast-page-background-enabled":"default","ast-page-background-meta":{"desktop":{"background-color":"var(--ast-global-color-4)","background-image":"","background-repeat":"repeat","background-position":"center center","background-size":"auto","background-attachment":"scroll","background-type":"","background-media":"","overlay-type":"","overlay-color":"","overlay-opacity":"","overlay-gradient":""},"tablet":{"background-color":"","background-image":"","background-repeat":"repeat","background-position":"center center","background-size":"auto","background-attachment":"scroll","background-type":"","background-media":"","overlay-type":"","overlay-color":"","overlay-opacity":"","overlay-gradient":""},"mobile":{"background-color":"","background-image":"","background-repeat":"repeat","background-position":"center center","background-size":"auto","background-attachment":"scroll","background-type":"","background-media":"","overlay-type":"","overlay-color":"","overlay-opacity":"","overlay-gradient":""}},"ast-content-background-meta":{"desktop":{"background-color":"var(--ast-global-color-5)","background-image":"","background-repeat":"repeat","background-position":"center center","background-size":"auto","background-attachment":"scroll","background-type":"","background-media":"","overlay-type":"","overlay-color":"","overlay-opacity":"","overlay-gradient":""},"tablet":{"background-color":"var(--ast-global-color-5)","background-image":"","background-repeat":"repeat","background-position":"center center","background-size":"auto","background-attachment":"scroll","background-type":"","background-media":"","overlay-type":"","overlay-color":"","overlay-opacity":"","overlay-gradient":""},"mobile":{"background-color":"var(--ast-global-color-5)","background-image":"","background-repeat":"repeat","background-position":"center center","background-size":"auto","background-attachment":"scroll","background-type":"","background-media":"","overlay-type":"","overlay-color":"","overlay-opacity":"","overlay-gradient":""}},"footnotes":""},"class_list":["post-3672","page","type-page","status-publish","has-post-thumbnail","hentry"],"yoast_head":"<!-- This site is optimized with the Yoast SEO plugin v27.5 - https:\/\/yoast.com\/product\/yoast-seo-wordpress\/ -->\n<title>Home Page | Op. Dr. Duygu Mutlu<\/title>\n<meta name=\"description\" content=\"Gynecologist and Obstetrician Op. Dr. Duygu Mutlu provides services in obstetrics, gynecology, genital aesthetics and functional medicine.\" \/>\n<meta name=\"robots\" content=\"index, follow, max-snippet:-1, max-image-preview:large, max-video-preview:-1\" \/>\n<link rel=\"canonical\" href=\"https:\/\/duygumutlu.com\/en\/\" \/>\n<meta property=\"og:locale\" content=\"en_US\" \/>\n<meta property=\"og:type\" content=\"article\" \/>\n<meta property=\"og:title\" content=\"Home Page | Op. Dr. Duygu Mutlu\" \/>\n<meta property=\"og:description\" content=\"Gynecologist and Obstetrician Op. Dr. Duygu Mutlu provides services in obstetrics, gynecology, genital aesthetics and functional medicine.\" \/>\n<meta property=\"og:url\" content=\"https:\/\/duygumutlu.com\/en\/\" \/>\n<meta property=\"og:site_name\" content=\"Op. Dr. Duygu Mutlu\" \/>\n<meta property=\"article:modified_time\" content=\"2026-02-22T20:43:45+00:00\" \/>\n<meta property=\"og:image\" content=\"https:\/\/duygumutlu.com\/wp-content\/uploads\/2022\/10\/DSC07797-scaled.jpg\" \/>\n\t<meta property=\"og:image:width\" content=\"2560\" \/>\n\t<meta property=\"og:image:height\" content=\"1708\" \/>\n\t<meta property=\"og:image:type\" content=\"image\/jpeg\" \/>\n<meta name=\"twitter:card\" content=\"summary_large_image\" \/>\n<meta name=\"twitter:title\" content=\"Home Page | Op. Dr. Duygu Mutlu\" \/>\n<meta name=\"twitter:description\" content=\"Gynecologist and Obstetrician Op. Dr. Duygu Mutlu provides services in obstetrics, gynecology, genital aesthetics and functional medicine.\" \/>\n<meta name=\"twitter:image\" content=\"https:\/\/duygumutlu.com\/wp-content\/uploads\/2022\/10\/DSC07797-scaled.jpg\" \/>\n<meta name=\"twitter:label1\" content=\"Est. reading time\" \/>\n\t<meta name=\"twitter:data1\" content=\"3 minutes\" \/>\n<script type=\"application\/ld+json\" class=\"yoast-schema-graph\">{\"@context\":\"https:\\\/\\\/schema.org\",\"@graph\":[{\"@type\":\"WebPage\",\"@id\":\"https:\\\/\\\/duygumutlu.com\\\/en\\\/\",\"url\":\"https:\\\/\\\/duygumutlu.com\\\/en\\\/\",\"name\":\"Home Page | Op. Dr. Duygu Mutlu\",\"isPartOf\":{\"@id\":\"https:\\\/\\\/duygumutlu.com\\\/en\\\/#website\"},\"primaryImageOfPage\":{\"@id\":\"https:\\\/\\\/duygumutlu.com\\\/en\\\/#primaryimage\"},\"image\":{\"@id\":\"https:\\\/\\\/duygumutlu.com\\\/en\\\/#primaryimage\"},\"thumbnailUrl\":\"https:\\\/\\\/duygumutlu.com\\\/wp-content\\\/uploads\\\/2025\\\/01\\\/op-dr-duygu-mutlu-jinekolog.jpg\",\"datePublished\":\"2022-02-24T05:02:56+00:00\",\"dateModified\":\"2026-02-22T20:43:45+00:00\",\"description\":\"Gynecologist and Obstetrician Op. Dr. Duygu Mutlu provides services in obstetrics, gynecology, genital aesthetics and functional medicine.\",\"breadcrumb\":{\"@id\":\"https:\\\/\\\/duygumutlu.com\\\/en\\\/#breadcrumb\"},\"inLanguage\":\"en-US\",\"potentialAction\":[{\"@type\":\"ReadAction\",\"target\":[\"https:\\\/\\\/duygumutlu.com\\\/en\\\/\"]}]},{\"@type\":\"ImageObject\",\"inLanguage\":\"en-US\",\"@id\":\"https:\\\/\\\/duygumutlu.com\\\/en\\\/#primaryimage\",\"url\":\"https:\\\/\\\/duygumutlu.com\\\/wp-content\\\/uploads\\\/2025\\\/01\\\/op-dr-duygu-mutlu-jinekolog.jpg\",\"contentUrl\":\"https:\\\/\\\/duygumutlu.com\\\/wp-content\\\/uploads\\\/2025\\\/01\\\/op-dr-duygu-mutlu-jinekolog.jpg\",\"width\":1920,\"height\":1080},{\"@type\":\"BreadcrumbList\",\"@id\":\"https:\\\/\\\/duygumutlu.com\\\/en\\\/#breadcrumb\",\"itemListElement\":[{\"@type\":\"ListItem\",\"position\":1,\"name\":\"Ana Sayfa\",\"item\":\"https:\\\/\\\/duygumutlu.com\\\/en\\\/\"},{\"@type\":\"ListItem\",\"position\":2,\"name\":\"Home Page\"}]},{\"@type\":\"WebSite\",\"@id\":\"https:\\\/\\\/duygumutlu.com\\\/en\\\/#website\",\"url\":\"https:\\\/\\\/duygumutlu.com\\\/en\\\/\",\"name\":\"Op. Dr. Duygu Mutlu\",\"description\":\"Kad\u0131n Sa\u011fl\u0131\u011f\u0131 ve Do\u011fum\",\"publisher\":{\"@id\":\"https:\\\/\\\/duygumutlu.com\\\/en\\\/#\\\/schema\\\/person\\\/35a5ed156c4b9cec9a8edc151b539897\"},\"potentialAction\":[{\"@type\":\"SearchAction\",\"target\":{\"@type\":\"EntryPoint\",\"urlTemplate\":\"https:\\\/\\\/duygumutlu.com\\\/en\\\/?s={search_term_string}\"},\"query-input\":{\"@type\":\"PropertyValueSpecification\",\"valueRequired\":true,\"valueName\":\"search_term_string\"}}],\"inLanguage\":\"en-US\"},{\"@type\":[\"Person\",\"Organization\"],\"@id\":\"https:\\\/\\\/duygumutlu.com\\\/en\\\/#\\\/schema\\\/person\\\/35a5ed156c4b9cec9a8edc151b539897\",\"name\":\"Op. Dr. Duygu Mutlu\",\"image\":{\"@type\":\"ImageObject\",\"inLanguage\":\"en-US\",\"@id\":\"https:\\\/\\\/duygumutlu.com\\\/wp-content\\\/uploads\\\/2023\\\/10\\\/cropped-DuyguMutlu_Favicon.png\",\"url\":\"https:\\\/\\\/duygumutlu.com\\\/wp-content\\\/uploads\\\/2023\\\/10\\\/cropped-DuyguMutlu_Favicon.png\",\"contentUrl\":\"https:\\\/\\\/duygumutlu.com\\\/wp-content\\\/uploads\\\/2023\\\/10\\\/cropped-DuyguMutlu_Favicon.png\",\"width\":512,\"height\":512,\"caption\":\"Op. Dr. Duygu Mutlu\"},\"logo\":{\"@id\":\"https:\\\/\\\/duygumutlu.com\\\/wp-content\\\/uploads\\\/2023\\\/10\\\/cropped-DuyguMutlu_Favicon.png\"},\"sameAs\":[\"https:\\\/\\\/duygumutlu.com\",\"https:\\\/\\\/www.instagram.com\\\/opdrduygumutlu\\\/\",\"https:\\\/\\\/www.youtube.com\\\/channel\\\/UC-VgOCsb4G4pPcGjiFn6f6A\"]}]}<\/script>\n<!-- \/ Yoast SEO plugin. -->","yoast_head_json":{"title":"Home Page | Op. Dr. Duygu Mutlu","description":"Gynecologist and Obstetrician Op. Dr. Duygu Mutlu provides services in obstetrics, gynecology, genital aesthetics and functional medicine.","robots":{"index":"index","follow":"follow","max-snippet":"max-snippet:-1","max-image-preview":"max-image-preview:large","max-video-preview":"max-video-preview:-1"},"canonical":"https:\/\/duygumutlu.com\/en\/","og_locale":"en_US","og_type":"article","og_title":"Home Page | Op. Dr. Duygu Mutlu","og_description":"Gynecologist and Obstetrician Op. Dr. Duygu Mutlu provides services in obstetrics, gynecology, genital aesthetics and functional medicine.","og_url":"https:\/\/duygumutlu.com\/en\/","og_site_name":"Op. Dr. Duygu Mutlu","article_modified_time":"2026-02-22T20:43:45+00:00","og_image":[{"width":2560,"height":1708,"url":"https:\/\/duygumutlu.com\/wp-content\/uploads\/2022\/10\/DSC07797-scaled.jpg","type":"image\/jpeg"}],"twitter_card":"summary_large_image","twitter_title":"Home Page | Op. Dr. Duygu Mutlu","twitter_description":"Gynecologist and Obstetrician Op. Dr. Duygu Mutlu provides services in obstetrics, gynecology, genital aesthetics and functional medicine.","twitter_image":"https:\/\/duygumutlu.com\/wp-content\/uploads\/2022\/10\/DSC07797-scaled.jpg","twitter_misc":{"Est. reading time":"3 minutes"},"schema":{"@context":"https:\/\/schema.org","@graph":[{"@type":"WebPage","@id":"https:\/\/duygumutlu.com\/en\/","url":"https:\/\/duygumutlu.com\/en\/","name":"Home Page | Op. Dr. Duygu Mutlu","isPartOf":{"@id":"https:\/\/duygumutlu.com\/en\/#website"},"primaryImageOfPage":{"@id":"https:\/\/duygumutlu.com\/en\/#primaryimage"},"image":{"@id":"https:\/\/duygumutlu.com\/en\/#primaryimage"},"thumbnailUrl":"https:\/\/duygumutlu.com\/wp-content\/uploads\/2025\/01\/op-dr-duygu-mutlu-jinekolog.jpg","datePublished":"2022-02-24T05:02:56+00:00","dateModified":"2026-02-22T20:43:45+00:00","description":"Gynecologist and Obstetrician Op. Dr. Duygu Mutlu provides services in obstetrics, gynecology, genital aesthetics and functional medicine.","breadcrumb":{"@id":"https:\/\/duygumutlu.com\/en\/#breadcrumb"},"inLanguage":"en-US","potentialAction":[{"@type":"ReadAction","target":["https:\/\/duygumutlu.com\/en\/"]}]},{"@type":"ImageObject","inLanguage":"en-US","@id":"https:\/\/duygumutlu.com\/en\/#primaryimage","url":"https:\/\/duygumutlu.com\/wp-content\/uploads\/2025\/01\/op-dr-duygu-mutlu-jinekolog.jpg","contentUrl":"https:\/\/duygumutlu.com\/wp-content\/uploads\/2025\/01\/op-dr-duygu-mutlu-jinekolog.jpg","width":1920,"height":1080},{"@type":"BreadcrumbList","@id":"https:\/\/duygumutlu.com\/en\/#breadcrumb","itemListElement":[{"@type":"ListItem","position":1,"name":"Ana Sayfa","item":"https:\/\/duygumutlu.com\/en\/"},{"@type":"ListItem","position":2,"name":"Home Page"}]},{"@type":"WebSite","@id":"https:\/\/duygumutlu.com\/en\/#website","url":"https:\/\/duygumutlu.com\/en\/","name":"Op. Dr. Duygu Mutlu","description":"Kad\u0131n Sa\u011fl\u0131\u011f\u0131 ve Do\u011fum","publisher":{"@id":"https:\/\/duygumutlu.com\/en\/#\/schema\/person\/35a5ed156c4b9cec9a8edc151b539897"},"potentialAction":[{"@type":"SearchAction","target":{"@type":"EntryPoint","urlTemplate":"https:\/\/duygumutlu.com\/en\/?s={search_term_string}"},"query-input":{"@type":"PropertyValueSpecification","valueRequired":true,"valueName":"search_term_string"}}],"inLanguage":"en-US"},{"@type":["Person","Organization"],"@id":"https:\/\/duygumutlu.com\/en\/#\/schema\/person\/35a5ed156c4b9cec9a8edc151b539897","name":"Op. Dr. Duygu Mutlu","image":{"@type":"ImageObject","inLanguage":"en-US","@id":"https:\/\/duygumutlu.com\/wp-content\/uploads\/2023\/10\/cropped-DuyguMutlu_Favicon.png","url":"https:\/\/duygumutlu.com\/wp-content\/uploads\/2023\/10\/cropped-DuyguMutlu_Favicon.png","contentUrl":"https:\/\/duygumutlu.com\/wp-content\/uploads\/2023\/10\/cropped-DuyguMutlu_Favicon.png","width":512,"height":512,"caption":"Op. Dr. Duygu Mutlu"},"logo":{"@id":"https:\/\/duygumutlu.com\/wp-content\/uploads\/2023\/10\/cropped-DuyguMutlu_Favicon.png"},"sameAs":["https:\/\/duygumutlu.com","https:\/\/www.instagram.com\/opdrduygumutlu\/","https:\/\/www.youtube.com\/channel\/UC-VgOCsb4G4pPcGjiFn6f6A"]}]}},"uagb_featured_image_src":{"full":["https:\/\/duygumutlu.com\/wp-content\/uploads\/2025\/01\/op-dr-duygu-mutlu-jinekolog.jpg",1920,1080,false],"thumbnail":["https:\/\/duygumutlu.com\/wp-content\/uploads\/2025\/01\/op-dr-duygu-mutlu-jinekolog-150x150.jpg",150,150,true],"medium":["https:\/\/duygumutlu.com\/wp-content\/uploads\/2025\/01\/op-dr-duygu-mutlu-jinekolog-300x169.jpg",300,169,true],"medium_large":["https:\/\/duygumutlu.com\/wp-content\/uploads\/2025\/01\/op-dr-duygu-mutlu-jinekolog-768x432.jpg",768,432,true],"large":["https:\/\/duygumutlu.com\/wp-content\/uploads\/2025\/01\/op-dr-duygu-mutlu-jinekolog-1024x576.jpg",1024,576,true],"1536x1536":["https:\/\/duygumutlu.com\/wp-content\/uploads\/2025\/01\/op-dr-duygu-mutlu-jinekolog-1536x864.jpg",1536,864,true],"2048x2048":["https:\/\/duygumutlu.com\/wp-content\/uploads\/2025\/01\/op-dr-duygu-mutlu-jinekolog.jpg",1920,1080,false]},"uagb_author_info":{"display_name":"Op. Dr. Duygu Mutlu","author_link":"https:\/\/duygumutlu.com\/en\/author\/drduygumutlu\/"},"uagb_comment_info":0,"uagb_excerpt":"Op. Dr. Duygu Mutlu Our Areas of Expertise Contact Op. Dr. Duygu Mutlu. If you need consultations in the fields of Obstetrics, Pregnancy, Gynecology, Genital Aesthetics, and Functional Medicine, you may contact Op. Dr. Duygu Mutlu.","_links":{"self":[{"href":"https:\/\/duygumutlu.com\/en\/wp-json\/wp\/v2\/pages\/3672","targetHints":{"allow":["GET"]}}],"collection":[{"href":"https:\/\/duygumutlu.com\/en\/wp-json\/wp\/v2\/pages"}],"about":[{"href":"https:\/\/duygumutlu.com\/en\/wp-json\/wp\/v2\/types\/page"}],"author":[{"embeddable":true,"href":"https:\/\/duygumutlu.com\/en\/wp-json\/wp\/v2\/users\/1"}],"replies":[{"embeddable":true,"href":"https:\/\/duygumutlu.com\/en\/wp-json\/wp\/v2\/comments?post=3672"}],"version-history":[{"count":11,"href":"https:\/\/duygumutlu.com\/en\/wp-json\/wp\/v2\/pages\/3672\/revisions"}],"predecessor-version":[{"id":4947,"href":"https:\/\/duygumutlu.com\/en\/wp-json\/wp\/v2\/pages\/3672\/revisions\/4947"}],"wp:featuredmedia":[{"embeddable":true,"href":"https:\/\/duygumutlu.com\/en\/wp-json\/wp\/v2\/media\/4780"}],"wp:attachment":[{"href":"https:\/\/duygumutlu.com\/en\/wp-json\/wp\/v2\/media?parent=3672"}],"curies":[{"name":"wp","href":"https:\/\/api.w.org\/{rel}","templated":true}]}}