{"id":3677,"date":"2022-10-20T22:04:15","date_gmt":"2022-10-20T22:04:15","guid":{"rendered":"https:\/\/duygumutlu.com\/birth\/water-birth\/"},"modified":"2026-02-22T21:45:44","modified_gmt":"2026-02-22T21:45:44","slug":"water-birth","status":"publish","type":"page","link":"https:\/\/duygumutlu.com\/en\/birth\/water-birth\/","title":{"rendered":"Water Birth"},"content":{"rendered":"\n<div class=\"wp-block-cover alignfull is-position-center-center\" style=\"min-height:500px;aspect-ratio:unset;\"><img loading=\"lazy\" decoding=\"async\" width=\"870\" height=\"580\" class=\"wp-block-cover__image-background wp-image-1375\" alt=\"suda do\u011fum\" src=\"https:\/\/duygumutlu.com\/wp-content\/uploads\/2022\/12\/suda_dogum_cover.webp\" data-object-fit=\"cover\" srcset=\"https:\/\/duygumutlu.com\/wp-content\/uploads\/2022\/12\/suda_dogum_cover.webp 870w, https:\/\/duygumutlu.com\/wp-content\/uploads\/2022\/12\/suda_dogum_cover-300x200.webp 300w, https:\/\/duygumutlu.com\/wp-content\/uploads\/2022\/12\/suda_dogum_cover-768x512.webp 768w, https:\/\/duygumutlu.com\/wp-content\/uploads\/2022\/12\/suda_dogum_cover-600x400.webp 600w\" sizes=\"auto, (max-width: 870px) 100vw, 870px\" \/><span aria-hidden=\"true\" class=\"wp-block-cover__background has-ast-global-color-4-background-color has-background-dim-60 has-background-dim\"><\/span><div class=\"wp-block-cover__inner-container is-layout-flow wp-block-cover-is-layout-flow\">\n<h1 class=\"wp-block-heading has-text-align-center has-ast-global-color-0-color has-text-color\">Water Birth<\/h1>\n\n\n\n<p class=\"has-text-align-center has-ast-global-color-5-color has-text-color has-medium-font-size\">&#8220;Every child born and to be born is a sacred trust.&#8221;<\/p>\n\n\n\n<p class=\"has-text-align-center has-ast-global-color-5-color has-text-color has-medium-font-size\">Do\u011fan C\u00fccelo\u011flu<\/p>\n<\/div><\/div>\n\n\n\n<div class=\"wp-block-group alignfull is-layout-flow wp-block-group-is-layout-flow\">\n<p class=\"has-text-align-center\" style=\"font-size:16px\">Water birth is meeting the labor contractions in a <strong>special tub of warm water<\/strong>. In this journey to birth, the mother can choose to stay in the water only during the prenatal moments when she feels contractions, or she can choose to deliver her baby in the water if everything goes well and she wants to do so. The main goal here is to benefit from both the muscle and mental relaxing properties of water and to spend the <a href=\"https:\/\/duygumutlu.com\/en\/birth\/\">birth<\/a> process peacefully. <\/p>\n\n\n\n<div class=\"wp-block-columns alignwide is-layout-flex wp-container-core-columns-is-layout-28f84493 wp-block-columns-is-layout-flex\">\n<div class=\"wp-block-column is-layout-flow wp-block-column-is-layout-flow\">\n<div class=\"wp-block-uagb-advanced-heading uagb-block-630e6100\"><h3 class=\"uagb-heading-text\">Who Can Give Birth in Water?<\/h3><\/div>\n\n\n\n<figure class=\"wp-block-image size-large\"><img loading=\"lazy\" decoding=\"async\" width=\"1024\" height=\"683\" src=\"https:\/\/duygumutlu.com\/wp-content\/uploads\/2022\/11\/freestocks-ux53SGpRAHU-unsplash-1024x683.jpg\" alt=\"who can give birth in water\" class=\"wp-image-714\" srcset=\"https:\/\/duygumutlu.com\/wp-content\/uploads\/2022\/11\/freestocks-ux53SGpRAHU-unsplash-1024x683.jpg 1024w, https:\/\/duygumutlu.com\/wp-content\/uploads\/2022\/11\/freestocks-ux53SGpRAHU-unsplash-300x200.jpg 300w, https:\/\/duygumutlu.com\/wp-content\/uploads\/2022\/11\/freestocks-ux53SGpRAHU-unsplash-768x512.jpg 768w, https:\/\/duygumutlu.com\/wp-content\/uploads\/2022\/11\/freestocks-ux53SGpRAHU-unsplash-1536x1024.jpg 1536w, https:\/\/duygumutlu.com\/wp-content\/uploads\/2022\/11\/freestocks-ux53SGpRAHU-unsplash-2048x1365.jpg 2048w, https:\/\/duygumutlu.com\/wp-content\/uploads\/2022\/11\/freestocks-ux53SGpRAHU-unsplash-1200x800.jpg 1200w, https:\/\/duygumutlu.com\/wp-content\/uploads\/2022\/11\/freestocks-ux53SGpRAHU-unsplash-600x400.jpg 600w\" sizes=\"auto, (max-width: 1024px) 100vw, 1024px\" \/><\/figure>\n\n\n\n<p class=\"has-ast-global-color-5-color has-text-color\">All mothers whose health permits a vaginal birth can have a water birth if they wish. Water birth is not recommended for mothers whose labor is not suitable for vaginal delivery, for those with active genital infections, and for babies with meconium (pooped).<\/p>\n<\/div>\n\n\n\n<div class=\"wp-block-column is-layout-flow wp-block-column-is-layout-flow\">\n<div class=\"wp-block-uagb-advanced-heading uagb-block-e26bee75\"><h3 class=\"uagb-heading-text\">How does a water birth take place?<\/h3><\/div>\n\n\n\n<figure class=\"wp-block-image size-large\"><img loading=\"lazy\" decoding=\"async\" width=\"1024\" height=\"691\" src=\"https:\/\/duygumutlu.com\/wp-content\/uploads\/2023\/01\/suda_dogum_kasilmalar-1024x691.jpg\" alt=\"How water birth happens\" class=\"wp-image-1425\" srcset=\"https:\/\/duygumutlu.com\/wp-content\/uploads\/2023\/01\/suda_dogum_kasilmalar-1024x691.jpg 1024w, https:\/\/duygumutlu.com\/wp-content\/uploads\/2023\/01\/suda_dogum_kasilmalar-300x202.jpg 300w, https:\/\/duygumutlu.com\/wp-content\/uploads\/2023\/01\/suda_dogum_kasilmalar-768x518.jpg 768w, https:\/\/duygumutlu.com\/wp-content\/uploads\/2023\/01\/suda_dogum_kasilmalar-1536x1036.jpg 1536w, https:\/\/duygumutlu.com\/wp-content\/uploads\/2023\/01\/suda_dogum_kasilmalar-2048x1382.jpg 2048w\" sizes=\"auto, (max-width: 1024px) 100vw, 1024px\" \/><\/figure>\n\n\n\n<p class=\"has-ast-global-color-5-color has-text-color\">We can perform a water birth in two different types of tubs. The first is a specially designed tub for water birth that acts like a jacuzzi. In these bathtubs, the water is constantly circulated, keeping the temperature and cleanliness of the water at the desired level. At the same time, these tubs are cleaned with disinfectants after each birth and made ready for the next birth. In addition, birth can also take place in inflatable tubs that we can use with special one-time covers. Here too, a special pump system ensures water circulation.<\/p>\n<\/div>\n\n\n\n<div class=\"wp-block-column is-layout-flow wp-block-column-is-layout-flow\">\n<div class=\"wp-block-uagb-advanced-heading uagb-block-49aa1273\"><h3 class=\"uagb-heading-text\">Advantages of Water Birth for Babies<\/h3><\/div>\n\n\n\n<figure class=\"wp-block-image size-large\"><img loading=\"lazy\" decoding=\"async\" width=\"1024\" height=\"683\" src=\"https:\/\/duygumutlu.com\/wp-content\/uploads\/2022\/12\/water_birth-1024x683.jpeg\" alt=\"advantages of water birth for the baby\" class=\"wp-image-1373\" srcset=\"https:\/\/duygumutlu.com\/wp-content\/uploads\/2022\/12\/water_birth-1024x683.jpeg 1024w, https:\/\/duygumutlu.com\/wp-content\/uploads\/2022\/12\/water_birth-300x200.jpeg 300w, https:\/\/duygumutlu.com\/wp-content\/uploads\/2022\/12\/water_birth-768x512.jpeg 768w, https:\/\/duygumutlu.com\/wp-content\/uploads\/2022\/12\/water_birth-1200x800.jpeg 1200w, https:\/\/duygumutlu.com\/wp-content\/uploads\/2022\/12\/water_birth-600x400.jpeg 600w, https:\/\/duygumutlu.com\/wp-content\/uploads\/2022\/12\/water_birth.jpeg 1500w\" sizes=\"auto, (max-width: 1024px) 100vw, 1024px\" \/><\/figure>\n\n\n\n<p class=\"has-ast-global-color-5-color has-text-color\">At the moment of water birth, the baby actually transitions from the water-filled environment in the womb to a different environment that is also water-filled and warm. In this way, water birth provides a smoother transition for the baby, while minimizing birth trauma in the baby, both physically and mentally. Studies have shown that babies born in water have a calmer and more peaceful infancy.<\/p>\n<\/div>\n<\/div>\n<\/div>\n\n\n\n<div class=\"wp-block-group alignfull has-ast-global-color-0-background-color has-background is-layout-flow wp-block-group-is-layout-flow\">\n<div class=\"wp-block-columns is-layout-flex wp-container-core-columns-is-layout-28f84493 wp-block-columns-is-layout-flex\">\n<div class=\"wp-block-column is-vertically-aligned-center is-layout-flow wp-block-column-is-layout-flow\">\n<div class=\"wp-block-uagb-advanced-heading uagb-block-1ae709fc\"><h3 class=\"uagb-heading-text\">Contact Op. Dr. Duygu Mutlu <\/h3><\/div>\n\n\n\n<p class=\"has-text-align-center has-text-color\" style=\"color:#ffffff\">Every birth is unique and has its own dynamics. We are aware of the value of this special moment, and we are ready with our whole team for you to hold your baby in your arms in good health. Call us if you would like to follow your baby&#8217;s development with us.<\/p>\n\n\n\n<div class=\"wp-block-buttons is-horizontal is-content-justification-center is-layout-flex wp-container-core-buttons-is-layout-03627597 wp-block-buttons-is-layout-flex\">\n<div class=\"wp-block-button is-style-circular\"><a class=\"wp-block-button__link has-ast-global-color-4-color has-ast-global-color-2-background-color has-text-color has-background wp-element-button\" href=\"tel:+90 532 656 73 88\"><strong>Make an Appointment<\/strong><\/a><\/div>\n\n\n\n<div class=\"wp-block-button is-style-circular\"><a class=\"wp-block-button__link has-ast-global-color-0-color has-ast-global-color-4-background-color has-text-color has-background wp-element-button\" href=\"https:\/\/api.whatsapp.com\/send?phone=905326567388\"><strong>Ask a Question<\/strong><\/a><\/div>\n\n\n\n<div class=\"wp-block-button is-style-circular\"><a class=\"wp-block-button__link has-ast-global-color-0-color has-ast-global-color-4-background-color has-text-color has-background wp-element-button\" href=\"https:\/\/www.instagram.com\/opdrduygumutlu\/\"><strong>Follow<\/strong><\/a><\/div>\n<\/div>\n\n\n\n<p><\/p>\n<\/div>\n<\/div>\n<\/div>\n","protected":false},"excerpt":{"rendered":"<p>Water birth is meeting the labor contractions in a special tub of warm water. In this journey to birth, the mother can choose to stay in the water only during the prenatal moments when she feels contractions, or she can choose to deliver her baby in the water if everything goes well and she wants [&hellip;]<\/p>\n","protected":false},"author":1,"featured_media":0,"parent":3650,"menu_order":3,"comment_status":"closed","ping_status":"closed","template":"","meta":{"_coblocks_attr":"","_coblocks_dimensions":"","_coblocks_responsive_height":"","_coblocks_accordion_ie_support":"","_uag_custom_page_level_css":"","site-sidebar-layout":"default","site-content-layout":"","ast-site-content-layout":"default","site-content-style":"default","site-sidebar-style":"default","ast-global-header-display":"","ast-banner-title-visibility":"","ast-main-header-display":"","ast-hfb-above-header-display":"","ast-hfb-below-header-display":"","ast-hfb-mobile-header-display":"","site-post-title":"","ast-breadcrumbs-content":"","ast-featured-img":"","footer-sml-layout":"","ast-disable-related-posts":"","theme-transparent-header-meta":"","adv-header-id-meta":"","stick-header-meta":"","header-above-stick-meta":"","header-main-stick-meta":"","header-below-stick-meta":"","astra-migrate-meta-layouts":"set","ast-page-background-enabled":"default","ast-page-background-meta":{"desktop":{"background-color":"var(--ast-global-color-4)","background-image":"","background-repeat":"repeat","background-position":"center center","background-size":"auto","background-attachment":"scroll","background-type":"","background-media":"","overlay-type":"","overlay-color":"","overlay-opacity":"","overlay-gradient":""},"tablet":{"background-color":"","background-image":"","background-repeat":"repeat","background-position":"center center","background-size":"auto","background-attachment":"scroll","background-type":"","background-media":"","overlay-type":"","overlay-color":"","overlay-opacity":"","overlay-gradient":""},"mobile":{"background-color":"","background-image":"","background-repeat":"repeat","background-position":"center center","background-size":"auto","background-attachment":"scroll","background-type":"","background-media":"","overlay-type":"","overlay-color":"","overlay-opacity":"","overlay-gradient":""}},"ast-content-background-meta":{"desktop":{"background-color":"var(--ast-global-color-5)","background-image":"","background-repeat":"repeat","background-position":"center center","background-size":"auto","background-attachment":"scroll","background-type":"","background-media":"","overlay-type":"","overlay-color":"","overlay-opacity":"","overlay-gradient":""},"tablet":{"background-color":"var(--ast-global-color-5)","background-image":"","background-repeat":"repeat","background-position":"center center","background-size":"auto","background-attachment":"scroll","background-type":"","background-media":"","overlay-type":"","overlay-color":"","overlay-opacity":"","overlay-gradient":""},"mobile":{"background-color":"var(--ast-global-color-5)","background-image":"","background-repeat":"repeat","background-position":"center center","background-size":"auto","background-attachment":"scroll","background-type":"","background-media":"","overlay-type":"","overlay-color":"","overlay-opacity":"","overlay-gradient":""}},"footnotes":""},"class_list":["post-3677","page","type-page","status-publish","hentry"],"yoast_head":"<!-- This site is optimized with the Yoast SEO plugin v27.5 - https:\/\/yoast.com\/product\/yoast-seo-wordpress\/ -->\n<title>Water Birth | Op. Dr. Duygu Mutlu<\/title>\n<meta name=\"description\" content=\"Water birth provides a peaceful birth for mother and baby by utilizing both the muscle and mental relaxing properties of water.\" \/>\n<meta name=\"robots\" content=\"index, follow, max-snippet:-1, max-image-preview:large, max-video-preview:-1\" \/>\n<link rel=\"canonical\" href=\"https:\/\/duygumutlu.com\/en\/birth\/water-birth\/\" \/>\n<meta property=\"og:locale\" content=\"en_US\" \/>\n<meta property=\"og:type\" content=\"article\" \/>\n<meta property=\"og:title\" content=\"Water Birth | Op. Dr. Duygu Mutlu\" \/>\n<meta property=\"og:description\" content=\"Water birth provides a peaceful birth for mother and baby by utilizing both the muscle and mental relaxing properties of water.\" \/>\n<meta property=\"og:url\" content=\"https:\/\/duygumutlu.com\/en\/birth\/water-birth\/\" \/>\n<meta property=\"og:site_name\" content=\"Op. Dr. Duygu Mutlu\" \/>\n<meta property=\"article:modified_time\" content=\"2026-02-22T21:45:44+00:00\" \/>\n<meta property=\"og:image\" content=\"https:\/\/duygumutlu.com\/wp-content\/uploads\/2022\/12\/suda_dogum_cover.webp\" \/>\n<meta name=\"twitter:card\" content=\"summary_large_image\" \/>\n<meta name=\"twitter:title\" content=\"Water Birth | Op. Dr. Duygu Mutlu\" \/>\n<meta name=\"twitter:description\" content=\"Water birth provides a peaceful birth for mother and baby by utilizing both the muscle and mental relaxing properties of water.\" \/>\n<meta name=\"twitter:image\" content=\"https:\/\/duygumutlu.com\/wp-content\/uploads\/2022\/12\/suda_dogum_cover.webp\" \/>\n<meta name=\"twitter:label1\" content=\"Est. reading time\" \/>\n\t<meta name=\"twitter:data1\" content=\"4 minutes\" \/>\n<script type=\"application\/ld+json\" class=\"yoast-schema-graph\">{\"@context\":\"https:\\\/\\\/schema.org\",\"@graph\":[{\"@type\":\"WebPage\",\"@id\":\"https:\\\/\\\/duygumutlu.com\\\/en\\\/birth\\\/water-birth\\\/\",\"url\":\"https:\\\/\\\/duygumutlu.com\\\/en\\\/birth\\\/water-birth\\\/\",\"name\":\"Water Birth | Op. Dr. Duygu Mutlu\",\"isPartOf\":{\"@id\":\"https:\\\/\\\/duygumutlu.com\\\/en\\\/#website\"},\"primaryImageOfPage\":{\"@id\":\"https:\\\/\\\/duygumutlu.com\\\/en\\\/birth\\\/water-birth\\\/#primaryimage\"},\"image\":{\"@id\":\"https:\\\/\\\/duygumutlu.com\\\/en\\\/birth\\\/water-birth\\\/#primaryimage\"},\"thumbnailUrl\":\"https:\\\/\\\/duygumutlu.com\\\/wp-content\\\/uploads\\\/2022\\\/12\\\/suda_dogum_cover.webp\",\"datePublished\":\"2022-10-20T22:04:15+00:00\",\"dateModified\":\"2026-02-22T21:45:44+00:00\",\"description\":\"Water birth provides a peaceful birth for mother and baby by utilizing both the muscle and mental relaxing properties of water.\",\"breadcrumb\":{\"@id\":\"https:\\\/\\\/duygumutlu.com\\\/en\\\/birth\\\/water-birth\\\/#breadcrumb\"},\"inLanguage\":\"en-US\",\"potentialAction\":[{\"@type\":\"ReadAction\",\"target\":[\"https:\\\/\\\/duygumutlu.com\\\/en\\\/birth\\\/water-birth\\\/\"]}]},{\"@type\":\"ImageObject\",\"inLanguage\":\"en-US\",\"@id\":\"https:\\\/\\\/duygumutlu.com\\\/en\\\/birth\\\/water-birth\\\/#primaryimage\",\"url\":\"https:\\\/\\\/duygumutlu.com\\\/wp-content\\\/uploads\\\/2022\\\/12\\\/suda_dogum_cover.webp\",\"contentUrl\":\"https:\\\/\\\/duygumutlu.com\\\/wp-content\\\/uploads\\\/2022\\\/12\\\/suda_dogum_cover.webp\"},{\"@type\":\"BreadcrumbList\",\"@id\":\"https:\\\/\\\/duygumutlu.com\\\/en\\\/birth\\\/water-birth\\\/#breadcrumb\",\"itemListElement\":[{\"@type\":\"ListItem\",\"position\":1,\"name\":\"Ana Sayfa\",\"item\":\"https:\\\/\\\/duygumutlu.com\\\/en\\\/\"},{\"@type\":\"ListItem\",\"position\":2,\"name\":\"Birth\",\"item\":\"https:\\\/\\\/duygumutlu.com\\\/en\\\/birth\\\/\"},{\"@type\":\"ListItem\",\"position\":3,\"name\":\"Water Birth\"}]},{\"@type\":\"WebSite\",\"@id\":\"https:\\\/\\\/duygumutlu.com\\\/en\\\/#website\",\"url\":\"https:\\\/\\\/duygumutlu.com\\\/en\\\/\",\"name\":\"Op. Dr. Duygu Mutlu\",\"description\":\"Kad\u0131n Sa\u011fl\u0131\u011f\u0131 ve Do\u011fum\",\"publisher\":{\"@id\":\"https:\\\/\\\/duygumutlu.com\\\/en\\\/#\\\/schema\\\/person\\\/35a5ed156c4b9cec9a8edc151b539897\"},\"potentialAction\":[{\"@type\":\"SearchAction\",\"target\":{\"@type\":\"EntryPoint\",\"urlTemplate\":\"https:\\\/\\\/duygumutlu.com\\\/en\\\/?s={search_term_string}\"},\"query-input\":{\"@type\":\"PropertyValueSpecification\",\"valueRequired\":true,\"valueName\":\"search_term_string\"}}],\"inLanguage\":\"en-US\"},{\"@type\":[\"Person\",\"Organization\"],\"@id\":\"https:\\\/\\\/duygumutlu.com\\\/en\\\/#\\\/schema\\\/person\\\/35a5ed156c4b9cec9a8edc151b539897\",\"name\":\"Op. Dr. Duygu Mutlu\",\"image\":{\"@type\":\"ImageObject\",\"inLanguage\":\"en-US\",\"@id\":\"https:\\\/\\\/duygumutlu.com\\\/wp-content\\\/uploads\\\/2023\\\/10\\\/cropped-DuyguMutlu_Favicon.png\",\"url\":\"https:\\\/\\\/duygumutlu.com\\\/wp-content\\\/uploads\\\/2023\\\/10\\\/cropped-DuyguMutlu_Favicon.png\",\"contentUrl\":\"https:\\\/\\\/duygumutlu.com\\\/wp-content\\\/uploads\\\/2023\\\/10\\\/cropped-DuyguMutlu_Favicon.png\",\"width\":512,\"height\":512,\"caption\":\"Op. Dr. Duygu Mutlu\"},\"logo\":{\"@id\":\"https:\\\/\\\/duygumutlu.com\\\/wp-content\\\/uploads\\\/2023\\\/10\\\/cropped-DuyguMutlu_Favicon.png\"},\"sameAs\":[\"https:\\\/\\\/duygumutlu.com\",\"https:\\\/\\\/www.instagram.com\\\/opdrduygumutlu\\\/\",\"https:\\\/\\\/www.youtube.com\\\/channel\\\/UC-VgOCsb4G4pPcGjiFn6f6A\"]}]}<\/script>\n<!-- \/ Yoast SEO plugin. -->","yoast_head_json":{"title":"Water Birth | Op. Dr. Duygu Mutlu","description":"Water birth provides a peaceful birth for mother and baby by utilizing both the muscle and mental relaxing properties of water.","robots":{"index":"index","follow":"follow","max-snippet":"max-snippet:-1","max-image-preview":"max-image-preview:large","max-video-preview":"max-video-preview:-1"},"canonical":"https:\/\/duygumutlu.com\/en\/birth\/water-birth\/","og_locale":"en_US","og_type":"article","og_title":"Water Birth | Op. Dr. Duygu Mutlu","og_description":"Water birth provides a peaceful birth for mother and baby by utilizing both the muscle and mental relaxing properties of water.","og_url":"https:\/\/duygumutlu.com\/en\/birth\/water-birth\/","og_site_name":"Op. Dr. Duygu Mutlu","article_modified_time":"2026-02-22T21:45:44+00:00","og_image":[{"url":"https:\/\/duygumutlu.com\/wp-content\/uploads\/2022\/12\/suda_dogum_cover.webp","type":"","width":"","height":""}],"twitter_card":"summary_large_image","twitter_title":"Water Birth | Op. Dr. Duygu Mutlu","twitter_description":"Water birth provides a peaceful birth for mother and baby by utilizing both the muscle and mental relaxing properties of water.","twitter_image":"https:\/\/duygumutlu.com\/wp-content\/uploads\/2022\/12\/suda_dogum_cover.webp","twitter_misc":{"Est. reading time":"4 minutes"},"schema":{"@context":"https:\/\/schema.org","@graph":[{"@type":"WebPage","@id":"https:\/\/duygumutlu.com\/en\/birth\/water-birth\/","url":"https:\/\/duygumutlu.com\/en\/birth\/water-birth\/","name":"Water Birth | Op. Dr. Duygu Mutlu","isPartOf":{"@id":"https:\/\/duygumutlu.com\/en\/#website"},"primaryImageOfPage":{"@id":"https:\/\/duygumutlu.com\/en\/birth\/water-birth\/#primaryimage"},"image":{"@id":"https:\/\/duygumutlu.com\/en\/birth\/water-birth\/#primaryimage"},"thumbnailUrl":"https:\/\/duygumutlu.com\/wp-content\/uploads\/2022\/12\/suda_dogum_cover.webp","datePublished":"2022-10-20T22:04:15+00:00","dateModified":"2026-02-22T21:45:44+00:00","description":"Water birth provides a peaceful birth for mother and baby by utilizing both the muscle and mental relaxing properties of water.","breadcrumb":{"@id":"https:\/\/duygumutlu.com\/en\/birth\/water-birth\/#breadcrumb"},"inLanguage":"en-US","potentialAction":[{"@type":"ReadAction","target":["https:\/\/duygumutlu.com\/en\/birth\/water-birth\/"]}]},{"@type":"ImageObject","inLanguage":"en-US","@id":"https:\/\/duygumutlu.com\/en\/birth\/water-birth\/#primaryimage","url":"https:\/\/duygumutlu.com\/wp-content\/uploads\/2022\/12\/suda_dogum_cover.webp","contentUrl":"https:\/\/duygumutlu.com\/wp-content\/uploads\/2022\/12\/suda_dogum_cover.webp"},{"@type":"BreadcrumbList","@id":"https:\/\/duygumutlu.com\/en\/birth\/water-birth\/#breadcrumb","itemListElement":[{"@type":"ListItem","position":1,"name":"Ana Sayfa","item":"https:\/\/duygumutlu.com\/en\/"},{"@type":"ListItem","position":2,"name":"Birth","item":"https:\/\/duygumutlu.com\/en\/birth\/"},{"@type":"ListItem","position":3,"name":"Water Birth"}]},{"@type":"WebSite","@id":"https:\/\/duygumutlu.com\/en\/#website","url":"https:\/\/duygumutlu.com\/en\/","name":"Op. Dr. Duygu Mutlu","description":"Kad\u0131n Sa\u011fl\u0131\u011f\u0131 ve Do\u011fum","publisher":{"@id":"https:\/\/duygumutlu.com\/en\/#\/schema\/person\/35a5ed156c4b9cec9a8edc151b539897"},"potentialAction":[{"@type":"SearchAction","target":{"@type":"EntryPoint","urlTemplate":"https:\/\/duygumutlu.com\/en\/?s={search_term_string}"},"query-input":{"@type":"PropertyValueSpecification","valueRequired":true,"valueName":"search_term_string"}}],"inLanguage":"en-US"},{"@type":["Person","Organization"],"@id":"https:\/\/duygumutlu.com\/en\/#\/schema\/person\/35a5ed156c4b9cec9a8edc151b539897","name":"Op. Dr. Duygu Mutlu","image":{"@type":"ImageObject","inLanguage":"en-US","@id":"https:\/\/duygumutlu.com\/wp-content\/uploads\/2023\/10\/cropped-DuyguMutlu_Favicon.png","url":"https:\/\/duygumutlu.com\/wp-content\/uploads\/2023\/10\/cropped-DuyguMutlu_Favicon.png","contentUrl":"https:\/\/duygumutlu.com\/wp-content\/uploads\/2023\/10\/cropped-DuyguMutlu_Favicon.png","width":512,"height":512,"caption":"Op. Dr. Duygu Mutlu"},"logo":{"@id":"https:\/\/duygumutlu.com\/wp-content\/uploads\/2023\/10\/cropped-DuyguMutlu_Favicon.png"},"sameAs":["https:\/\/duygumutlu.com","https:\/\/www.instagram.com\/opdrduygumutlu\/","https:\/\/www.youtube.com\/channel\/UC-VgOCsb4G4pPcGjiFn6f6A"]}]}},"uagb_featured_image_src":{"full":false,"thumbnail":false,"medium":false,"medium_large":false,"large":false,"1536x1536":false,"2048x2048":false},"uagb_author_info":{"display_name":"Op. Dr. Duygu Mutlu","author_link":"https:\/\/duygumutlu.com\/en\/author\/drduygumutlu\/"},"uagb_comment_info":0,"uagb_excerpt":"Water birth is meeting the labor contractions in a special tub of warm water. In this journey to birth, the mother can choose to stay in the water only during the prenatal moments when she feels contractions, or she can choose to deliver her baby in the water if everything goes well and she wants&hellip;","_links":{"self":[{"href":"https:\/\/duygumutlu.com\/en\/wp-json\/wp\/v2\/pages\/3677","targetHints":{"allow":["GET"]}}],"collection":[{"href":"https:\/\/duygumutlu.com\/en\/wp-json\/wp\/v2\/pages"}],"about":[{"href":"https:\/\/duygumutlu.com\/en\/wp-json\/wp\/v2\/types\/page"}],"author":[{"embeddable":true,"href":"https:\/\/duygumutlu.com\/en\/wp-json\/wp\/v2\/users\/1"}],"replies":[{"embeddable":true,"href":"https:\/\/duygumutlu.com\/en\/wp-json\/wp\/v2\/comments?post=3677"}],"version-history":[{"count":7,"href":"https:\/\/duygumutlu.com\/en\/wp-json\/wp\/v2\/pages\/3677\/revisions"}],"predecessor-version":[{"id":4994,"href":"https:\/\/duygumutlu.com\/en\/wp-json\/wp\/v2\/pages\/3677\/revisions\/4994"}],"up":[{"embeddable":true,"href":"https:\/\/duygumutlu.com\/en\/wp-json\/wp\/v2\/pages\/3650"}],"wp:attachment":[{"href":"https:\/\/duygumutlu.com\/en\/wp-json\/wp\/v2\/media?parent=3677"}],"curies":[{"name":"wp","href":"https:\/\/api.w.org\/{rel}","templated":true}]}}