{"id":3884,"date":"2022-10-21T20:21:18","date_gmt":"2022-10-21T20:21:18","guid":{"rendered":"https:\/\/duygumutlu.com\/genital-aesthetics\/o-shot-and-g-shot\/"},"modified":"2026-02-22T21:36:38","modified_gmt":"2026-02-22T21:36:38","slug":"o-shot-and-g-shot","status":"publish","type":"page","link":"https:\/\/duygumutlu.com\/en\/genital-aesthetics\/o-shot-and-g-shot\/","title":{"rendered":"O-Shot and G-Shot"},"content":{"rendered":"\n<div class=\"wp-block-cover alignfull is-position-center-center\" style=\"min-height:500px;aspect-ratio:unset;\"><img loading=\"lazy\" decoding=\"async\" width=\"2560\" height=\"1707\" class=\"wp-block-cover__image-background wp-image-2254\" alt=\"G Noktas\u0131 Dolgusu ve Orgazm A\u015f\u0131s\u0131\" src=\"https:\/\/duygumutlu.com\/wp-content\/uploads\/2023\/05\/orgasm_asisi_cover-scaled.jpg\" data-object-fit=\"cover\" srcset=\"https:\/\/duygumutlu.com\/wp-content\/uploads\/2023\/05\/orgasm_asisi_cover-scaled.jpg 2560w, https:\/\/duygumutlu.com\/wp-content\/uploads\/2023\/05\/orgasm_asisi_cover-300x200.jpg 300w, https:\/\/duygumutlu.com\/wp-content\/uploads\/2023\/05\/orgasm_asisi_cover-1024x683.jpg 1024w, https:\/\/duygumutlu.com\/wp-content\/uploads\/2023\/05\/orgasm_asisi_cover-768x512.jpg 768w, https:\/\/duygumutlu.com\/wp-content\/uploads\/2023\/05\/orgasm_asisi_cover-1536x1024.jpg 1536w, https:\/\/duygumutlu.com\/wp-content\/uploads\/2023\/05\/orgasm_asisi_cover-2048x1365.jpg 2048w, https:\/\/duygumutlu.com\/wp-content\/uploads\/2023\/05\/orgasm_asisi_cover-1200x800.jpg 1200w, https:\/\/duygumutlu.com\/wp-content\/uploads\/2023\/05\/orgasm_asisi_cover-600x400.jpg 600w\" sizes=\"auto, (max-width: 2560px) 100vw, 2560px\" \/><span aria-hidden=\"true\" class=\"wp-block-cover__background has-ast-global-color-4-background-color has-background-dim-70 has-background-dim\"><\/span><div class=\"wp-block-cover__inner-container is-layout-flow wp-block-cover-is-layout-flow\">\n<h1 class=\"wp-block-heading has-text-align-center has-ast-global-color-0-color has-text-color\">O-Shot and G-Shot<\/h1>\n\n\n\n<p class=\"has-text-align-center has-ast-global-color-5-color has-text-color has-medium-font-size\">The G-spot is the name given to the area on the upper wall of the vagina adjacent to the clitoris, the existence of which is much discussed in scientific articles, no physically definite findings are found in anatomical studies; but it is thought to exist by many women.  <\/p>\n\n\n\n<p class=\"has-text-align-center has-medium-font-size\"><strong>Stimulation of this area<\/strong> during sexual intercourse increases the pleasure received and makes it easier to reach orgasm. For this reason, it is possible to revitalize this area and facilitate stimulation with various applications such as O-Shot or G-Shot Injection in our clinic.<\/p>\n\n\n\n<div class=\"wp-block-buttons is-vertical is-content-justification-center is-layout-flex wp-container-core-buttons-is-layout-734eb2c2 wp-block-buttons-is-layout-flex\">\n<div class=\"wp-block-button is-style-fill\"><a class=\"wp-block-button__link has-ast-global-color-4-color has-ast-global-color-0-background-color has-text-color has-background has-border-color has-ast-global-color-2-border-color has-medium-font-size has-custom-font-size wp-element-button\" href=\"https:\/\/api.whatsapp.com\/send?phone=905326567388\" style=\"border-radius:100px\">Make An Appointment<\/a><\/div>\n<\/div>\n<\/div><\/div>\n\n\n\n<div class=\"wp-block-cover is-light\" style=\"min-height:215px;aspect-ratio:unset;\"><span aria-hidden=\"true\" class=\"wp-block-cover__background has-white-background-color has-background-dim-100 has-background-dim\"><\/span><div class=\"wp-block-cover__inner-container is-layout-flow wp-block-cover-is-layout-flow\">\n<div class=\"wp-block-uagb-advanced-heading uagb-block-66f62bff\"><h2 class=\"uagb-heading-text\">Vaginal or Clitoral Orgasm? <\/h2><\/div>\n\n\n\n<p class=\"has-text-align-center has-black-color has-text-color has-medium-font-size\">In fact, all women have one orgasm and it is clitoral. Although the clitoris looks like a small area at the top of the labia minora, it actually consists of a tissue that can extend to the upper and side walls of the vagina. Orgasm during sexual intercourse occurs as a result of stimulation of the clitoral tissue. Because some women are more sensitive <a href=\"https:\/\/duygumutlu.com\/en\/genital-aesthetics\/vaginal-tightening\/\">to the stimulation at the opening of the vagina<\/a>, it is claimed that only the orgasm that develops with penetration is a vaginal orgasm, but in reality, there is only one type of orgasm and it occurs as a result of stimulation of the clitoris tissue.<\/p>\n<\/div><\/div>\n\n\n\n<div class=\"wp-block-group alignfull has-ast-global-color-0-background-color has-background is-layout-flow wp-block-group-is-layout-flow\">\n<h2 class=\"wp-block-heading has-text-align-center has-text-color\" style=\"color:#ffffff\"><strong>Contact Op. Dr. Duygu Mutlu. <\/strong><\/h2>\n\n\n\n<p class=\"has-text-align-center has-text-color\" style=\"color:#ffffff\">Contact us if you would like more detailed information about O-shot and G-shot or if you would like to discover the latest aesthetics technology in our clinic. <\/p>\n\n\n\n<div class=\"wp-block-buttons is-horizontal is-content-justification-center is-layout-flex wp-container-core-buttons-is-layout-03627597 wp-block-buttons-is-layout-flex\">\n<div class=\"wp-block-button is-style-circular\"><a class=\"wp-block-button__link has-ast-global-color-4-color has-ast-global-color-2-background-color has-text-color has-background wp-element-button\" href=\"tel:+90 532 656 73 88\"><strong>Make an Appointment<\/strong><\/a><\/div>\n\n\n\n<div class=\"wp-block-button is-style-circular\"><a class=\"wp-block-button__link has-ast-global-color-0-color has-ast-global-color-4-background-color has-text-color has-background wp-element-button\" href=\"https:\/\/api.whatsapp.com\/send?phone=905326567388\"><strong>Ask a Question<\/strong><\/a><\/div>\n\n\n\n<div class=\"wp-block-button is-style-circular\"><a class=\"wp-block-button__link has-ast-global-color-0-color has-ast-global-color-4-background-color has-text-color has-background wp-element-button\" href=\"https:\/\/www.instagram.com\/opdrduygumutlu\/\"><strong>Follow<\/strong><\/a><\/div>\n<\/div>\n\n\n\n<p><\/p>\n<\/div>\n\n\n\n<div class=\"wp-block-uagb-container uagb-block-c0c0ab3a alignfull uagb-is-root-container\"><div class=\"uagb-container-inner-blocks-wrap\">\n<div class=\"wp-block-uagb-advanced-heading uagb-block-83843e3d\"><h2 class=\"uagb-heading-text\">How to Facilitate Stimulation of the Clitoral Tissue?<\/h2><\/div>\n\n\n\n<p class=\"has-text-align-center has-medium-font-size\">In order to stimulate the clitoris adjacent to the vaginal wall more, we can perform various treatments two to three centimeters inside the vaginal opening to plump that area so that more stimulation can be sent to the clitoris during sexual intercourse. <\/p>\n\n\n\n<div class=\"wp-block-uagb-container uagb-block-02e9204e\">\n<div class=\"wp-block-uagb-container uagb-block-b9c36499\">\n<div class=\"wp-block-uagb-info-box uagb-block-cfc0467e uagb-infobox__content-wrap  uagb-infobox-icon-left uagb-infobox-left uagb-infobox-image-valign-middle\"><div class=\"uagb-ifb-content\"><div class=\"uagb-ifb-title-wrap\"><h4 class=\"uagb-ifb-title\"><strong>O-Shot<\/strong><\/h4><\/div><\/div><\/div>\n\n\n\n<p class=\"has-ast-global-color-0-color has-text-color\">The orgasm shot (O-Shot) allows the G-spot to be revitalized <strong>by applying PRP<\/strong> two to three centimeters inside the vaginal opening. PRP (Platelet-Rich Plasma) is obtained after the blood is taken from the patient&#8217;s arm and centrifuged in a special tube. The PRP obtained is injected into the vaginal wall, especially the G-spot area, with special needles. In this process, it is aimed to <strong>increase blood supply and tissue regeneration<\/strong> in the area where PRP is applied, thus increasing arousal during sexual intercourse. Since the O-shot is administered with very thin needles, no pain is felt.<\/p>\n<\/div>\n\n\n\n<div class=\"wp-block-uagb-container uagb-block-cf287e58\">\n<div class=\"wp-block-uagb-info-box uagb-block-1193c62e uagb-infobox__content-wrap  uagb-infobox-icon-left uagb-infobox-left uagb-infobox-image-valign-middle\"><div class=\"uagb-ifb-content\"><div class=\"uagb-ifb-title-wrap\"><h4 class=\"uagb-ifb-title\"><strong>G-Shot<\/strong><\/h4><\/div><\/div><\/div>\n\n\n\n<p class=\"has-ast-global-color-0-color has-text-color\">G-Spot Injection is a type of filler that targets the G-spot and is specially created for two to three centimeters inside of the vaginal opening. This injection, which contains <strong>hyaluronic acid<\/strong> is a temporary filling and maintains its effect for an average of two to three years. It is similar to the filling used in areas such as the nose and cheeks on our face. It is aimed to increase nerve stimulation as a result of contact of the filled area with the clitoris during sexual intercourse. The <strong>G-shot<\/strong> is performed within five minutes after the area is numbed with local anesthesia. No pain is observed during or after the procedure.<\/p>\n<\/div>\n<\/div>\n<\/div><\/div>\n\n\n\n<div class=\"wp-block-cover is-light\" style=\"min-height:71px;aspect-ratio:unset;\"><span aria-hidden=\"true\" class=\"wp-block-cover__background has-white-background-color has-background-dim-100 has-background-dim\"><\/span><div class=\"wp-block-cover__inner-container is-layout-flow wp-block-cover-is-layout-flow\">\n<div class=\"wp-block-uagb-advanced-heading uagb-block-15d4b0fd\"><h2 class=\"uagb-heading-text\">Who Can Get an O-Shot or G-Shot?<\/h2><\/div>\n\n\n\n<p class=\"has-text-align-center has-medium-font-size\">Apart from the pregnancy period, every woman who is not in her menstrual period can have this operation performed in clinic conditions in as little as five minutes at any time. After the procedure, the patient should take a break from sexual intercourse for two to three days. Apart from this, the patient <strong>can quickly return to her normal life<\/strong> and does not need any extra care after the application.<\/p>\n<\/div><\/div>\n","protected":false},"excerpt":{"rendered":"<p>Contact Op. Dr. Duygu Mutlu. Contact us if you would like more detailed information about O-shot and G-shot or if you would like to discover the latest aesthetics technology in our clinic. How to Facilitate Stimulation of the Clitoral Tissue? In order to stimulate the clitoris adjacent to the vaginal wall more, we can perform [&hellip;]<\/p>\n","protected":false},"author":1,"featured_media":0,"parent":3801,"menu_order":7,"comment_status":"closed","ping_status":"closed","template":"","meta":{"_coblocks_attr":"","_coblocks_dimensions":"","_coblocks_responsive_height":"","_coblocks_accordion_ie_support":"","_uag_custom_page_level_css":"","site-sidebar-layout":"default","site-content-layout":"","ast-site-content-layout":"default","site-content-style":"default","site-sidebar-style":"default","ast-global-header-display":"","ast-banner-title-visibility":"","ast-main-header-display":"","ast-hfb-above-header-display":"","ast-hfb-below-header-display":"","ast-hfb-mobile-header-display":"","site-post-title":"","ast-breadcrumbs-content":"","ast-featured-img":"","footer-sml-layout":"","ast-disable-related-posts":"","theme-transparent-header-meta":"","adv-header-id-meta":"","stick-header-meta":"","header-above-stick-meta":"","header-main-stick-meta":"","header-below-stick-meta":"","astra-migrate-meta-layouts":"set","ast-page-background-enabled":"default","ast-page-background-meta":{"desktop":{"background-color":"var(--ast-global-color-4)","background-image":"","background-repeat":"repeat","background-position":"center center","background-size":"auto","background-attachment":"scroll","background-type":"","background-media":"","overlay-type":"","overlay-color":"","overlay-opacity":"","overlay-gradient":""},"tablet":{"background-color":"","background-image":"","background-repeat":"repeat","background-position":"center center","background-size":"auto","background-attachment":"scroll","background-type":"","background-media":"","overlay-type":"","overlay-color":"","overlay-opacity":"","overlay-gradient":""},"mobile":{"background-color":"","background-image":"","background-repeat":"repeat","background-position":"center center","background-size":"auto","background-attachment":"scroll","background-type":"","background-media":"","overlay-type":"","overlay-color":"","overlay-opacity":"","overlay-gradient":""}},"ast-content-background-meta":{"desktop":{"background-color":"var(--ast-global-color-5)","background-image":"","background-repeat":"repeat","background-position":"center center","background-size":"auto","background-attachment":"scroll","background-type":"","background-media":"","overlay-type":"","overlay-color":"","overlay-opacity":"","overlay-gradient":""},"tablet":{"background-color":"var(--ast-global-color-5)","background-image":"","background-repeat":"repeat","background-position":"center center","background-size":"auto","background-attachment":"scroll","background-type":"","background-media":"","overlay-type":"","overlay-color":"","overlay-opacity":"","overlay-gradient":""},"mobile":{"background-color":"var(--ast-global-color-5)","background-image":"","background-repeat":"repeat","background-position":"center center","background-size":"auto","background-attachment":"scroll","background-type":"","background-media":"","overlay-type":"","overlay-color":"","overlay-opacity":"","overlay-gradient":""}},"footnotes":""},"class_list":["post-3884","page","type-page","status-publish","hentry"],"yoast_head":"<!-- This site is optimized with the Yoast SEO plugin v27.5 - https:\/\/yoast.com\/product\/yoast-seo-wordpress\/ -->\n<title>O-Shot and G-Shot | Op. Dr. Duygu Mutlu<\/title>\n<meta name=\"description\" content=\"O-Shot and G-Shot Injection revitalizes the vaginal opening, facilitates clitoris stimulation, and increases the pleasure of sexual intercourse.\" \/>\n<meta name=\"robots\" content=\"index, follow, max-snippet:-1, max-image-preview:large, max-video-preview:-1\" \/>\n<link rel=\"canonical\" href=\"https:\/\/duygumutlu.com\/en\/genital-aesthetics\/o-shot-and-g-shot\/\" \/>\n<meta property=\"og:locale\" content=\"en_US\" \/>\n<meta property=\"og:type\" content=\"article\" \/>\n<meta property=\"og:title\" content=\"O-Shot and G-Shot | Op. Dr. Duygu Mutlu\" \/>\n<meta property=\"og:description\" content=\"O-Shot or G-Spot Injection revitalizes the vaginal opening, facilitates clitoris stimulation, and increases the pleasure of sexual intercourse.\" \/>\n<meta property=\"og:url\" content=\"https:\/\/duygumutlu.com\/en\/genital-aesthetics\/o-shot-and-g-shot\/\" \/>\n<meta property=\"og:site_name\" content=\"Op. Dr. Duygu Mutlu\" \/>\n<meta property=\"article:modified_time\" content=\"2026-02-22T21:36:38+00:00\" \/>\n<meta property=\"og:image\" content=\"https:\/\/duygumutlu.com\/wp-content\/uploads\/2023\/05\/orgasm_asisi_cover-1024x683.jpg\" \/>\n<meta name=\"twitter:card\" content=\"summary_large_image\" \/>\n<meta name=\"twitter:title\" content=\"O-Shot and G-Shot | Op. Dr. Duygu Mutlu\" \/>\n<meta name=\"twitter:description\" content=\"O-Shot or G-Spot Injection revitalizes the vaginal opening, facilitates clitoris stimulation, and increases the pleasure of sexual intercourse.\" \/>\n<meta name=\"twitter:image\" content=\"https:\/\/duygumutlu.com\/wp-content\/uploads\/2023\/05\/orgasm_asisi_cover-1024x683.jpg\" \/>\n<meta name=\"twitter:label1\" content=\"Est. reading time\" \/>\n\t<meta name=\"twitter:data1\" content=\"4 minutes\" \/>\n<script type=\"application\/ld+json\" class=\"yoast-schema-graph\">{\"@context\":\"https:\\\/\\\/schema.org\",\"@graph\":[{\"@type\":\"WebPage\",\"@id\":\"https:\\\/\\\/duygumutlu.com\\\/en\\\/genital-aesthetics\\\/o-shot-and-g-shot\\\/\",\"url\":\"https:\\\/\\\/duygumutlu.com\\\/en\\\/genital-aesthetics\\\/o-shot-and-g-shot\\\/\",\"name\":\"O-Shot and G-Shot | Op. Dr. Duygu Mutlu\",\"isPartOf\":{\"@id\":\"https:\\\/\\\/duygumutlu.com\\\/en\\\/#website\"},\"primaryImageOfPage\":{\"@id\":\"https:\\\/\\\/duygumutlu.com\\\/en\\\/genital-aesthetics\\\/o-shot-and-g-shot\\\/#primaryimage\"},\"image\":{\"@id\":\"https:\\\/\\\/duygumutlu.com\\\/en\\\/genital-aesthetics\\\/o-shot-and-g-shot\\\/#primaryimage\"},\"thumbnailUrl\":\"https:\\\/\\\/duygumutlu.com\\\/wp-content\\\/uploads\\\/2023\\\/05\\\/orgasm_asisi_cover-scaled.jpg\",\"datePublished\":\"2022-10-21T20:21:18+00:00\",\"dateModified\":\"2026-02-22T21:36:38+00:00\",\"description\":\"O-Shot and G-Shot Injection revitalizes the vaginal opening, facilitates clitoris stimulation, and increases the pleasure of sexual intercourse.\",\"breadcrumb\":{\"@id\":\"https:\\\/\\\/duygumutlu.com\\\/en\\\/genital-aesthetics\\\/o-shot-and-g-shot\\\/#breadcrumb\"},\"inLanguage\":\"en-US\",\"potentialAction\":[{\"@type\":\"ReadAction\",\"target\":[\"https:\\\/\\\/duygumutlu.com\\\/en\\\/genital-aesthetics\\\/o-shot-and-g-shot\\\/\"]}]},{\"@type\":\"ImageObject\",\"inLanguage\":\"en-US\",\"@id\":\"https:\\\/\\\/duygumutlu.com\\\/en\\\/genital-aesthetics\\\/o-shot-and-g-shot\\\/#primaryimage\",\"url\":\"https:\\\/\\\/duygumutlu.com\\\/wp-content\\\/uploads\\\/2023\\\/05\\\/orgasm_asisi_cover-scaled.jpg\",\"contentUrl\":\"https:\\\/\\\/duygumutlu.com\\\/wp-content\\\/uploads\\\/2023\\\/05\\\/orgasm_asisi_cover-scaled.jpg\"},{\"@type\":\"BreadcrumbList\",\"@id\":\"https:\\\/\\\/duygumutlu.com\\\/en\\\/genital-aesthetics\\\/o-shot-and-g-shot\\\/#breadcrumb\",\"itemListElement\":[{\"@type\":\"ListItem\",\"position\":1,\"name\":\"Ana Sayfa\",\"item\":\"https:\\\/\\\/duygumutlu.com\\\/en\\\/\"},{\"@type\":\"ListItem\",\"position\":2,\"name\":\"Genital Aesthetics\",\"item\":\"https:\\\/\\\/duygumutlu.com\\\/en\\\/genital-aesthetics\\\/\"},{\"@type\":\"ListItem\",\"position\":3,\"name\":\"O-Shot and G-Shot\"}]},{\"@type\":\"WebSite\",\"@id\":\"https:\\\/\\\/duygumutlu.com\\\/en\\\/#website\",\"url\":\"https:\\\/\\\/duygumutlu.com\\\/en\\\/\",\"name\":\"Op. Dr. Duygu Mutlu\",\"description\":\"Kad\u0131n Sa\u011fl\u0131\u011f\u0131 ve Do\u011fum\",\"publisher\":{\"@id\":\"https:\\\/\\\/duygumutlu.com\\\/en\\\/#\\\/schema\\\/person\\\/35a5ed156c4b9cec9a8edc151b539897\"},\"potentialAction\":[{\"@type\":\"SearchAction\",\"target\":{\"@type\":\"EntryPoint\",\"urlTemplate\":\"https:\\\/\\\/duygumutlu.com\\\/en\\\/?s={search_term_string}\"},\"query-input\":{\"@type\":\"PropertyValueSpecification\",\"valueRequired\":true,\"valueName\":\"search_term_string\"}}],\"inLanguage\":\"en-US\"},{\"@type\":[\"Person\",\"Organization\"],\"@id\":\"https:\\\/\\\/duygumutlu.com\\\/en\\\/#\\\/schema\\\/person\\\/35a5ed156c4b9cec9a8edc151b539897\",\"name\":\"Op. Dr. Duygu Mutlu\",\"image\":{\"@type\":\"ImageObject\",\"inLanguage\":\"en-US\",\"@id\":\"https:\\\/\\\/duygumutlu.com\\\/wp-content\\\/uploads\\\/2023\\\/10\\\/cropped-DuyguMutlu_Favicon.png\",\"url\":\"https:\\\/\\\/duygumutlu.com\\\/wp-content\\\/uploads\\\/2023\\\/10\\\/cropped-DuyguMutlu_Favicon.png\",\"contentUrl\":\"https:\\\/\\\/duygumutlu.com\\\/wp-content\\\/uploads\\\/2023\\\/10\\\/cropped-DuyguMutlu_Favicon.png\",\"width\":512,\"height\":512,\"caption\":\"Op. Dr. Duygu Mutlu\"},\"logo\":{\"@id\":\"https:\\\/\\\/duygumutlu.com\\\/wp-content\\\/uploads\\\/2023\\\/10\\\/cropped-DuyguMutlu_Favicon.png\"},\"sameAs\":[\"https:\\\/\\\/duygumutlu.com\",\"https:\\\/\\\/www.instagram.com\\\/opdrduygumutlu\\\/\",\"https:\\\/\\\/www.youtube.com\\\/channel\\\/UC-VgOCsb4G4pPcGjiFn6f6A\"]}]}<\/script>\n<!-- \/ Yoast SEO plugin. -->","yoast_head_json":{"title":"O-Shot and G-Shot | Op. Dr. Duygu Mutlu","description":"O-Shot and G-Shot Injection revitalizes the vaginal opening, facilitates clitoris stimulation, and increases the pleasure of sexual intercourse.","robots":{"index":"index","follow":"follow","max-snippet":"max-snippet:-1","max-image-preview":"max-image-preview:large","max-video-preview":"max-video-preview:-1"},"canonical":"https:\/\/duygumutlu.com\/en\/genital-aesthetics\/o-shot-and-g-shot\/","og_locale":"en_US","og_type":"article","og_title":"O-Shot and G-Shot | Op. Dr. Duygu Mutlu","og_description":"O-Shot or G-Spot Injection revitalizes the vaginal opening, facilitates clitoris stimulation, and increases the pleasure of sexual intercourse.","og_url":"https:\/\/duygumutlu.com\/en\/genital-aesthetics\/o-shot-and-g-shot\/","og_site_name":"Op. Dr. Duygu Mutlu","article_modified_time":"2026-02-22T21:36:38+00:00","og_image":[{"url":"https:\/\/duygumutlu.com\/wp-content\/uploads\/2023\/05\/orgasm_asisi_cover-1024x683.jpg","type":"","width":"","height":""}],"twitter_card":"summary_large_image","twitter_title":"O-Shot and G-Shot | Op. Dr. Duygu Mutlu","twitter_description":"O-Shot or G-Spot Injection revitalizes the vaginal opening, facilitates clitoris stimulation, and increases the pleasure of sexual intercourse.","twitter_image":"https:\/\/duygumutlu.com\/wp-content\/uploads\/2023\/05\/orgasm_asisi_cover-1024x683.jpg","twitter_misc":{"Est. reading time":"4 minutes"},"schema":{"@context":"https:\/\/schema.org","@graph":[{"@type":"WebPage","@id":"https:\/\/duygumutlu.com\/en\/genital-aesthetics\/o-shot-and-g-shot\/","url":"https:\/\/duygumutlu.com\/en\/genital-aesthetics\/o-shot-and-g-shot\/","name":"O-Shot and G-Shot | Op. Dr. Duygu Mutlu","isPartOf":{"@id":"https:\/\/duygumutlu.com\/en\/#website"},"primaryImageOfPage":{"@id":"https:\/\/duygumutlu.com\/en\/genital-aesthetics\/o-shot-and-g-shot\/#primaryimage"},"image":{"@id":"https:\/\/duygumutlu.com\/en\/genital-aesthetics\/o-shot-and-g-shot\/#primaryimage"},"thumbnailUrl":"https:\/\/duygumutlu.com\/wp-content\/uploads\/2023\/05\/orgasm_asisi_cover-scaled.jpg","datePublished":"2022-10-21T20:21:18+00:00","dateModified":"2026-02-22T21:36:38+00:00","description":"O-Shot and G-Shot Injection revitalizes the vaginal opening, facilitates clitoris stimulation, and increases the pleasure of sexual intercourse.","breadcrumb":{"@id":"https:\/\/duygumutlu.com\/en\/genital-aesthetics\/o-shot-and-g-shot\/#breadcrumb"},"inLanguage":"en-US","potentialAction":[{"@type":"ReadAction","target":["https:\/\/duygumutlu.com\/en\/genital-aesthetics\/o-shot-and-g-shot\/"]}]},{"@type":"ImageObject","inLanguage":"en-US","@id":"https:\/\/duygumutlu.com\/en\/genital-aesthetics\/o-shot-and-g-shot\/#primaryimage","url":"https:\/\/duygumutlu.com\/wp-content\/uploads\/2023\/05\/orgasm_asisi_cover-scaled.jpg","contentUrl":"https:\/\/duygumutlu.com\/wp-content\/uploads\/2023\/05\/orgasm_asisi_cover-scaled.jpg"},{"@type":"BreadcrumbList","@id":"https:\/\/duygumutlu.com\/en\/genital-aesthetics\/o-shot-and-g-shot\/#breadcrumb","itemListElement":[{"@type":"ListItem","position":1,"name":"Ana Sayfa","item":"https:\/\/duygumutlu.com\/en\/"},{"@type":"ListItem","position":2,"name":"Genital Aesthetics","item":"https:\/\/duygumutlu.com\/en\/genital-aesthetics\/"},{"@type":"ListItem","position":3,"name":"O-Shot and G-Shot"}]},{"@type":"WebSite","@id":"https:\/\/duygumutlu.com\/en\/#website","url":"https:\/\/duygumutlu.com\/en\/","name":"Op. Dr. Duygu Mutlu","description":"Kad\u0131n Sa\u011fl\u0131\u011f\u0131 ve Do\u011fum","publisher":{"@id":"https:\/\/duygumutlu.com\/en\/#\/schema\/person\/35a5ed156c4b9cec9a8edc151b539897"},"potentialAction":[{"@type":"SearchAction","target":{"@type":"EntryPoint","urlTemplate":"https:\/\/duygumutlu.com\/en\/?s={search_term_string}"},"query-input":{"@type":"PropertyValueSpecification","valueRequired":true,"valueName":"search_term_string"}}],"inLanguage":"en-US"},{"@type":["Person","Organization"],"@id":"https:\/\/duygumutlu.com\/en\/#\/schema\/person\/35a5ed156c4b9cec9a8edc151b539897","name":"Op. Dr. Duygu Mutlu","image":{"@type":"ImageObject","inLanguage":"en-US","@id":"https:\/\/duygumutlu.com\/wp-content\/uploads\/2023\/10\/cropped-DuyguMutlu_Favicon.png","url":"https:\/\/duygumutlu.com\/wp-content\/uploads\/2023\/10\/cropped-DuyguMutlu_Favicon.png","contentUrl":"https:\/\/duygumutlu.com\/wp-content\/uploads\/2023\/10\/cropped-DuyguMutlu_Favicon.png","width":512,"height":512,"caption":"Op. Dr. Duygu Mutlu"},"logo":{"@id":"https:\/\/duygumutlu.com\/wp-content\/uploads\/2023\/10\/cropped-DuyguMutlu_Favicon.png"},"sameAs":["https:\/\/duygumutlu.com","https:\/\/www.instagram.com\/opdrduygumutlu\/","https:\/\/www.youtube.com\/channel\/UC-VgOCsb4G4pPcGjiFn6f6A"]}]}},"uagb_featured_image_src":{"full":false,"thumbnail":false,"medium":false,"medium_large":false,"large":false,"1536x1536":false,"2048x2048":false},"uagb_author_info":{"display_name":"Op. Dr. Duygu Mutlu","author_link":"https:\/\/duygumutlu.com\/en\/author\/drduygumutlu\/"},"uagb_comment_info":0,"uagb_excerpt":"Contact Op. Dr. Duygu Mutlu. Contact us if you would like more detailed information about O-shot and G-shot or if you would like to discover the latest aesthetics technology in our clinic. How to Facilitate Stimulation of the Clitoral Tissue? In order to stimulate the clitoris adjacent to the vaginal wall more, we can perform&hellip;","_links":{"self":[{"href":"https:\/\/duygumutlu.com\/en\/wp-json\/wp\/v2\/pages\/3884","targetHints":{"allow":["GET"]}}],"collection":[{"href":"https:\/\/duygumutlu.com\/en\/wp-json\/wp\/v2\/pages"}],"about":[{"href":"https:\/\/duygumutlu.com\/en\/wp-json\/wp\/v2\/types\/page"}],"author":[{"embeddable":true,"href":"https:\/\/duygumutlu.com\/en\/wp-json\/wp\/v2\/users\/1"}],"replies":[{"embeddable":true,"href":"https:\/\/duygumutlu.com\/en\/wp-json\/wp\/v2\/comments?post=3884"}],"version-history":[{"count":8,"href":"https:\/\/duygumutlu.com\/en\/wp-json\/wp\/v2\/pages\/3884\/revisions"}],"predecessor-version":[{"id":4978,"href":"https:\/\/duygumutlu.com\/en\/wp-json\/wp\/v2\/pages\/3884\/revisions\/4978"}],"up":[{"embeddable":true,"href":"https:\/\/duygumutlu.com\/en\/wp-json\/wp\/v2\/pages\/3801"}],"wp:attachment":[{"href":"https:\/\/duygumutlu.com\/en\/wp-json\/wp\/v2\/media?parent=3884"}],"curies":[{"name":"wp","href":"https:\/\/api.w.org\/{rel}","templated":true}]}}