{"id":3886,"date":"2022-10-21T20:22:25","date_gmt":"2022-10-21T20:22:25","guid":{"rendered":"https:\/\/duygumutlu.com\/genital-aesthetics\/vaginal-dryness\/"},"modified":"2026-02-22T21:36:48","modified_gmt":"2026-02-22T21:36:48","slug":"vaginal-dryness","status":"publish","type":"page","link":"https:\/\/duygumutlu.com\/en\/genital-aesthetics\/vaginal-dryness\/","title":{"rendered":"Vaginal Dryness"},"content":{"rendered":"\n<div class=\"wp-block-cover alignfull is-position-center-center\" style=\"min-height:500px;aspect-ratio:unset;\"><img loading=\"lazy\" decoding=\"async\" width=\"1400\" height=\"788\" class=\"wp-block-cover__image-background wp-image-2374\" alt=\"vajinal kuruluk\" src=\"https:\/\/duygumutlu.com\/wp-content\/uploads\/2023\/06\/vajinal_kuruluk_cover.png\" data-object-fit=\"cover\" srcset=\"https:\/\/duygumutlu.com\/wp-content\/uploads\/2023\/06\/vajinal_kuruluk_cover.png 1400w, https:\/\/duygumutlu.com\/wp-content\/uploads\/2023\/06\/vajinal_kuruluk_cover-300x169.png 300w, https:\/\/duygumutlu.com\/wp-content\/uploads\/2023\/06\/vajinal_kuruluk_cover-1024x576.png 1024w, https:\/\/duygumutlu.com\/wp-content\/uploads\/2023\/06\/vajinal_kuruluk_cover-768x432.png 768w\" sizes=\"auto, (max-width: 1400px) 100vw, 1400px\" \/><span aria-hidden=\"true\" class=\"wp-block-cover__background has-ast-global-color-4-background-color has-background-dim-70 has-background-dim\"><\/span><div class=\"wp-block-cover__inner-container is-layout-flow wp-block-cover-is-layout-flow\">\n<h1 class=\"wp-block-heading has-text-align-center has-ast-global-color-0-color has-text-color\">Vaginal Dryness<\/h1>\n\n\n\n<p class=\"has-text-align-center has-ast-global-color-5-color has-text-color has-medium-font-size\">Vaginal dryness is a painful syndrome that occurs with loss of moisture in the vaginal tract, which is usually seen in cases where estrogen levels decrease or with menopause in older ages. This situation also causes sexual intercourse to be painful and difficult. <\/p>\n\n\n\n<p class=\"has-text-align-center has-ast-global-color-5-color has-text-color has-medium-font-size\">Women may also experience sensitivity, pain, and pressure in the vaginal area in their daily lives. For this reason, the <strong>PRP<\/strong> and <strong><a href=\"https:\/\/duygumutlu.com\/en\/genital-aesthetics\/monalisa-touch-laser-treatment\/\">laser treatments<\/a><\/strong> are aimed to treat this condition.<\/p>\n\n\n\n<div class=\"wp-block-buttons is-vertical is-content-justification-center is-layout-flex wp-container-core-buttons-is-layout-734eb2c2 wp-block-buttons-is-layout-flex\">\n<div class=\"wp-block-button is-style-fill\"><a class=\"wp-block-button__link has-ast-global-color-4-color has-ast-global-color-0-background-color has-text-color has-background has-border-color has-ast-global-color-2-border-color has-medium-font-size has-custom-font-size wp-element-button\" href=\"https:\/\/api.whatsapp.com\/send?phone=905326567388\" style=\"border-radius:100px\">Make An Appointment<\/a><\/div>\n<\/div>\n<\/div><\/div>\n\n\n\n<div class=\"wp-block-cover is-light\" style=\"min-height:194px;aspect-ratio:unset;\"><span aria-hidden=\"true\" class=\"wp-block-cover__background has-white-background-color has-background-dim-100 has-background-dim\"><\/span><div class=\"wp-block-cover__inner-container is-layout-flow wp-block-cover-is-layout-flow\">\n<div class=\"wp-block-uagb-advanced-heading uagb-block-f8764ff9\"><h2 class=\"uagb-heading-text\">What Causes Vaginal Dryness<\/h2><\/div>\n\n\n\n<p class=\"has-text-align-center has-black-color has-text-color has-medium-font-size\">The level of estrogen hormone in women decreases during <a href=\"https:\/\/duygumutlu.com\/jinekoloji\/menopoz\/\">menopause<\/a>, pregnancy, and breastfeeding. This drop in the level of the hormone estrogen is the main cause of vaginal dryness. In addition, some antidepressants and birth control pills are also observed as a cause for this condition. Genital disorders can also be another cause of this syndrome. If you have recurrent infections in your vagina, if your vaginal flora is thrown off balance, or if you suffer from Sj\u00f6gren&#8217;s syndrome, you may experience vaginal dryness.<\/p>\n<\/div><\/div>\n\n\n\n<div class=\"wp-block-group alignfull has-ast-global-color-0-background-color has-background is-layout-flow wp-block-group-is-layout-flow\">\n<h2 class=\"wp-block-heading has-text-align-center has-text-color\" style=\"color:#ffffff\"><strong>Contact Op. Dr. Duygu Mutlu. <\/strong><\/h2>\n\n\n\n<p class=\"has-text-align-center has-text-color\" style=\"color:#ffffff\">Contact us if you would like to get more detailed information about vaginal dryness treatments or to discover the latest technology applications in our clinic.  <\/p>\n\n\n\n<div class=\"wp-block-buttons is-horizontal is-content-justification-center is-layout-flex wp-container-core-buttons-is-layout-03627597 wp-block-buttons-is-layout-flex\">\n<div class=\"wp-block-button is-style-circular\"><a class=\"wp-block-button__link has-ast-global-color-4-color has-ast-global-color-2-background-color has-text-color has-background wp-element-button\" href=\"tel:+90 532 656 73 88\"><strong>Make an Appointment<\/strong><\/a><\/div>\n\n\n\n<div class=\"wp-block-button is-style-circular\"><a class=\"wp-block-button__link has-ast-global-color-0-color has-ast-global-color-4-background-color has-text-color has-background wp-element-button\" href=\"https:\/\/api.whatsapp.com\/send?phone=905326567388\"><strong>Ask a Question<\/strong><\/a><\/div>\n\n\n\n<div class=\"wp-block-button is-style-circular\"><a class=\"wp-block-button__link has-ast-global-color-0-color has-ast-global-color-4-background-color has-text-color has-background wp-element-button\" href=\"https:\/\/www.instagram.com\/opdrduygumutlu\/\"><strong>Follow<\/strong><\/a><\/div>\n<\/div>\n\n\n\n<p><\/p>\n<\/div>\n\n\n\n<div class=\"wp-block-cover is-light has-custom-content-position is-position-top-center\" style=\"min-height:250px;aspect-ratio:unset;\"><span aria-hidden=\"true\" class=\"wp-block-cover__background has-white-background-color has-background-dim-100 has-background-dim\"><\/span><div class=\"wp-block-cover__inner-container is-layout-flow wp-block-cover-is-layout-flow\">\n<div class=\"wp-block-uagb-advanced-heading uagb-block-0e847369\"><h2 class=\"uagb-heading-text\">Treatment Methods For Vaginal Dryness<\/h2><\/div>\n\n\n\n<p class=\"has-text-align-center has-medium-font-size\">Vaginal dryness is a condition that can be treated with different methods. After determining the reasons that cause this discomfort, you can regain your health in a very short time with the most appropriate treatment method for your needs.  <\/p>\n\n\n\n<div class=\"wp-block-uagb-container uagb-block-53e78bb4 alignfull uagb-is-root-container\"><div class=\"uagb-container-inner-blocks-wrap\">\n<div class=\"wp-block-uagb-container uagb-block-8dec3bb3\">\n<div class=\"wp-block-uagb-info-box uagb-block-4f329608 uagb-infobox__content-wrap  uagb-infobox-icon-above-title uagb-infobox-image-valign-top\"><div class=\"uagb-ifb-content\"><div class=\"uagb-ifb-title-wrap\"><h3 class=\"uagb-ifb-title\"><strong>Laser<\/strong> <strong>Treatment<\/strong><\/h3><\/div><p class=\"uagb-ifb-desc\">If you are not pregnant, it is possible to perform <strong>vaginal rejuvenation<\/strong> (skin rejuvenation) to the vaginal opening and canal with a laser. With the MonaLisa Touch devices we use in our clinic, we can complete this procedure in a very short time so that you don&#8217;t feel any pain and return to your daily life immediately. In laser treatment, we can usually finalize your vaginal dryness in three sessions, once a month.<\/p><\/div><\/div>\n<\/div>\n\n\n\n<div class=\"wp-block-uagb-container uagb-block-8a463aef\">\n<div class=\"wp-block-uagb-info-box uagb-block-9f6e1574 uagb-infobox__content-wrap  uagb-infobox-icon-above-title uagb-infobox-image-valign-top\"><div class=\"uagb-ifb-content\"><div class=\"uagb-ifb-title-wrap\"><h3 class=\"uagb-ifb-title\"><strong>PRP Treatment<\/strong><\/h3><\/div><p class=\"uagb-ifb-desc\">PRP applied along the vaginal opening and canal allows the vagina to regenerate, increase blood circulation and thus <strong>restore moisture balance <\/strong>. In our clinic, laser and PRP applications are usually combined to reinforce the effect of the treatment. Like laser treatment, PRP applications produce very satisfactory results when three sessions are performed once a month.<\/p><\/div><\/div>\n<\/div>\n\n\n\n<div class=\"wp-block-uagb-container uagb-block-f288bd66\">\n<div class=\"wp-block-uagb-info-box uagb-block-0c87dede uagb-infobox__content-wrap  uagb-infobox-icon-above-title uagb-infobox-image-valign-top\"><div class=\"uagb-ifb-content\"><div class=\"uagb-ifb-title-wrap\"><h3 class=\"uagb-ifb-title\"><strong>Medical Treatment<\/strong><\/h3><\/div><p class=\"uagb-ifb-desc\">Especially in our menopausal patients, <strong>bio-equivalent hormone replacement therapies<\/strong> and some estrogen creams can be applied locally into the vagina in dryness due to estrogen deficiency. However, in the presence of infection, it is important to treat the infection first. Good to keep in mind that, lubricant gels have no therapeutic properties; they only provide temporary relief during intercourse.<\/p><\/div><\/div>\n<\/div>\n<\/div><\/div>\n<\/div><\/div>\n","protected":false},"excerpt":{"rendered":"<p>Contact Op. Dr. Duygu Mutlu. Contact us if you would like to get more detailed information about vaginal dryness treatments or to discover the latest technology applications in our clinic.<\/p>\n","protected":false},"author":1,"featured_media":0,"parent":3801,"menu_order":8,"comment_status":"closed","ping_status":"closed","template":"","meta":{"_coblocks_attr":"","_coblocks_dimensions":"","_coblocks_responsive_height":"","_coblocks_accordion_ie_support":"","_uag_custom_page_level_css":"","site-sidebar-layout":"default","site-content-layout":"","ast-site-content-layout":"default","site-content-style":"default","site-sidebar-style":"default","ast-global-header-display":"","ast-banner-title-visibility":"","ast-main-header-display":"","ast-hfb-above-header-display":"","ast-hfb-below-header-display":"","ast-hfb-mobile-header-display":"","site-post-title":"","ast-breadcrumbs-content":"","ast-featured-img":"","footer-sml-layout":"","ast-disable-related-posts":"","theme-transparent-header-meta":"","adv-header-id-meta":"","stick-header-meta":"","header-above-stick-meta":"","header-main-stick-meta":"","header-below-stick-meta":"","astra-migrate-meta-layouts":"set","ast-page-background-enabled":"default","ast-page-background-meta":{"desktop":{"background-color":"var(--ast-global-color-4)","background-image":"","background-repeat":"repeat","background-position":"center center","background-size":"auto","background-attachment":"scroll","background-type":"","background-media":"","overlay-type":"","overlay-color":"","overlay-opacity":"","overlay-gradient":""},"tablet":{"background-color":"","background-image":"","background-repeat":"repeat","background-position":"center center","background-size":"auto","background-attachment":"scroll","background-type":"","background-media":"","overlay-type":"","overlay-color":"","overlay-opacity":"","overlay-gradient":""},"mobile":{"background-color":"","background-image":"","background-repeat":"repeat","background-position":"center center","background-size":"auto","background-attachment":"scroll","background-type":"","background-media":"","overlay-type":"","overlay-color":"","overlay-opacity":"","overlay-gradient":""}},"ast-content-background-meta":{"desktop":{"background-color":"var(--ast-global-color-5)","background-image":"","background-repeat":"repeat","background-position":"center center","background-size":"auto","background-attachment":"scroll","background-type":"","background-media":"","overlay-type":"","overlay-color":"","overlay-opacity":"","overlay-gradient":""},"tablet":{"background-color":"var(--ast-global-color-5)","background-image":"","background-repeat":"repeat","background-position":"center center","background-size":"auto","background-attachment":"scroll","background-type":"","background-media":"","overlay-type":"","overlay-color":"","overlay-opacity":"","overlay-gradient":""},"mobile":{"background-color":"var(--ast-global-color-5)","background-image":"","background-repeat":"repeat","background-position":"center center","background-size":"auto","background-attachment":"scroll","background-type":"","background-media":"","overlay-type":"","overlay-color":"","overlay-opacity":"","overlay-gradient":""}},"footnotes":""},"class_list":["post-3886","page","type-page","status-publish","hentry"],"yoast_head":"<!-- This site is optimized with the Yoast SEO plugin v27.5 - https:\/\/yoast.com\/product\/yoast-seo-wordpress\/ -->\n<title>Vaginal Dryness | Op. Dr. Duygu Mutlu<\/title>\n<meta name=\"description\" content=\"Vaginal dryness treatment aims to relieve vaginal dryness associated with low estrogen levels or menopause.\" \/>\n<meta name=\"robots\" content=\"index, follow, max-snippet:-1, max-image-preview:large, max-video-preview:-1\" \/>\n<link rel=\"canonical\" href=\"https:\/\/duygumutlu.com\/en\/genital-aesthetics\/vaginal-dryness\/\" \/>\n<meta property=\"og:locale\" content=\"en_US\" \/>\n<meta property=\"og:type\" content=\"article\" \/>\n<meta property=\"og:title\" content=\"Vaginal Dryness | Op. Dr. Duygu Mutlu\" \/>\n<meta property=\"og:description\" content=\"Vaginal dryness treatment aims to relieve vaginal dryness associated with low estrogen levels or menopause.\" \/>\n<meta property=\"og:url\" content=\"https:\/\/duygumutlu.com\/en\/genital-aesthetics\/vaginal-dryness\/\" \/>\n<meta property=\"og:site_name\" content=\"Op. Dr. Duygu Mutlu\" \/>\n<meta property=\"article:modified_time\" content=\"2026-02-22T21:36:48+00:00\" \/>\n<meta property=\"og:image\" content=\"https:\/\/duygumutlu.com\/wp-content\/uploads\/2023\/06\/vajinal_kuruluk_cover-1024x576.png\" \/>\n<meta name=\"twitter:card\" content=\"summary_large_image\" \/>\n<meta name=\"twitter:title\" content=\"Vaginal Dryness | Op. Dr. Duygu Mutlu\" \/>\n<meta name=\"twitter:description\" content=\"Vaginal dryness treatment aims to relieve vaginal dryness associated with low estrogen levels or menopause.\" \/>\n<meta name=\"twitter:image\" content=\"https:\/\/duygumutlu.com\/wp-content\/uploads\/2023\/06\/vajinal_kuruluk_cover-1024x576.png\" \/>\n<meta name=\"twitter:label1\" content=\"Est. reading time\" \/>\n\t<meta name=\"twitter:data1\" content=\"3 minutes\" \/>\n<script type=\"application\/ld+json\" class=\"yoast-schema-graph\">{\"@context\":\"https:\\\/\\\/schema.org\",\"@graph\":[{\"@type\":\"WebPage\",\"@id\":\"https:\\\/\\\/duygumutlu.com\\\/en\\\/genital-aesthetics\\\/vaginal-dryness\\\/\",\"url\":\"https:\\\/\\\/duygumutlu.com\\\/en\\\/genital-aesthetics\\\/vaginal-dryness\\\/\",\"name\":\"Vaginal Dryness | Op. Dr. Duygu Mutlu\",\"isPartOf\":{\"@id\":\"https:\\\/\\\/duygumutlu.com\\\/en\\\/#website\"},\"primaryImageOfPage\":{\"@id\":\"https:\\\/\\\/duygumutlu.com\\\/en\\\/genital-aesthetics\\\/vaginal-dryness\\\/#primaryimage\"},\"image\":{\"@id\":\"https:\\\/\\\/duygumutlu.com\\\/en\\\/genital-aesthetics\\\/vaginal-dryness\\\/#primaryimage\"},\"thumbnailUrl\":\"https:\\\/\\\/duygumutlu.com\\\/wp-content\\\/uploads\\\/2023\\\/06\\\/vajinal_kuruluk_cover.png\",\"datePublished\":\"2022-10-21T20:22:25+00:00\",\"dateModified\":\"2026-02-22T21:36:48+00:00\",\"description\":\"Vaginal dryness treatment aims to relieve vaginal dryness associated with low estrogen levels or menopause.\",\"breadcrumb\":{\"@id\":\"https:\\\/\\\/duygumutlu.com\\\/en\\\/genital-aesthetics\\\/vaginal-dryness\\\/#breadcrumb\"},\"inLanguage\":\"en-US\",\"potentialAction\":[{\"@type\":\"ReadAction\",\"target\":[\"https:\\\/\\\/duygumutlu.com\\\/en\\\/genital-aesthetics\\\/vaginal-dryness\\\/\"]}]},{\"@type\":\"ImageObject\",\"inLanguage\":\"en-US\",\"@id\":\"https:\\\/\\\/duygumutlu.com\\\/en\\\/genital-aesthetics\\\/vaginal-dryness\\\/#primaryimage\",\"url\":\"https:\\\/\\\/duygumutlu.com\\\/wp-content\\\/uploads\\\/2023\\\/06\\\/vajinal_kuruluk_cover.png\",\"contentUrl\":\"https:\\\/\\\/duygumutlu.com\\\/wp-content\\\/uploads\\\/2023\\\/06\\\/vajinal_kuruluk_cover.png\"},{\"@type\":\"BreadcrumbList\",\"@id\":\"https:\\\/\\\/duygumutlu.com\\\/en\\\/genital-aesthetics\\\/vaginal-dryness\\\/#breadcrumb\",\"itemListElement\":[{\"@type\":\"ListItem\",\"position\":1,\"name\":\"Ana Sayfa\",\"item\":\"https:\\\/\\\/duygumutlu.com\\\/en\\\/\"},{\"@type\":\"ListItem\",\"position\":2,\"name\":\"Genital Aesthetics\",\"item\":\"https:\\\/\\\/duygumutlu.com\\\/en\\\/genital-aesthetics\\\/\"},{\"@type\":\"ListItem\",\"position\":3,\"name\":\"Vaginal Dryness\"}]},{\"@type\":\"WebSite\",\"@id\":\"https:\\\/\\\/duygumutlu.com\\\/en\\\/#website\",\"url\":\"https:\\\/\\\/duygumutlu.com\\\/en\\\/\",\"name\":\"Op. Dr. Duygu Mutlu\",\"description\":\"Kad\u0131n Sa\u011fl\u0131\u011f\u0131 ve Do\u011fum\",\"publisher\":{\"@id\":\"https:\\\/\\\/duygumutlu.com\\\/en\\\/#\\\/schema\\\/person\\\/35a5ed156c4b9cec9a8edc151b539897\"},\"potentialAction\":[{\"@type\":\"SearchAction\",\"target\":{\"@type\":\"EntryPoint\",\"urlTemplate\":\"https:\\\/\\\/duygumutlu.com\\\/en\\\/?s={search_term_string}\"},\"query-input\":{\"@type\":\"PropertyValueSpecification\",\"valueRequired\":true,\"valueName\":\"search_term_string\"}}],\"inLanguage\":\"en-US\"},{\"@type\":[\"Person\",\"Organization\"],\"@id\":\"https:\\\/\\\/duygumutlu.com\\\/en\\\/#\\\/schema\\\/person\\\/35a5ed156c4b9cec9a8edc151b539897\",\"name\":\"Op. Dr. Duygu Mutlu\",\"image\":{\"@type\":\"ImageObject\",\"inLanguage\":\"en-US\",\"@id\":\"https:\\\/\\\/duygumutlu.com\\\/wp-content\\\/uploads\\\/2023\\\/10\\\/cropped-DuyguMutlu_Favicon.png\",\"url\":\"https:\\\/\\\/duygumutlu.com\\\/wp-content\\\/uploads\\\/2023\\\/10\\\/cropped-DuyguMutlu_Favicon.png\",\"contentUrl\":\"https:\\\/\\\/duygumutlu.com\\\/wp-content\\\/uploads\\\/2023\\\/10\\\/cropped-DuyguMutlu_Favicon.png\",\"width\":512,\"height\":512,\"caption\":\"Op. Dr. Duygu Mutlu\"},\"logo\":{\"@id\":\"https:\\\/\\\/duygumutlu.com\\\/wp-content\\\/uploads\\\/2023\\\/10\\\/cropped-DuyguMutlu_Favicon.png\"},\"sameAs\":[\"https:\\\/\\\/duygumutlu.com\",\"https:\\\/\\\/www.instagram.com\\\/opdrduygumutlu\\\/\",\"https:\\\/\\\/www.youtube.com\\\/channel\\\/UC-VgOCsb4G4pPcGjiFn6f6A\"]}]}<\/script>\n<!-- \/ Yoast SEO plugin. -->","yoast_head_json":{"title":"Vaginal Dryness | Op. Dr. Duygu Mutlu","description":"Vaginal dryness treatment aims to relieve vaginal dryness associated with low estrogen levels or menopause.","robots":{"index":"index","follow":"follow","max-snippet":"max-snippet:-1","max-image-preview":"max-image-preview:large","max-video-preview":"max-video-preview:-1"},"canonical":"https:\/\/duygumutlu.com\/en\/genital-aesthetics\/vaginal-dryness\/","og_locale":"en_US","og_type":"article","og_title":"Vaginal Dryness | Op. Dr. Duygu Mutlu","og_description":"Vaginal dryness treatment aims to relieve vaginal dryness associated with low estrogen levels or menopause.","og_url":"https:\/\/duygumutlu.com\/en\/genital-aesthetics\/vaginal-dryness\/","og_site_name":"Op. Dr. Duygu Mutlu","article_modified_time":"2026-02-22T21:36:48+00:00","og_image":[{"url":"https:\/\/duygumutlu.com\/wp-content\/uploads\/2023\/06\/vajinal_kuruluk_cover-1024x576.png","type":"","width":"","height":""}],"twitter_card":"summary_large_image","twitter_title":"Vaginal Dryness | Op. Dr. Duygu Mutlu","twitter_description":"Vaginal dryness treatment aims to relieve vaginal dryness associated with low estrogen levels or menopause.","twitter_image":"https:\/\/duygumutlu.com\/wp-content\/uploads\/2023\/06\/vajinal_kuruluk_cover-1024x576.png","twitter_misc":{"Est. reading time":"3 minutes"},"schema":{"@context":"https:\/\/schema.org","@graph":[{"@type":"WebPage","@id":"https:\/\/duygumutlu.com\/en\/genital-aesthetics\/vaginal-dryness\/","url":"https:\/\/duygumutlu.com\/en\/genital-aesthetics\/vaginal-dryness\/","name":"Vaginal Dryness | Op. Dr. Duygu Mutlu","isPartOf":{"@id":"https:\/\/duygumutlu.com\/en\/#website"},"primaryImageOfPage":{"@id":"https:\/\/duygumutlu.com\/en\/genital-aesthetics\/vaginal-dryness\/#primaryimage"},"image":{"@id":"https:\/\/duygumutlu.com\/en\/genital-aesthetics\/vaginal-dryness\/#primaryimage"},"thumbnailUrl":"https:\/\/duygumutlu.com\/wp-content\/uploads\/2023\/06\/vajinal_kuruluk_cover.png","datePublished":"2022-10-21T20:22:25+00:00","dateModified":"2026-02-22T21:36:48+00:00","description":"Vaginal dryness treatment aims to relieve vaginal dryness associated with low estrogen levels or menopause.","breadcrumb":{"@id":"https:\/\/duygumutlu.com\/en\/genital-aesthetics\/vaginal-dryness\/#breadcrumb"},"inLanguage":"en-US","potentialAction":[{"@type":"ReadAction","target":["https:\/\/duygumutlu.com\/en\/genital-aesthetics\/vaginal-dryness\/"]}]},{"@type":"ImageObject","inLanguage":"en-US","@id":"https:\/\/duygumutlu.com\/en\/genital-aesthetics\/vaginal-dryness\/#primaryimage","url":"https:\/\/duygumutlu.com\/wp-content\/uploads\/2023\/06\/vajinal_kuruluk_cover.png","contentUrl":"https:\/\/duygumutlu.com\/wp-content\/uploads\/2023\/06\/vajinal_kuruluk_cover.png"},{"@type":"BreadcrumbList","@id":"https:\/\/duygumutlu.com\/en\/genital-aesthetics\/vaginal-dryness\/#breadcrumb","itemListElement":[{"@type":"ListItem","position":1,"name":"Ana Sayfa","item":"https:\/\/duygumutlu.com\/en\/"},{"@type":"ListItem","position":2,"name":"Genital Aesthetics","item":"https:\/\/duygumutlu.com\/en\/genital-aesthetics\/"},{"@type":"ListItem","position":3,"name":"Vaginal Dryness"}]},{"@type":"WebSite","@id":"https:\/\/duygumutlu.com\/en\/#website","url":"https:\/\/duygumutlu.com\/en\/","name":"Op. Dr. Duygu Mutlu","description":"Kad\u0131n Sa\u011fl\u0131\u011f\u0131 ve Do\u011fum","publisher":{"@id":"https:\/\/duygumutlu.com\/en\/#\/schema\/person\/35a5ed156c4b9cec9a8edc151b539897"},"potentialAction":[{"@type":"SearchAction","target":{"@type":"EntryPoint","urlTemplate":"https:\/\/duygumutlu.com\/en\/?s={search_term_string}"},"query-input":{"@type":"PropertyValueSpecification","valueRequired":true,"valueName":"search_term_string"}}],"inLanguage":"en-US"},{"@type":["Person","Organization"],"@id":"https:\/\/duygumutlu.com\/en\/#\/schema\/person\/35a5ed156c4b9cec9a8edc151b539897","name":"Op. Dr. Duygu Mutlu","image":{"@type":"ImageObject","inLanguage":"en-US","@id":"https:\/\/duygumutlu.com\/wp-content\/uploads\/2023\/10\/cropped-DuyguMutlu_Favicon.png","url":"https:\/\/duygumutlu.com\/wp-content\/uploads\/2023\/10\/cropped-DuyguMutlu_Favicon.png","contentUrl":"https:\/\/duygumutlu.com\/wp-content\/uploads\/2023\/10\/cropped-DuyguMutlu_Favicon.png","width":512,"height":512,"caption":"Op. Dr. Duygu Mutlu"},"logo":{"@id":"https:\/\/duygumutlu.com\/wp-content\/uploads\/2023\/10\/cropped-DuyguMutlu_Favicon.png"},"sameAs":["https:\/\/duygumutlu.com","https:\/\/www.instagram.com\/opdrduygumutlu\/","https:\/\/www.youtube.com\/channel\/UC-VgOCsb4G4pPcGjiFn6f6A"]}]}},"uagb_featured_image_src":{"full":false,"thumbnail":false,"medium":false,"medium_large":false,"large":false,"1536x1536":false,"2048x2048":false},"uagb_author_info":{"display_name":"Op. Dr. Duygu Mutlu","author_link":"https:\/\/duygumutlu.com\/en\/author\/drduygumutlu\/"},"uagb_comment_info":0,"uagb_excerpt":"Contact Op. Dr. Duygu Mutlu. Contact us if you would like to get more detailed information about vaginal dryness treatments or to discover the latest technology applications in our clinic.","_links":{"self":[{"href":"https:\/\/duygumutlu.com\/en\/wp-json\/wp\/v2\/pages\/3886","targetHints":{"allow":["GET"]}}],"collection":[{"href":"https:\/\/duygumutlu.com\/en\/wp-json\/wp\/v2\/pages"}],"about":[{"href":"https:\/\/duygumutlu.com\/en\/wp-json\/wp\/v2\/types\/page"}],"author":[{"embeddable":true,"href":"https:\/\/duygumutlu.com\/en\/wp-json\/wp\/v2\/users\/1"}],"replies":[{"embeddable":true,"href":"https:\/\/duygumutlu.com\/en\/wp-json\/wp\/v2\/comments?post=3886"}],"version-history":[{"count":7,"href":"https:\/\/duygumutlu.com\/en\/wp-json\/wp\/v2\/pages\/3886\/revisions"}],"predecessor-version":[{"id":4979,"href":"https:\/\/duygumutlu.com\/en\/wp-json\/wp\/v2\/pages\/3886\/revisions\/4979"}],"up":[{"embeddable":true,"href":"https:\/\/duygumutlu.com\/en\/wp-json\/wp\/v2\/pages\/3801"}],"wp:attachment":[{"href":"https:\/\/duygumutlu.com\/en\/wp-json\/wp\/v2\/media?parent=3886"}],"curies":[{"name":"wp","href":"https:\/\/api.w.org\/{rel}","templated":true}]}}