{"id":3988,"date":"2022-10-21T20:31:32","date_gmt":"2022-10-21T20:31:32","guid":{"rendered":"https:\/\/duygumutlu.com\/irregular-periods-abnormal-menstruation\/"},"modified":"2026-02-22T21:41:18","modified_gmt":"2026-02-22T21:41:18","slug":"irregular-periods","status":"publish","type":"page","link":"https:\/\/duygumutlu.com\/en\/gynecology\/irregular-periods\/","title":{"rendered":"Irregular Periods"},"content":{"rendered":"\n<div class=\"wp-block-cover alignfull is-position-center-center\" style=\"min-height:500px;aspect-ratio:unset;\"><img loading=\"lazy\" decoding=\"async\" width=\"2222\" height=\"1470\" class=\"wp-block-cover__image-background wp-image-3619\" alt=\"adet d\u00fczensizli\u011fi\" src=\"https:\/\/duygumutlu.com\/wp-content\/uploads\/2023\/08\/adet_duzensizligi_cover.jpg\" data-object-fit=\"cover\" srcset=\"https:\/\/duygumutlu.com\/wp-content\/uploads\/2023\/08\/adet_duzensizligi_cover.jpg 2222w, https:\/\/duygumutlu.com\/wp-content\/uploads\/2023\/08\/adet_duzensizligi_cover-300x198.jpg 300w, https:\/\/duygumutlu.com\/wp-content\/uploads\/2023\/08\/adet_duzensizligi_cover-1024x677.jpg 1024w, https:\/\/duygumutlu.com\/wp-content\/uploads\/2023\/08\/adet_duzensizligi_cover-768x508.jpg 768w, https:\/\/duygumutlu.com\/wp-content\/uploads\/2023\/08\/adet_duzensizligi_cover-1536x1016.jpg 1536w, https:\/\/duygumutlu.com\/wp-content\/uploads\/2023\/08\/adet_duzensizligi_cover-2048x1355.jpg 2048w, https:\/\/duygumutlu.com\/wp-content\/uploads\/2023\/08\/adet_duzensizligi_cover-600x397.jpg 600w\" sizes=\"auto, (max-width: 2222px) 100vw, 2222px\" \/><span aria-hidden=\"true\" class=\"wp-block-cover__background has-ast-global-color-4-background-color has-background-dim-80 has-background-dim\"><\/span><div class=\"wp-block-cover__inner-container is-layout-flow wp-block-cover-is-layout-flow\">\n<h1 class=\"wp-block-heading has-text-align-center has-ast-global-color-0-color has-text-color\">Irregular Periods (Abnormal Menstruation)<\/h1>\n\n\n\n<p class=\"has-text-align-center has-ast-global-color-5-color has-text-color has-medium-font-size\">The menstrual cycle is calculated based on the time between the first days of two consecutive menstrual periods. A normal menstrual period lasts on average three to seven days, every twenty to thirty-five days. In menstrual cycles that deviate from this schedule, or in patients who do not menstruate for more than forty days, the possibility of irregular periods should be investigated. <\/p>\n\n\n\n<div class=\"wp-block-buttons is-vertical is-content-justification-center is-layout-flex wp-container-core-buttons-is-layout-734eb2c2 wp-block-buttons-is-layout-flex\">\n<div class=\"wp-block-button is-style-fill\"><a class=\"wp-block-button__link has-ast-global-color-4-color has-ast-global-color-0-background-color has-text-color has-background has-border-color has-ast-global-color-2-border-color has-medium-font-size has-custom-font-size wp-element-button\" href=\"https:\/\/api.whatsapp.com\/send?phone=905326567388\" style=\"border-radius:100px\">Make An Appointment<\/a><\/div>\n<\/div>\n<\/div><\/div>\n\n\n\n<div class=\"wp-block-uagb-advanced-heading uagb-block-7c0a004f\"><h2 class=\"uagb-heading-text\">Causes of Irregular Periods<\/h2><\/div>\n\n\n\n<header class=\"wp-block-uagb-container uagb-block-ec22f5db alignfull uagb-is-root-container\"><div class=\"uagb-container-inner-blocks-wrap\">\n<div class=\"wp-block-uagb-container uagb-block-364e9bd2\">\n<div class=\"wp-block-uagb-advanced-heading uagb-block-f35db078\"><h3 class=\"uagb-heading-text\">1. Anatomical <\/h3><p class=\"uagb-desc-text\">Anatomically, endometrial polyps, <a href=\"https:\/\/duygumutlu.com\/en\/gynecology\/fibroids\/\">uterine fibroids<\/a>, tumors in the uterus, certain ovarian cysts, or pathologies in the cervix can cause irregularities. These possibilities are first assessed during examinations.<\/p><\/div>\n<\/div>\n\n\n\n<div class=\"wp-block-uagb-container uagb-block-f8bcca7f\">\n<div class=\"wp-block-uagb-advanced-heading uagb-block-936c3cb3\"><h3 class=\"uagb-heading-text\">2. Hormonal<\/h3><p class=\"uagb-desc-text\">In addition to female hormones, changes in thyroid and hormones related to the mammary gland, getting external hormones as supplements or certain medications can trigger menstrual irregularities as well. <\/p><\/div>\n<\/div>\n\n\n\n<div class=\"wp-block-uagb-container uagb-block-3f705314\">\n<div class=\"wp-block-uagb-advanced-heading uagb-block-25746892\"><h3 class=\"uagb-heading-text\">3. External Factors<\/h3><p class=\"uagb-desc-text\">Stress, rapid weight gain or loss, heavy training, drastic changes in lifestyle, grief, and sorrow due to sudden losses are also among the external factors that cause irregular periods.<\/p><\/div>\n<\/div>\n<\/div><\/header>\n\n\n\n<div class=\"wp-block-group alignfull has-ast-global-color-0-background-color has-background is-layout-flow wp-block-group-is-layout-flow\">\n<h2 class=\"wp-block-heading has-text-align-center has-text-color\" style=\"color:#ffffff\"><strong>Contact Op. Dr. Duygu Mutlu. <\/strong><\/h2>\n\n\n\n<p class=\"has-text-align-center has-text-color\" style=\"color:#ffffff\">Contact us if your menstrual cycle is shorter than twenty days or longer than thirty-five days, and your period lasts shorter than three days or longer than seven days, or if the amount of menstruation has decreased or increased. <\/p>\n\n\n\n<div class=\"wp-block-buttons is-horizontal is-content-justification-center is-layout-flex wp-container-core-buttons-is-layout-03627597 wp-block-buttons-is-layout-flex\">\n<div class=\"wp-block-button is-style-circular\"><a class=\"wp-block-button__link has-ast-global-color-4-color has-ast-global-color-2-background-color has-text-color has-background wp-element-button\" href=\"tel:+90 532 656 73 88\"><strong>Make an Appointment<\/strong><\/a><\/div>\n\n\n\n<div class=\"wp-block-button is-style-circular\"><a class=\"wp-block-button__link has-ast-global-color-0-color has-ast-global-color-4-background-color has-text-color has-background wp-element-button\" href=\"https:\/\/api.whatsapp.com\/send?phone=905326567388\"><strong>Ask a Question<\/strong><\/a><\/div>\n\n\n\n<div class=\"wp-block-button is-style-circular\"><a class=\"wp-block-button__link has-ast-global-color-0-color has-ast-global-color-4-background-color has-text-color has-background wp-element-button\" href=\"https:\/\/www.instagram.com\/opdrduygumutlu\/\"><strong>Follow<\/strong><\/a><\/div>\n<\/div>\n\n\n\n<p><\/p>\n<\/div>\n\n\n\n<div class=\"wp-block-uagb-container uagb-block-c0c0ab3a alignwide uagb-is-root-container\">\n<div class=\"wp-block-uagb-advanced-heading uagb-block-83843e3d\"><h2 class=\"uagb-heading-text\">Treatment of Irregular Periods?<\/h2><\/div>\n\n\n\n<div class=\"wp-block-uagb-container uagb-block-02e9204e\">\n<div class=\"wp-block-uagb-container uagb-block-b9c36499\">\n<div class=\"wp-block-uagb-info-box uagb-block-cfc0467e uagb-infobox__content-wrap  uagb-infobox-icon-left uagb-infobox-left uagb-infobox-image-valign-middle\"><div class=\"uagb-ifb-image-content\"><img decoding=\"async\" src=\"https:\/\/duygumutlu.com\/wp-content\/uploads\/2023\/03\/health-150x150.png\" alt=\"\" width=\"100\" height=\"100\" loading=\"lazy\"\/><\/div><div class=\"uagb-ifb-content\"><div class=\"uagb-ifb-title-wrap\"><h4 class=\"uagb-ifb-title\">During Examination<\/h4><\/div><\/div><\/div>\n\n\n\n<p class=\"has-ast-global-color-0-color has-text-color\">We first listen to the detailed history of the patient. A vaginal examination is performed to observe anatomical elements, especially the cervix. The uterus and ovaries are then examined by ultrasound. If necessary, hormone tests and some tests are used to confirm the diagnosis. All these examinations and tests are performed in our clinic. Hormone tests are usually done between the third and fifth day of menstruation. Consulting a doctor during these days saves time for hormone tests to be performed on the same day, and patients who have not had their period for more than forty days are advised to consult a doctor immediately.<\/p>\n<\/div>\n\n\n\n<div class=\"wp-block-uagb-container uagb-block-cf287e58\">\n<div class=\"wp-block-uagb-info-box uagb-block-1193c62e uagb-infobox__content-wrap  uagb-infobox-icon-left uagb-infobox-left uagb-infobox-image-valign-middle\"><div class=\"uagb-ifb-image-content\"><img decoding=\"async\" src=\"https:\/\/duygumutlu.com\/wp-content\/uploads\/2023\/05\/medicine-150x150.png\" alt=\"\" width=\"100\" height=\"100\" loading=\"lazy\"\/><\/div><div class=\"uagb-ifb-content\"><div class=\"uagb-ifb-title-wrap\"><h4 class=\"uagb-ifb-title\">Treatment Process<\/h4><\/div><\/div><\/div>\n\n\n\n<p class=\"has-ast-global-color-0-color has-text-color\">The underlying causes determine the type of treatment for menstrual irregularities. We usually need surgical correction for menstrual irregularities due to anatomical reasons. In hormonal disorders, medical treatment methods are considered in the foreground. For lifestyle-related cycle irregularities, medical supplements and supportive therapies are applied to improve the patient&#8217;s living conditions. In addition, since it can take two to three years for the ovulation pattern to settle in the first years of menstruation, irregularities observed during this period are usually followed up without treatment.<\/p>\n<\/div>\n<\/div>\n<\/div>\n","protected":false},"excerpt":{"rendered":"<p>Causes of Irregular Periods 1. Anatomical Anatomically, endometrial polyps, uterine fibroids, tumors in the uterus, certain ovarian cysts, or pathologies in the cervix can cause irregularities. These possibilities are first assessed during examinations. 2. Hormonal In addition to female hormones, changes in thyroid and hormones related to the mammary gland, getting external hormones as supplements [&hellip;]<\/p>\n","protected":false},"author":1,"featured_media":0,"parent":4116,"menu_order":1,"comment_status":"closed","ping_status":"closed","template":"","meta":{"_coblocks_attr":"","_coblocks_dimensions":"","_coblocks_responsive_height":"","_coblocks_accordion_ie_support":"","_uag_custom_page_level_css":"","site-sidebar-layout":"default","site-content-layout":"","ast-site-content-layout":"default","site-content-style":"default","site-sidebar-style":"default","ast-global-header-display":"","ast-banner-title-visibility":"","ast-main-header-display":"","ast-hfb-above-header-display":"","ast-hfb-below-header-display":"","ast-hfb-mobile-header-display":"","site-post-title":"","ast-breadcrumbs-content":"","ast-featured-img":"","footer-sml-layout":"","ast-disable-related-posts":"","theme-transparent-header-meta":"","adv-header-id-meta":"","stick-header-meta":"","header-above-stick-meta":"","header-main-stick-meta":"","header-below-stick-meta":"","astra-migrate-meta-layouts":"set","ast-page-background-enabled":"default","ast-page-background-meta":{"desktop":{"background-color":"var(--ast-global-color-4)","background-image":"","background-repeat":"repeat","background-position":"center center","background-size":"auto","background-attachment":"scroll","background-type":"","background-media":"","overlay-type":"","overlay-color":"","overlay-opacity":"","overlay-gradient":""},"tablet":{"background-color":"","background-image":"","background-repeat":"repeat","background-position":"center center","background-size":"auto","background-attachment":"scroll","background-type":"","background-media":"","overlay-type":"","overlay-color":"","overlay-opacity":"","overlay-gradient":""},"mobile":{"background-color":"","background-image":"","background-repeat":"repeat","background-position":"center center","background-size":"auto","background-attachment":"scroll","background-type":"","background-media":"","overlay-type":"","overlay-color":"","overlay-opacity":"","overlay-gradient":""}},"ast-content-background-meta":{"desktop":{"background-color":"var(--ast-global-color-5)","background-image":"","background-repeat":"repeat","background-position":"center center","background-size":"auto","background-attachment":"scroll","background-type":"","background-media":"","overlay-type":"","overlay-color":"","overlay-opacity":"","overlay-gradient":""},"tablet":{"background-color":"var(--ast-global-color-5)","background-image":"","background-repeat":"repeat","background-position":"center center","background-size":"auto","background-attachment":"scroll","background-type":"","background-media":"","overlay-type":"","overlay-color":"","overlay-opacity":"","overlay-gradient":""},"mobile":{"background-color":"var(--ast-global-color-5)","background-image":"","background-repeat":"repeat","background-position":"center center","background-size":"auto","background-attachment":"scroll","background-type":"","background-media":"","overlay-type":"","overlay-color":"","overlay-opacity":"","overlay-gradient":""}},"footnotes":""},"class_list":["post-3988","page","type-page","status-publish","hentry"],"yoast_head":"<!-- This site is optimized with the Yoast SEO plugin v27.5 - https:\/\/yoast.com\/product\/yoast-seo-wordpress\/ -->\n<title>Irregular Periods | Op. Dr. Duygu Mutlu<\/title>\n<meta name=\"description\" content=\"Irregular periods should be investigated, if menstrual cycles do not last an average of three to seven days every twenty to thirty-five days.\" \/>\n<meta name=\"robots\" content=\"index, follow, max-snippet:-1, max-image-preview:large, max-video-preview:-1\" \/>\n<link rel=\"canonical\" href=\"https:\/\/duygumutlu.com\/en\/gynecology\/irregular-periods\/\" \/>\n<meta property=\"og:locale\" content=\"en_US\" \/>\n<meta property=\"og:type\" content=\"article\" \/>\n<meta property=\"og:title\" content=\"Irregular Periods | Op. Dr. Duygu Mutlu\" \/>\n<meta property=\"og:description\" content=\"Irregular periods should be investigated, if menstrual cycles do not last an average of three to seven days every twenty to thirty-five days.\" \/>\n<meta property=\"og:url\" content=\"https:\/\/duygumutlu.com\/en\/gynecology\/irregular-periods\/\" \/>\n<meta property=\"og:site_name\" content=\"Op. Dr. Duygu Mutlu\" \/>\n<meta property=\"article:modified_time\" content=\"2026-02-22T21:41:18+00:00\" \/>\n<meta property=\"og:image\" content=\"https:\/\/duygumutlu.com\/wp-content\/uploads\/2023\/08\/adet_duzensizligi_cover-1024x677.jpg\" \/>\n<meta name=\"twitter:card\" content=\"summary_large_image\" \/>\n<meta name=\"twitter:title\" content=\"Irregular Periods | Op. Dr. Duygu Mutlu\" \/>\n<meta name=\"twitter:description\" content=\"Irregular periods should be investigated, if menstrual cycles do not last an average of three to seven days every twenty to thirty-five days.\" \/>\n<meta name=\"twitter:image\" content=\"https:\/\/duygumutlu.com\/wp-content\/uploads\/2023\/08\/adet_duzensizligi_cover-1024x677.jpg\" \/>\n<meta name=\"twitter:label1\" content=\"Est. reading time\" \/>\n\t<meta name=\"twitter:data1\" content=\"4 minutes\" \/>\n<script type=\"application\/ld+json\" class=\"yoast-schema-graph\">{\"@context\":\"https:\\\/\\\/schema.org\",\"@graph\":[{\"@type\":\"WebPage\",\"@id\":\"https:\\\/\\\/duygumutlu.com\\\/en\\\/gynecology\\\/irregular-periods\\\/\",\"url\":\"https:\\\/\\\/duygumutlu.com\\\/en\\\/gynecology\\\/irregular-periods\\\/\",\"name\":\"Irregular Periods | Op. Dr. Duygu Mutlu\",\"isPartOf\":{\"@id\":\"https:\\\/\\\/duygumutlu.com\\\/en\\\/#website\"},\"primaryImageOfPage\":{\"@id\":\"https:\\\/\\\/duygumutlu.com\\\/en\\\/gynecology\\\/irregular-periods\\\/#primaryimage\"},\"image\":{\"@id\":\"https:\\\/\\\/duygumutlu.com\\\/en\\\/gynecology\\\/irregular-periods\\\/#primaryimage\"},\"thumbnailUrl\":\"https:\\\/\\\/duygumutlu.com\\\/wp-content\\\/uploads\\\/2023\\\/08\\\/adet_duzensizligi_cover.jpg\",\"datePublished\":\"2022-10-21T20:31:32+00:00\",\"dateModified\":\"2026-02-22T21:41:18+00:00\",\"description\":\"Irregular periods should be investigated, if menstrual cycles do not last an average of three to seven days every twenty to thirty-five days.\",\"breadcrumb\":{\"@id\":\"https:\\\/\\\/duygumutlu.com\\\/en\\\/gynecology\\\/irregular-periods\\\/#breadcrumb\"},\"inLanguage\":\"en-US\",\"potentialAction\":[{\"@type\":\"ReadAction\",\"target\":[\"https:\\\/\\\/duygumutlu.com\\\/en\\\/gynecology\\\/irregular-periods\\\/\"]}]},{\"@type\":\"ImageObject\",\"inLanguage\":\"en-US\",\"@id\":\"https:\\\/\\\/duygumutlu.com\\\/en\\\/gynecology\\\/irregular-periods\\\/#primaryimage\",\"url\":\"https:\\\/\\\/duygumutlu.com\\\/wp-content\\\/uploads\\\/2023\\\/08\\\/adet_duzensizligi_cover.jpg\",\"contentUrl\":\"https:\\\/\\\/duygumutlu.com\\\/wp-content\\\/uploads\\\/2023\\\/08\\\/adet_duzensizligi_cover.jpg\"},{\"@type\":\"BreadcrumbList\",\"@id\":\"https:\\\/\\\/duygumutlu.com\\\/en\\\/gynecology\\\/irregular-periods\\\/#breadcrumb\",\"itemListElement\":[{\"@type\":\"ListItem\",\"position\":1,\"name\":\"Ana Sayfa\",\"item\":\"https:\\\/\\\/duygumutlu.com\\\/en\\\/\"},{\"@type\":\"ListItem\",\"position\":2,\"name\":\"Gynecology\",\"item\":\"https:\\\/\\\/duygumutlu.com\\\/en\\\/gynecology\\\/\"},{\"@type\":\"ListItem\",\"position\":3,\"name\":\"Irregular Periods\"}]},{\"@type\":\"WebSite\",\"@id\":\"https:\\\/\\\/duygumutlu.com\\\/en\\\/#website\",\"url\":\"https:\\\/\\\/duygumutlu.com\\\/en\\\/\",\"name\":\"Op. Dr. Duygu Mutlu\",\"description\":\"Kad\u0131n Sa\u011fl\u0131\u011f\u0131 ve Do\u011fum\",\"publisher\":{\"@id\":\"https:\\\/\\\/duygumutlu.com\\\/en\\\/#\\\/schema\\\/person\\\/35a5ed156c4b9cec9a8edc151b539897\"},\"potentialAction\":[{\"@type\":\"SearchAction\",\"target\":{\"@type\":\"EntryPoint\",\"urlTemplate\":\"https:\\\/\\\/duygumutlu.com\\\/en\\\/?s={search_term_string}\"},\"query-input\":{\"@type\":\"PropertyValueSpecification\",\"valueRequired\":true,\"valueName\":\"search_term_string\"}}],\"inLanguage\":\"en-US\"},{\"@type\":[\"Person\",\"Organization\"],\"@id\":\"https:\\\/\\\/duygumutlu.com\\\/en\\\/#\\\/schema\\\/person\\\/35a5ed156c4b9cec9a8edc151b539897\",\"name\":\"Op. Dr. Duygu Mutlu\",\"image\":{\"@type\":\"ImageObject\",\"inLanguage\":\"en-US\",\"@id\":\"https:\\\/\\\/duygumutlu.com\\\/wp-content\\\/uploads\\\/2023\\\/10\\\/cropped-DuyguMutlu_Favicon.png\",\"url\":\"https:\\\/\\\/duygumutlu.com\\\/wp-content\\\/uploads\\\/2023\\\/10\\\/cropped-DuyguMutlu_Favicon.png\",\"contentUrl\":\"https:\\\/\\\/duygumutlu.com\\\/wp-content\\\/uploads\\\/2023\\\/10\\\/cropped-DuyguMutlu_Favicon.png\",\"width\":512,\"height\":512,\"caption\":\"Op. Dr. Duygu Mutlu\"},\"logo\":{\"@id\":\"https:\\\/\\\/duygumutlu.com\\\/wp-content\\\/uploads\\\/2023\\\/10\\\/cropped-DuyguMutlu_Favicon.png\"},\"sameAs\":[\"https:\\\/\\\/duygumutlu.com\",\"https:\\\/\\\/www.instagram.com\\\/opdrduygumutlu\\\/\",\"https:\\\/\\\/www.youtube.com\\\/channel\\\/UC-VgOCsb4G4pPcGjiFn6f6A\"]}]}<\/script>\n<!-- \/ Yoast SEO plugin. -->","yoast_head_json":{"title":"Irregular Periods | Op. Dr. Duygu Mutlu","description":"Irregular periods should be investigated, if menstrual cycles do not last an average of three to seven days every twenty to thirty-five days.","robots":{"index":"index","follow":"follow","max-snippet":"max-snippet:-1","max-image-preview":"max-image-preview:large","max-video-preview":"max-video-preview:-1"},"canonical":"https:\/\/duygumutlu.com\/en\/gynecology\/irregular-periods\/","og_locale":"en_US","og_type":"article","og_title":"Irregular Periods | Op. Dr. Duygu Mutlu","og_description":"Irregular periods should be investigated, if menstrual cycles do not last an average of three to seven days every twenty to thirty-five days.","og_url":"https:\/\/duygumutlu.com\/en\/gynecology\/irregular-periods\/","og_site_name":"Op. Dr. Duygu Mutlu","article_modified_time":"2026-02-22T21:41:18+00:00","og_image":[{"url":"https:\/\/duygumutlu.com\/wp-content\/uploads\/2023\/08\/adet_duzensizligi_cover-1024x677.jpg","type":"","width":"","height":""}],"twitter_card":"summary_large_image","twitter_title":"Irregular Periods | Op. Dr. Duygu Mutlu","twitter_description":"Irregular periods should be investigated, if menstrual cycles do not last an average of three to seven days every twenty to thirty-five days.","twitter_image":"https:\/\/duygumutlu.com\/wp-content\/uploads\/2023\/08\/adet_duzensizligi_cover-1024x677.jpg","twitter_misc":{"Est. reading time":"4 minutes"},"schema":{"@context":"https:\/\/schema.org","@graph":[{"@type":"WebPage","@id":"https:\/\/duygumutlu.com\/en\/gynecology\/irregular-periods\/","url":"https:\/\/duygumutlu.com\/en\/gynecology\/irregular-periods\/","name":"Irregular Periods | Op. Dr. Duygu Mutlu","isPartOf":{"@id":"https:\/\/duygumutlu.com\/en\/#website"},"primaryImageOfPage":{"@id":"https:\/\/duygumutlu.com\/en\/gynecology\/irregular-periods\/#primaryimage"},"image":{"@id":"https:\/\/duygumutlu.com\/en\/gynecology\/irregular-periods\/#primaryimage"},"thumbnailUrl":"https:\/\/duygumutlu.com\/wp-content\/uploads\/2023\/08\/adet_duzensizligi_cover.jpg","datePublished":"2022-10-21T20:31:32+00:00","dateModified":"2026-02-22T21:41:18+00:00","description":"Irregular periods should be investigated, if menstrual cycles do not last an average of three to seven days every twenty to thirty-five days.","breadcrumb":{"@id":"https:\/\/duygumutlu.com\/en\/gynecology\/irregular-periods\/#breadcrumb"},"inLanguage":"en-US","potentialAction":[{"@type":"ReadAction","target":["https:\/\/duygumutlu.com\/en\/gynecology\/irregular-periods\/"]}]},{"@type":"ImageObject","inLanguage":"en-US","@id":"https:\/\/duygumutlu.com\/en\/gynecology\/irregular-periods\/#primaryimage","url":"https:\/\/duygumutlu.com\/wp-content\/uploads\/2023\/08\/adet_duzensizligi_cover.jpg","contentUrl":"https:\/\/duygumutlu.com\/wp-content\/uploads\/2023\/08\/adet_duzensizligi_cover.jpg"},{"@type":"BreadcrumbList","@id":"https:\/\/duygumutlu.com\/en\/gynecology\/irregular-periods\/#breadcrumb","itemListElement":[{"@type":"ListItem","position":1,"name":"Ana Sayfa","item":"https:\/\/duygumutlu.com\/en\/"},{"@type":"ListItem","position":2,"name":"Gynecology","item":"https:\/\/duygumutlu.com\/en\/gynecology\/"},{"@type":"ListItem","position":3,"name":"Irregular Periods"}]},{"@type":"WebSite","@id":"https:\/\/duygumutlu.com\/en\/#website","url":"https:\/\/duygumutlu.com\/en\/","name":"Op. Dr. Duygu Mutlu","description":"Kad\u0131n Sa\u011fl\u0131\u011f\u0131 ve Do\u011fum","publisher":{"@id":"https:\/\/duygumutlu.com\/en\/#\/schema\/person\/35a5ed156c4b9cec9a8edc151b539897"},"potentialAction":[{"@type":"SearchAction","target":{"@type":"EntryPoint","urlTemplate":"https:\/\/duygumutlu.com\/en\/?s={search_term_string}"},"query-input":{"@type":"PropertyValueSpecification","valueRequired":true,"valueName":"search_term_string"}}],"inLanguage":"en-US"},{"@type":["Person","Organization"],"@id":"https:\/\/duygumutlu.com\/en\/#\/schema\/person\/35a5ed156c4b9cec9a8edc151b539897","name":"Op. Dr. Duygu Mutlu","image":{"@type":"ImageObject","inLanguage":"en-US","@id":"https:\/\/duygumutlu.com\/wp-content\/uploads\/2023\/10\/cropped-DuyguMutlu_Favicon.png","url":"https:\/\/duygumutlu.com\/wp-content\/uploads\/2023\/10\/cropped-DuyguMutlu_Favicon.png","contentUrl":"https:\/\/duygumutlu.com\/wp-content\/uploads\/2023\/10\/cropped-DuyguMutlu_Favicon.png","width":512,"height":512,"caption":"Op. Dr. Duygu Mutlu"},"logo":{"@id":"https:\/\/duygumutlu.com\/wp-content\/uploads\/2023\/10\/cropped-DuyguMutlu_Favicon.png"},"sameAs":["https:\/\/duygumutlu.com","https:\/\/www.instagram.com\/opdrduygumutlu\/","https:\/\/www.youtube.com\/channel\/UC-VgOCsb4G4pPcGjiFn6f6A"]}]}},"uagb_featured_image_src":{"full":false,"thumbnail":false,"medium":false,"medium_large":false,"large":false,"1536x1536":false,"2048x2048":false},"uagb_author_info":{"display_name":"Op. Dr. Duygu Mutlu","author_link":"https:\/\/duygumutlu.com\/en\/author\/drduygumutlu\/"},"uagb_comment_info":0,"uagb_excerpt":"Causes of Irregular Periods 1. Anatomical Anatomically, endometrial polyps, uterine fibroids, tumors in the uterus, certain ovarian cysts, or pathologies in the cervix can cause irregularities. These possibilities are first assessed during examinations. 2. Hormonal In addition to female hormones, changes in thyroid and hormones related to the mammary gland, getting external hormones as supplements&hellip;","_links":{"self":[{"href":"https:\/\/duygumutlu.com\/en\/wp-json\/wp\/v2\/pages\/3988","targetHints":{"allow":["GET"]}}],"collection":[{"href":"https:\/\/duygumutlu.com\/en\/wp-json\/wp\/v2\/pages"}],"about":[{"href":"https:\/\/duygumutlu.com\/en\/wp-json\/wp\/v2\/types\/page"}],"author":[{"embeddable":true,"href":"https:\/\/duygumutlu.com\/en\/wp-json\/wp\/v2\/users\/1"}],"replies":[{"embeddable":true,"href":"https:\/\/duygumutlu.com\/en\/wp-json\/wp\/v2\/comments?post=3988"}],"version-history":[{"count":7,"href":"https:\/\/duygumutlu.com\/en\/wp-json\/wp\/v2\/pages\/3988\/revisions"}],"predecessor-version":[{"id":4980,"href":"https:\/\/duygumutlu.com\/en\/wp-json\/wp\/v2\/pages\/3988\/revisions\/4980"}],"up":[{"embeddable":true,"href":"https:\/\/duygumutlu.com\/en\/wp-json\/wp\/v2\/pages\/4116"}],"wp:attachment":[{"href":"https:\/\/duygumutlu.com\/en\/wp-json\/wp\/v2\/media?parent=3988"}],"curies":[{"name":"wp","href":"https:\/\/api.w.org\/{rel}","templated":true}]}}