{"id":4112,"date":"2022-10-21T20:31:32","date_gmt":"2022-10-21T20:31:32","guid":{"rendered":"https:\/\/duygumutlu.com\/uterine-fibroids\/"},"modified":"2026-02-22T21:41:44","modified_gmt":"2026-02-22T21:41:44","slug":"fibroids","status":"publish","type":"page","link":"https:\/\/duygumutlu.com\/en\/gynecology\/fibroids\/","title":{"rendered":"Fibroids"},"content":{"rendered":"\n<div class=\"wp-block-cover alignfull is-position-center-center\" style=\"min-height:500px;aspect-ratio:unset;\"><img loading=\"lazy\" decoding=\"async\" width=\"2121\" height=\"1414\" class=\"wp-block-cover__image-background wp-image-3621\" alt=\"myom ve fibroid\" src=\"https:\/\/duygumutlu.com\/wp-content\/uploads\/2023\/08\/myom_cover.jpeg\" data-object-fit=\"cover\" srcset=\"https:\/\/duygumutlu.com\/wp-content\/uploads\/2023\/08\/myom_cover.jpeg 2121w, https:\/\/duygumutlu.com\/wp-content\/uploads\/2023\/08\/myom_cover-300x200.jpeg 300w, https:\/\/duygumutlu.com\/wp-content\/uploads\/2023\/08\/myom_cover-1024x683.jpeg 1024w, https:\/\/duygumutlu.com\/wp-content\/uploads\/2023\/08\/myom_cover-768x512.jpeg 768w, https:\/\/duygumutlu.com\/wp-content\/uploads\/2023\/08\/myom_cover-1536x1024.jpeg 1536w, https:\/\/duygumutlu.com\/wp-content\/uploads\/2023\/08\/myom_cover-2048x1365.jpeg 2048w, https:\/\/duygumutlu.com\/wp-content\/uploads\/2023\/08\/myom_cover-1200x800.jpeg 1200w, https:\/\/duygumutlu.com\/wp-content\/uploads\/2023\/08\/myom_cover-600x400.jpeg 600w\" sizes=\"auto, (max-width: 2121px) 100vw, 2121px\" \/><span aria-hidden=\"true\" class=\"wp-block-cover__background has-ast-global-color-4-background-color has-background-dim-80 has-background-dim\"><\/span><div class=\"wp-block-cover__inner-container is-layout-flow wp-block-cover-is-layout-flow\">\n<h1 class=\"wp-block-heading has-text-align-center has-ast-global-color-0-color has-text-color\">Fibroids<\/h1>\n\n\n\n<p class=\"has-text-align-center has-ast-global-color-5-color has-text-color has-medium-font-size\">Fibroids (also known as myomas) are mostly benign -not cancerous- tumors that grow from the muscle layer of the uterus (myometrium). There are three types, according to their location. Those that grow into the uterine cavity, those that are confined within the wall of the uterus, and those that grow outside the uterus. <\/p>\n\n\n\n<p class=\"has-text-align-center has-ast-global-color-5-color has-text-color has-medium-font-size\">Fibroids are pretty common and often progress without symptoms, however, they can sometimes lead to medical problems. Therefore, routine annual check-ups are very important for the diagnosis. They can be easily detected during ultrasound examinations. <\/p>\n\n\n\n<div class=\"wp-block-buttons is-vertical is-content-justification-center is-layout-flex wp-container-core-buttons-is-layout-734eb2c2 wp-block-buttons-is-layout-flex\">\n<div class=\"wp-block-button is-style-fill\"><a class=\"wp-block-button__link has-ast-global-color-4-color has-ast-global-color-0-background-color has-text-color has-background has-border-color has-ast-global-color-2-border-color has-medium-font-size has-custom-font-size wp-element-button\" href=\"https:\/\/api.whatsapp.com\/send?phone=905326567388\" style=\"border-radius:100px\">Make An Appointment<\/a><\/div>\n<\/div>\n<\/div><\/div>\n\n\n\n<div class=\"inherit-container-width wp-block-group alignfull is-layout-constrained wp-block-group-is-layout-constrained\">\n<h2 class=\"wp-block-heading has-text-align-center has-ast-global-color-2-color has-text-color\">Symptoms of Fibroids<\/h2>\n\n\n\n<div class=\"wp-block-columns alignwide is-layout-flex wp-container-core-columns-is-layout-28f84493 wp-block-columns-is-layout-flex\">\n<div class=\"wp-block-column has-ast-global-color-5-color has-ast-global-color-4-background-color has-text-color has-background is-layout-flow wp-block-column-is-layout-flow\">\n<div class=\"inherit-container-width wp-block-group is-layout-constrained wp-block-group-is-layout-constrained\">\n<h3 class=\"wp-block-heading has-text-align-center has-ast-global-color-0-color has-text-color\">Bleeding Disorder<\/h3>\n\n\n\n<p class=\"has-text-align-center has-ast-global-color-5-color has-text-color\">Myomas that grow into the uterine cavity, can cause heavy bleeding during menstruation and out-of-period bleeding. <\/p>\n<\/div>\n<\/div>\n\n\n\n<div class=\"wp-block-column has-ast-global-color-4-background-color has-background is-layout-flow wp-block-column-is-layout-flow\">\n<div class=\"inherit-container-width wp-block-group is-layout-constrained wp-block-group-is-layout-constrained\">\n<h3 class=\"wp-block-heading has-text-align-center has-ast-global-color-0-color has-text-color\" style=\"color:#ffffff\">  Pelvic Pain<\/h3>\n\n\n\n<p class=\"has-text-align-center has-ast-global-color-5-color has-text-color\" style=\"color:#ffffff\">Especially those above a certain size, cause pelvic pain. This pain is also felt during menstrual periods.<\/p>\n<\/div>\n<\/div>\n\n\n\n<div class=\"wp-block-column has-ast-global-color-4-background-color has-background is-layout-flow wp-block-column-is-layout-flow\">\n<div class=\"inherit-container-width wp-block-group is-layout-constrained wp-block-group-is-layout-constrained\">\n<h3 class=\"wp-block-heading has-text-align-center has-ast-global-color-0-color has-text-color\" style=\"color:#ffffff\">Problem in Pregnancy<\/h3>\n\n\n\n<p class=\"has-text-align-center has-ast-global-color-5-color has-text-color\">Since it can cause deformity of the uterus, it carries risks such as <a href=\"https:\/\/duygumutlu.com\/kisirlik-infertilite\/\">infertility<\/a>, miscarriage, or premature birth.<\/p>\n<\/div>\n<\/div>\n<\/div>\n\n\n\n<div class=\"wp-block-columns alignwide is-layout-flex wp-container-core-columns-is-layout-28f84493 wp-block-columns-is-layout-flex\">\n<div class=\"wp-block-column has-ast-global-color-4-background-color has-background is-layout-flow wp-block-column-is-layout-flow\">\n<div class=\"inherit-container-width wp-block-group is-layout-constrained wp-block-group-is-layout-constrained\">\n<h3 class=\"wp-block-heading has-text-align-center has-ast-global-color-0-color has-text-color\">Pain During Sex<\/h3>\n\n\n\n<p class=\"has-text-align-center has-ast-global-color-5-color has-text-color\" style=\"color:#ffffff\">Some fibroids can also cause pain during sexual intercourse, depending on their position.<\/p>\n<\/div>\n<\/div>\n\n\n\n<div class=\"wp-block-column has-ast-global-color-4-background-color has-background is-layout-flow wp-block-column-is-layout-flow\">\n<div class=\"inherit-container-width wp-block-group is-layout-constrained wp-block-group-is-layout-constrained\">\n<h3 class=\"wp-block-heading has-text-align-center has-ast-global-color-0-color has-text-color\" style=\"color:#ffffff\">Bladder Symptoms<\/h3>\n\n\n\n<p class=\"has-text-align-center has-ast-global-color-5-color has-text-color\" style=\"color:#ffffff\">Fibroids that grow from the anterior wall of the uterus towards the bladder can cause frequent urination or difficulty urinating.<\/p>\n<\/div>\n<\/div>\n\n\n\n<div class=\"wp-block-column has-ast-global-color-4-background-color has-background is-layout-flow wp-block-column-is-layout-flow\">\n<div class=\"inherit-container-width wp-block-group is-layout-constrained wp-block-group-is-layout-constrained\">\n<h3 class=\"wp-block-heading has-text-align-center has-ast-global-color-0-color has-text-color\" style=\"color:#ffffff\">Bowel Symptoms<\/h3>\n\n\n\n<p class=\"has-text-align-center has-ast-global-color-5-color has-text-color\">Fibroids growing towards the intestines can cause constipation because they put pressure on the intestines.<\/p>\n<\/div>\n<\/div>\n<\/div>\n<\/div>\n\n\n\n<div class=\"wp-block-group alignfull has-ast-global-color-0-background-color has-background is-layout-flow wp-block-group-is-layout-flow\">\n<h2 class=\"wp-block-heading has-text-align-center has-text-color\" style=\"color:#ffffff\"><strong>Contact Op. Dr. Duygu Mutlu. <\/strong><\/h2>\n\n\n\n<p class=\"has-text-align-center has-text-color\" style=\"color:#ffffff\">If you have one or more of the symptoms and have not had your routine gynecological check-up for more than a year, visit our office for a detailed examination. <\/p>\n\n\n\n<div class=\"wp-block-buttons is-horizontal is-content-justification-center is-layout-flex wp-container-core-buttons-is-layout-03627597 wp-block-buttons-is-layout-flex\">\n<div class=\"wp-block-button is-style-circular\"><a class=\"wp-block-button__link has-ast-global-color-4-color has-ast-global-color-2-background-color has-text-color has-background wp-element-button\" href=\"tel:+90 532 656 73 88\"><strong>Make an Appointment<\/strong><\/a><\/div>\n\n\n\n<div class=\"wp-block-button is-style-circular\"><a class=\"wp-block-button__link has-ast-global-color-0-color has-ast-global-color-4-background-color has-text-color has-background wp-element-button\" href=\"https:\/\/api.whatsapp.com\/send?phone=905326567388\"><strong>Ask a Question<\/strong><\/a><\/div>\n\n\n\n<div class=\"wp-block-button is-style-circular\"><a class=\"wp-block-button__link has-ast-global-color-0-color has-ast-global-color-4-background-color has-text-color has-background wp-element-button\" href=\"https:\/\/www.instagram.com\/opdrduygumutlu\/\"><strong>Follow<\/strong><\/a><\/div>\n<\/div>\n<\/div>\n\n\n\n<div class=\"wp-block-uagb-container uagb-block-c0c0ab3a alignwide uagb-is-root-container\">\n<div class=\"wp-block-uagb-advanced-heading uagb-block-83843e3d\"><h2 class=\"uagb-heading-text\">Is Treatment of Fibroids Possible?<\/h2><\/div>\n\n\n\n<div class=\"wp-block-uagb-container uagb-block-02e9204e\">\n<div class=\"wp-block-uagb-container uagb-block-b9c36499\">\n<div class=\"wp-block-uagb-info-box uagb-block-cfc0467e uagb-infobox__content-wrap  uagb-infobox-icon-left uagb-infobox-left uagb-infobox-image-valign-middle\"><div class=\"uagb-ifb-content\"><div class=\"uagb-ifb-title-wrap\"><h4 class=\"uagb-ifb-title\">Regular Check-ups<\/h4><\/div><\/div><\/div>\n\n\n\n<p class=\"has-ast-global-color-0-color has-text-color\">Symptom-free myomas are monitored by ultrasound and <strong>followed up at six-month intervals.<\/strong> In doubtful cases, MRI aims to provide the most effective imaging.<\/p>\n\n\n\n<p>In symptomatic ones, medical treatment can be used to alleviate the symptoms. However, we cannot say that medical treatment is sufficient for the definitive treatment of fibroids.  <\/p>\n<\/div>\n\n\n\n<div class=\"wp-block-uagb-container uagb-block-cf287e58\">\n<div class=\"wp-block-uagb-info-box uagb-block-1193c62e uagb-infobox__content-wrap  uagb-infobox-icon-left uagb-infobox-left uagb-infobox-image-valign-middle\"><div class=\"uagb-ifb-content\"><div class=\"uagb-ifb-title-wrap\"><h4 class=\"uagb-ifb-title\">Surgical Intervention<\/h4><\/div><\/div><\/div>\n\n\n\n<p class=\"has-ast-global-color-0-color has-text-color\">Fibroids should be removed surgically, if they have reached a certain size or cause serious medical discomfort. <\/p>\n\n\n\n<p>Usually, they can easily be removed <strong>with uterine-sparing surgery<\/strong> without organ loss. In very rare cases, when myomas completely surround the uterus, removal of the uterus may be considered as a last resort.<\/p>\n<\/div>\n<\/div>\n\n\n\n<div class=\"wp-block-cover is-light\" style=\"min-height:217px;aspect-ratio:unset;\"><span aria-hidden=\"true\" class=\"wp-block-cover__background has-white-background-color has-background-dim-100 has-background-dim\"><\/span><div class=\"wp-block-cover__inner-container is-layout-flow wp-block-cover-is-layout-flow\">\n<h2 class=\"wp-block-heading has-text-align-center has-ast-global-color-2-color has-text-color\">Do Fibroids Come Back?<\/h2>\n\n\n\n<p class=\"has-medium-font-size\">Genetic factors and lifestyle are influential in the development of myomas. There is therefore a risk of recurrence after surgery. They can be prevented with a healthy lifestyle, nutrition, regular exercise, and check-ups with a gynecologist to provide a chance for early diagnosis.<\/p>\n<\/div><\/div>\n<\/div>\n","protected":false},"excerpt":{"rendered":"<p>Symptoms of Fibroids Bleeding Disorder Myomas that grow into the uterine cavity, can cause heavy bleeding during menstruation and out-of-period bleeding. Pelvic Pain Especially those above a certain size, cause pelvic pain. This pain is also felt during menstrual periods. Problem in Pregnancy Since it can cause deformity of the uterus, it carries risks such [&hellip;]<\/p>\n","protected":false},"author":1,"featured_media":0,"parent":4116,"menu_order":3,"comment_status":"closed","ping_status":"closed","template":"","meta":{"_coblocks_attr":"","_coblocks_dimensions":"","_coblocks_responsive_height":"","_coblocks_accordion_ie_support":"","_uag_custom_page_level_css":"","site-sidebar-layout":"default","site-content-layout":"","ast-site-content-layout":"default","site-content-style":"default","site-sidebar-style":"default","ast-global-header-display":"","ast-banner-title-visibility":"","ast-main-header-display":"","ast-hfb-above-header-display":"","ast-hfb-below-header-display":"","ast-hfb-mobile-header-display":"","site-post-title":"","ast-breadcrumbs-content":"","ast-featured-img":"","footer-sml-layout":"","ast-disable-related-posts":"","theme-transparent-header-meta":"","adv-header-id-meta":"","stick-header-meta":"","header-above-stick-meta":"","header-main-stick-meta":"","header-below-stick-meta":"","astra-migrate-meta-layouts":"set","ast-page-background-enabled":"default","ast-page-background-meta":{"desktop":{"background-color":"var(--ast-global-color-4)","background-image":"","background-repeat":"repeat","background-position":"center center","background-size":"auto","background-attachment":"scroll","background-type":"","background-media":"","overlay-type":"","overlay-color":"","overlay-opacity":"","overlay-gradient":""},"tablet":{"background-color":"","background-image":"","background-repeat":"repeat","background-position":"center center","background-size":"auto","background-attachment":"scroll","background-type":"","background-media":"","overlay-type":"","overlay-color":"","overlay-opacity":"","overlay-gradient":""},"mobile":{"background-color":"","background-image":"","background-repeat":"repeat","background-position":"center center","background-size":"auto","background-attachment":"scroll","background-type":"","background-media":"","overlay-type":"","overlay-color":"","overlay-opacity":"","overlay-gradient":""}},"ast-content-background-meta":{"desktop":{"background-color":"var(--ast-global-color-5)","background-image":"","background-repeat":"repeat","background-position":"center center","background-size":"auto","background-attachment":"scroll","background-type":"","background-media":"","overlay-type":"","overlay-color":"","overlay-opacity":"","overlay-gradient":""},"tablet":{"background-color":"var(--ast-global-color-5)","background-image":"","background-repeat":"repeat","background-position":"center center","background-size":"auto","background-attachment":"scroll","background-type":"","background-media":"","overlay-type":"","overlay-color":"","overlay-opacity":"","overlay-gradient":""},"mobile":{"background-color":"var(--ast-global-color-5)","background-image":"","background-repeat":"repeat","background-position":"center center","background-size":"auto","background-attachment":"scroll","background-type":"","background-media":"","overlay-type":"","overlay-color":"","overlay-opacity":"","overlay-gradient":""}},"footnotes":""},"class_list":["post-4112","page","type-page","status-publish","hentry"],"yoast_head":"<!-- This site is optimized with the Yoast SEO plugin v27.5 - https:\/\/yoast.com\/product\/yoast-seo-wordpress\/ -->\n<title>Fibroids | Op. Dr. Duygu Mutlu<\/title>\n<meta name=\"description\" content=\"Annual check-ups are critical in the diagnosis of fibroids. Do not neglect your routine gynecological examination, make an appointment now.\" \/>\n<meta name=\"robots\" content=\"index, follow, max-snippet:-1, max-image-preview:large, max-video-preview:-1\" \/>\n<link rel=\"canonical\" href=\"https:\/\/duygumutlu.com\/en\/gynecology\/fibroids\/\" \/>\n<meta property=\"og:locale\" content=\"en_US\" \/>\n<meta property=\"og:type\" content=\"article\" \/>\n<meta property=\"og:title\" content=\"Fibroids | Op. Dr. Duygu Mutlu\" \/>\n<meta property=\"og:description\" content=\"Annual check-ups are critical in the diagnosis of fibroids. Do not neglect your routine gynecological examination, make an appointment now.\" \/>\n<meta property=\"og:url\" content=\"https:\/\/duygumutlu.com\/en\/gynecology\/fibroids\/\" \/>\n<meta property=\"og:site_name\" content=\"Op. Dr. Duygu Mutlu\" \/>\n<meta property=\"article:modified_time\" content=\"2026-02-22T21:41:44+00:00\" \/>\n<meta property=\"og:image\" content=\"https:\/\/duygumutlu.com\/wp-content\/uploads\/2023\/08\/myom_cover-1024x683.jpeg\" \/>\n<meta name=\"twitter:card\" content=\"summary_large_image\" \/>\n<meta name=\"twitter:title\" content=\"Fibroids | Op. Dr. Duygu Mutlu\" \/>\n<meta name=\"twitter:description\" content=\"Annual check-ups are critical in the diagnosis of fibroids. Do not neglect your routine gynecological examination, make an appointment now.\" \/>\n<meta name=\"twitter:image\" content=\"https:\/\/duygumutlu.com\/wp-content\/uploads\/2023\/08\/myom_cover-1024x683.jpeg\" \/>\n<meta name=\"twitter:label1\" content=\"Est. reading time\" \/>\n\t<meta name=\"twitter:data1\" content=\"3 minutes\" \/>\n<script type=\"application\/ld+json\" class=\"yoast-schema-graph\">{\"@context\":\"https:\\\/\\\/schema.org\",\"@graph\":[{\"@type\":\"WebPage\",\"@id\":\"https:\\\/\\\/duygumutlu.com\\\/en\\\/gynecology\\\/fibroids\\\/\",\"url\":\"https:\\\/\\\/duygumutlu.com\\\/en\\\/gynecology\\\/fibroids\\\/\",\"name\":\"Fibroids | Op. Dr. Duygu Mutlu\",\"isPartOf\":{\"@id\":\"https:\\\/\\\/duygumutlu.com\\\/en\\\/#website\"},\"primaryImageOfPage\":{\"@id\":\"https:\\\/\\\/duygumutlu.com\\\/en\\\/gynecology\\\/fibroids\\\/#primaryimage\"},\"image\":{\"@id\":\"https:\\\/\\\/duygumutlu.com\\\/en\\\/gynecology\\\/fibroids\\\/#primaryimage\"},\"thumbnailUrl\":\"https:\\\/\\\/duygumutlu.com\\\/wp-content\\\/uploads\\\/2023\\\/08\\\/myom_cover.jpeg\",\"datePublished\":\"2022-10-21T20:31:32+00:00\",\"dateModified\":\"2026-02-22T21:41:44+00:00\",\"description\":\"Annual check-ups are critical in the diagnosis of fibroids. Do not neglect your routine gynecological examination, make an appointment now.\",\"breadcrumb\":{\"@id\":\"https:\\\/\\\/duygumutlu.com\\\/en\\\/gynecology\\\/fibroids\\\/#breadcrumb\"},\"inLanguage\":\"en-US\",\"potentialAction\":[{\"@type\":\"ReadAction\",\"target\":[\"https:\\\/\\\/duygumutlu.com\\\/en\\\/gynecology\\\/fibroids\\\/\"]}]},{\"@type\":\"ImageObject\",\"inLanguage\":\"en-US\",\"@id\":\"https:\\\/\\\/duygumutlu.com\\\/en\\\/gynecology\\\/fibroids\\\/#primaryimage\",\"url\":\"https:\\\/\\\/duygumutlu.com\\\/wp-content\\\/uploads\\\/2023\\\/08\\\/myom_cover.jpeg\",\"contentUrl\":\"https:\\\/\\\/duygumutlu.com\\\/wp-content\\\/uploads\\\/2023\\\/08\\\/myom_cover.jpeg\"},{\"@type\":\"BreadcrumbList\",\"@id\":\"https:\\\/\\\/duygumutlu.com\\\/en\\\/gynecology\\\/fibroids\\\/#breadcrumb\",\"itemListElement\":[{\"@type\":\"ListItem\",\"position\":1,\"name\":\"Ana Sayfa\",\"item\":\"https:\\\/\\\/duygumutlu.com\\\/en\\\/\"},{\"@type\":\"ListItem\",\"position\":2,\"name\":\"Gynecology\",\"item\":\"https:\\\/\\\/duygumutlu.com\\\/en\\\/gynecology\\\/\"},{\"@type\":\"ListItem\",\"position\":3,\"name\":\"Fibroids\"}]},{\"@type\":\"WebSite\",\"@id\":\"https:\\\/\\\/duygumutlu.com\\\/en\\\/#website\",\"url\":\"https:\\\/\\\/duygumutlu.com\\\/en\\\/\",\"name\":\"Op. Dr. Duygu Mutlu\",\"description\":\"Kad\u0131n Sa\u011fl\u0131\u011f\u0131 ve Do\u011fum\",\"publisher\":{\"@id\":\"https:\\\/\\\/duygumutlu.com\\\/en\\\/#\\\/schema\\\/person\\\/35a5ed156c4b9cec9a8edc151b539897\"},\"potentialAction\":[{\"@type\":\"SearchAction\",\"target\":{\"@type\":\"EntryPoint\",\"urlTemplate\":\"https:\\\/\\\/duygumutlu.com\\\/en\\\/?s={search_term_string}\"},\"query-input\":{\"@type\":\"PropertyValueSpecification\",\"valueRequired\":true,\"valueName\":\"search_term_string\"}}],\"inLanguage\":\"en-US\"},{\"@type\":[\"Person\",\"Organization\"],\"@id\":\"https:\\\/\\\/duygumutlu.com\\\/en\\\/#\\\/schema\\\/person\\\/35a5ed156c4b9cec9a8edc151b539897\",\"name\":\"Op. Dr. Duygu Mutlu\",\"image\":{\"@type\":\"ImageObject\",\"inLanguage\":\"en-US\",\"@id\":\"https:\\\/\\\/duygumutlu.com\\\/wp-content\\\/uploads\\\/2023\\\/10\\\/cropped-DuyguMutlu_Favicon.png\",\"url\":\"https:\\\/\\\/duygumutlu.com\\\/wp-content\\\/uploads\\\/2023\\\/10\\\/cropped-DuyguMutlu_Favicon.png\",\"contentUrl\":\"https:\\\/\\\/duygumutlu.com\\\/wp-content\\\/uploads\\\/2023\\\/10\\\/cropped-DuyguMutlu_Favicon.png\",\"width\":512,\"height\":512,\"caption\":\"Op. Dr. Duygu Mutlu\"},\"logo\":{\"@id\":\"https:\\\/\\\/duygumutlu.com\\\/wp-content\\\/uploads\\\/2023\\\/10\\\/cropped-DuyguMutlu_Favicon.png\"},\"sameAs\":[\"https:\\\/\\\/duygumutlu.com\",\"https:\\\/\\\/www.instagram.com\\\/opdrduygumutlu\\\/\",\"https:\\\/\\\/www.youtube.com\\\/channel\\\/UC-VgOCsb4G4pPcGjiFn6f6A\"]}]}<\/script>\n<!-- \/ Yoast SEO plugin. -->","yoast_head_json":{"title":"Fibroids | Op. Dr. Duygu Mutlu","description":"Annual check-ups are critical in the diagnosis of fibroids. Do not neglect your routine gynecological examination, make an appointment now.","robots":{"index":"index","follow":"follow","max-snippet":"max-snippet:-1","max-image-preview":"max-image-preview:large","max-video-preview":"max-video-preview:-1"},"canonical":"https:\/\/duygumutlu.com\/en\/gynecology\/fibroids\/","og_locale":"en_US","og_type":"article","og_title":"Fibroids | Op. Dr. Duygu Mutlu","og_description":"Annual check-ups are critical in the diagnosis of fibroids. Do not neglect your routine gynecological examination, make an appointment now.","og_url":"https:\/\/duygumutlu.com\/en\/gynecology\/fibroids\/","og_site_name":"Op. Dr. Duygu Mutlu","article_modified_time":"2026-02-22T21:41:44+00:00","og_image":[{"url":"https:\/\/duygumutlu.com\/wp-content\/uploads\/2023\/08\/myom_cover-1024x683.jpeg","type":"","width":"","height":""}],"twitter_card":"summary_large_image","twitter_title":"Fibroids | Op. Dr. Duygu Mutlu","twitter_description":"Annual check-ups are critical in the diagnosis of fibroids. Do not neglect your routine gynecological examination, make an appointment now.","twitter_image":"https:\/\/duygumutlu.com\/wp-content\/uploads\/2023\/08\/myom_cover-1024x683.jpeg","twitter_misc":{"Est. reading time":"3 minutes"},"schema":{"@context":"https:\/\/schema.org","@graph":[{"@type":"WebPage","@id":"https:\/\/duygumutlu.com\/en\/gynecology\/fibroids\/","url":"https:\/\/duygumutlu.com\/en\/gynecology\/fibroids\/","name":"Fibroids | Op. Dr. Duygu Mutlu","isPartOf":{"@id":"https:\/\/duygumutlu.com\/en\/#website"},"primaryImageOfPage":{"@id":"https:\/\/duygumutlu.com\/en\/gynecology\/fibroids\/#primaryimage"},"image":{"@id":"https:\/\/duygumutlu.com\/en\/gynecology\/fibroids\/#primaryimage"},"thumbnailUrl":"https:\/\/duygumutlu.com\/wp-content\/uploads\/2023\/08\/myom_cover.jpeg","datePublished":"2022-10-21T20:31:32+00:00","dateModified":"2026-02-22T21:41:44+00:00","description":"Annual check-ups are critical in the diagnosis of fibroids. Do not neglect your routine gynecological examination, make an appointment now.","breadcrumb":{"@id":"https:\/\/duygumutlu.com\/en\/gynecology\/fibroids\/#breadcrumb"},"inLanguage":"en-US","potentialAction":[{"@type":"ReadAction","target":["https:\/\/duygumutlu.com\/en\/gynecology\/fibroids\/"]}]},{"@type":"ImageObject","inLanguage":"en-US","@id":"https:\/\/duygumutlu.com\/en\/gynecology\/fibroids\/#primaryimage","url":"https:\/\/duygumutlu.com\/wp-content\/uploads\/2023\/08\/myom_cover.jpeg","contentUrl":"https:\/\/duygumutlu.com\/wp-content\/uploads\/2023\/08\/myom_cover.jpeg"},{"@type":"BreadcrumbList","@id":"https:\/\/duygumutlu.com\/en\/gynecology\/fibroids\/#breadcrumb","itemListElement":[{"@type":"ListItem","position":1,"name":"Ana Sayfa","item":"https:\/\/duygumutlu.com\/en\/"},{"@type":"ListItem","position":2,"name":"Gynecology","item":"https:\/\/duygumutlu.com\/en\/gynecology\/"},{"@type":"ListItem","position":3,"name":"Fibroids"}]},{"@type":"WebSite","@id":"https:\/\/duygumutlu.com\/en\/#website","url":"https:\/\/duygumutlu.com\/en\/","name":"Op. Dr. Duygu Mutlu","description":"Kad\u0131n Sa\u011fl\u0131\u011f\u0131 ve Do\u011fum","publisher":{"@id":"https:\/\/duygumutlu.com\/en\/#\/schema\/person\/35a5ed156c4b9cec9a8edc151b539897"},"potentialAction":[{"@type":"SearchAction","target":{"@type":"EntryPoint","urlTemplate":"https:\/\/duygumutlu.com\/en\/?s={search_term_string}"},"query-input":{"@type":"PropertyValueSpecification","valueRequired":true,"valueName":"search_term_string"}}],"inLanguage":"en-US"},{"@type":["Person","Organization"],"@id":"https:\/\/duygumutlu.com\/en\/#\/schema\/person\/35a5ed156c4b9cec9a8edc151b539897","name":"Op. Dr. Duygu Mutlu","image":{"@type":"ImageObject","inLanguage":"en-US","@id":"https:\/\/duygumutlu.com\/wp-content\/uploads\/2023\/10\/cropped-DuyguMutlu_Favicon.png","url":"https:\/\/duygumutlu.com\/wp-content\/uploads\/2023\/10\/cropped-DuyguMutlu_Favicon.png","contentUrl":"https:\/\/duygumutlu.com\/wp-content\/uploads\/2023\/10\/cropped-DuyguMutlu_Favicon.png","width":512,"height":512,"caption":"Op. Dr. Duygu Mutlu"},"logo":{"@id":"https:\/\/duygumutlu.com\/wp-content\/uploads\/2023\/10\/cropped-DuyguMutlu_Favicon.png"},"sameAs":["https:\/\/duygumutlu.com","https:\/\/www.instagram.com\/opdrduygumutlu\/","https:\/\/www.youtube.com\/channel\/UC-VgOCsb4G4pPcGjiFn6f6A"]}]}},"uagb_featured_image_src":{"full":false,"thumbnail":false,"medium":false,"medium_large":false,"large":false,"1536x1536":false,"2048x2048":false},"uagb_author_info":{"display_name":"Op. Dr. Duygu Mutlu","author_link":"https:\/\/duygumutlu.com\/en\/author\/drduygumutlu\/"},"uagb_comment_info":0,"uagb_excerpt":"Symptoms of Fibroids Bleeding Disorder Myomas that grow into the uterine cavity, can cause heavy bleeding during menstruation and out-of-period bleeding. Pelvic Pain Especially those above a certain size, cause pelvic pain. This pain is also felt during menstrual periods. Problem in Pregnancy Since it can cause deformity of the uterus, it carries risks such&hellip;","_links":{"self":[{"href":"https:\/\/duygumutlu.com\/en\/wp-json\/wp\/v2\/pages\/4112","targetHints":{"allow":["GET"]}}],"collection":[{"href":"https:\/\/duygumutlu.com\/en\/wp-json\/wp\/v2\/pages"}],"about":[{"href":"https:\/\/duygumutlu.com\/en\/wp-json\/wp\/v2\/types\/page"}],"author":[{"embeddable":true,"href":"https:\/\/duygumutlu.com\/en\/wp-json\/wp\/v2\/users\/1"}],"replies":[{"embeddable":true,"href":"https:\/\/duygumutlu.com\/en\/wp-json\/wp\/v2\/comments?post=4112"}],"version-history":[{"count":8,"href":"https:\/\/duygumutlu.com\/en\/wp-json\/wp\/v2\/pages\/4112\/revisions"}],"predecessor-version":[{"id":4982,"href":"https:\/\/duygumutlu.com\/en\/wp-json\/wp\/v2\/pages\/4112\/revisions\/4982"}],"up":[{"embeddable":true,"href":"https:\/\/duygumutlu.com\/en\/wp-json\/wp\/v2\/pages\/4116"}],"wp:attachment":[{"href":"https:\/\/duygumutlu.com\/en\/wp-json\/wp\/v2\/media?parent=4112"}],"curies":[{"name":"wp","href":"https:\/\/api.w.org\/{rel}","templated":true}]}}