{"id":4162,"date":"2022-10-21T20:31:32","date_gmt":"2022-10-21T20:31:32","guid":{"rendered":"https:\/\/duygumutlu.com\/gynecology\/pap-smear-and-colposcopy\/"},"modified":"2026-02-22T21:42:54","modified_gmt":"2026-02-22T21:42:54","slug":"pap-smear-and-colposcopy","status":"publish","type":"page","link":"https:\/\/duygumutlu.com\/en\/gynecology\/pap-smear-and-colposcopy\/","title":{"rendered":"PAP Smear and Colposcopy"},"content":{"rendered":"\n<div class=\"wp-block-cover alignfull is-position-center-center\" style=\"min-height:500px;aspect-ratio:unset;\"><img loading=\"lazy\" decoding=\"async\" width=\"2560\" height=\"1707\" class=\"wp-block-cover__image-background wp-image-2760\" alt=\"smear kolposkopi\" src=\"https:\/\/duygumutlu.com\/wp-content\/uploads\/2023\/08\/smear_ve_kolposkopi_cover-scaled.jpeg\" style=\"object-position:63% 50%\" data-object-fit=\"cover\" data-object-position=\"63% 50%\" srcset=\"https:\/\/duygumutlu.com\/wp-content\/uploads\/2023\/08\/smear_ve_kolposkopi_cover-scaled.jpeg 2560w, https:\/\/duygumutlu.com\/wp-content\/uploads\/2023\/08\/smear_ve_kolposkopi_cover-300x200.jpeg 300w, https:\/\/duygumutlu.com\/wp-content\/uploads\/2023\/08\/smear_ve_kolposkopi_cover-1024x683.jpeg 1024w, https:\/\/duygumutlu.com\/wp-content\/uploads\/2023\/08\/smear_ve_kolposkopi_cover-768x512.jpeg 768w, https:\/\/duygumutlu.com\/wp-content\/uploads\/2023\/08\/smear_ve_kolposkopi_cover-1536x1024.jpeg 1536w, https:\/\/duygumutlu.com\/wp-content\/uploads\/2023\/08\/smear_ve_kolposkopi_cover-2048x1365.jpeg 2048w, https:\/\/duygumutlu.com\/wp-content\/uploads\/2023\/08\/smear_ve_kolposkopi_cover-1200x800.jpeg 1200w, https:\/\/duygumutlu.com\/wp-content\/uploads\/2023\/08\/smear_ve_kolposkopi_cover-600x400.jpeg 600w\" sizes=\"auto, (max-width: 2560px) 100vw, 2560px\" \/><span aria-hidden=\"true\" class=\"wp-block-cover__background has-ast-global-color-4-background-color has-background-dim-70 has-background-dim\"><\/span><div class=\"wp-block-cover__inner-container is-layout-flow wp-block-cover-is-layout-flow\">\n<h1 class=\"wp-block-heading has-text-align-center has-ast-global-color-0-color has-text-color\">PAP Smear and Colposcopy<\/h1>\n\n\n\n<p class=\"has-text-align-center has-ast-global-color-5-color has-text-color has-medium-font-size\">A cervical swab (<strong>PAP Smear<\/strong>) provides information about cellular changes in the cervix. When cellular changes detected in the cervix require more detailed surveillance, the cervix is observed from outside the vagina using <strong>colposcopy <\/strong>. <\/p>\n\n\n\n<p class=\"has-text-align-center has-ast-global-color-5-color has-text-color has-medium-font-size\">In addition to traditional methods, video camera technologies are used in our clinic to project these images on the screen and the patient has the chance to watch the images simultaneously with the doctor. <\/p>\n\n\n\n<div class=\"wp-block-buttons is-vertical is-content-justification-center is-layout-flex wp-container-core-buttons-is-layout-734eb2c2 wp-block-buttons-is-layout-flex\">\n<div class=\"wp-block-button is-style-fill\"><a class=\"wp-block-button__link has-ast-global-color-4-color has-ast-global-color-0-background-color has-text-color has-background has-border-color has-ast-global-color-2-border-color has-medium-font-size has-custom-font-size wp-element-button\" href=\"https:\/\/api.whatsapp.com\/send?phone=905326567388\" style=\"border-radius:100px\">Make An Appointment<\/a><\/div>\n<\/div>\n<\/div><\/div>\n\n\n\n<div class=\"wp-block-cover is-light has-custom-content-position is-position-top-center\" style=\"min-height:78px;aspect-ratio:unset;\"><span aria-hidden=\"true\" class=\"wp-block-cover__background has-white-background-color has-background-dim-100 has-background-dim\"><\/span><div class=\"wp-block-cover__inner-container is-layout-flow wp-block-cover-is-layout-flow\">\n<h2 class=\"wp-block-heading has-text-align-center has-ast-global-color-2-color has-text-color\">When To Get a Pap Smear Test? <\/h2>\n\n\n\n<p class=\"has-text-align-center has-medium-font-size\">It is recommended to go for routine check-ups once a year from the beginning of sexual life and to be tested with a Pap Test. If the results of the <a href=\"https:\/\/duygumutlu.com\/en\/gynecology\/genital-warts-hpv\/\">HPV test<\/a> (co-test) are negative, it is sufficient to repeat the test every five years. A suspicious Pap Smear result or a positive HPV test for a high-risk type requires colposcopic examination. <\/p>\n<\/div><\/div>\n\n\n\n<div class=\"wp-block-group alignfull has-ast-global-color-0-background-color has-background is-layout-flow wp-block-group-is-layout-flow\">\n<h2 class=\"wp-block-heading has-text-align-center has-text-color\" style=\"color:#ffffff\"><strong>Contact Op. Dr. Duygu Mutlu. <\/strong><\/h2>\n\n\n\n<p class=\"has-text-align-center has-text-color\" style=\"color:#ffffff\">Pap Smear and colposcopy is critical for the diagnosis of many diseases. Do not neglect your routine cervical screening and submit your Pap smear sample at least once a year.  <\/p>\n\n\n\n<div class=\"wp-block-buttons is-horizontal is-content-justification-center is-layout-flex wp-container-core-buttons-is-layout-03627597 wp-block-buttons-is-layout-flex\">\n<div class=\"wp-block-button is-style-circular\"><a class=\"wp-block-button__link has-ast-global-color-4-color has-ast-global-color-2-background-color has-text-color has-background wp-element-button\" href=\"tel:+90 532 656 73 88\"><strong>Make an Appointment<\/strong><\/a><\/div>\n\n\n\n<div class=\"wp-block-button is-style-circular\"><a class=\"wp-block-button__link has-ast-global-color-0-color has-ast-global-color-4-background-color has-text-color has-background wp-element-button\" href=\"https:\/\/api.whatsapp.com\/send?phone=905326567388\"><strong>Ask a Question<\/strong><\/a><\/div>\n\n\n\n<div class=\"wp-block-button is-style-circular\"><a class=\"wp-block-button__link has-ast-global-color-0-color has-ast-global-color-4-background-color has-text-color has-background wp-element-button\" href=\"https:\/\/www.instagram.com\/opdrduygumutlu\/\"><strong>Follow<\/strong><\/a><\/div>\n<\/div>\n\n\n\n<p><\/p>\n<\/div>\n\n\n\n<div class=\"wp-block-uagb-container uagb-block-bfaa5b6c alignwide uagb-is-root-container\">\n<div class=\"wp-block-uagb-advanced-heading uagb-block-b7c455e9\"><h2 class=\"uagb-heading-text\">Why Pap Smear and Colposcopy Are Important?<\/h2><\/div>\n\n\n\n<div class=\"wp-block-uagb-container uagb-block-096c514d\">\n<div class=\"wp-block-uagb-container uagb-block-364e9bd2\">\n<div class=\"wp-block-uagb-info-box uagb-block-cfc0467e uagb-infobox__content-wrap  uagb-infobox-icon-left uagb-infobox-left uagb-infobox-image-valign-middle\"><div class=\"uagb-ifb-content\"><div class=\"uagb-ifb-title-wrap\"><h4 class=\"uagb-ifb-title\">How is Colposcopy Performed?<\/h4><\/div><\/div><\/div>\n\n\n\n<p>Colposcopy is a microscopic examination technology that magnifies the cervix up to about forty times. Although patients generally believe that anesthesia is required for colposcopy, it is possible to skip this procedure painlessly with the colposcopy machines we use in our practice. Therefore, our patients can easily undergo a colposcopy examination without the need for anesthesia. <\/p>\n\n\n\n<p>Colposcopy is based on spraying different types of dyes on the cervix and observing the way the dyes adhere to the tissue and the changes in the cervix. If a risky situation is diagnosed, a detailed examination with a biopsy would be necessary.<\/p>\n<\/div>\n\n\n\n<div class=\"wp-block-uagb-container uagb-block-f8bcca7f\">\n<div class=\"wp-block-uagb-info-box uagb-block-4f6f2faf uagb-infobox__content-wrap  uagb-infobox-icon-left uagb-infobox-left uagb-infobox-image-valign-middle\"><div class=\"uagb-ifb-content\"><div class=\"uagb-ifb-title-wrap\"><h4 class=\"uagb-ifb-title\">General Principles of Biopsy<\/h4><\/div><\/div><\/div>\n\n\n\n<p>Biopsies taken from the cervix are painless as there is not much nerve tissue in this area. Patients with clear biopsy results are followed up closely with more frequent SMEAR checks. If the biopsy reveals a precancerous condition, LEEP (conization) is performed. In this procedure, part of the cervix is surgically removed in a conical shape. <\/p>\n\n\n\n<p>Since the uterus, where the baby develops and is located in the womb, lags behind the cervix, the procedure is unlikely to harm conception or pregnancy. In addition to surgical intervention, some medical drug treatments may also help the disease to regress.<\/p>\n<\/div>\n<\/div>\n<\/div>\n","protected":false},"excerpt":{"rendered":"<p>Contact Op. Dr. Duygu Mutlu. Pap Smear and colposcopy is critical for the diagnosis of many diseases. Do not neglect your routine cervical screening and submit your Pap smear sample at least once a year. Why Pap Smear and Colposcopy Are Important? Colposcopy is a microscopic examination technology that magnifies the cervix up to about [&hellip;]<\/p>\n","protected":false},"author":1,"featured_media":0,"parent":4116,"menu_order":7,"comment_status":"closed","ping_status":"closed","template":"","meta":{"_coblocks_attr":"","_coblocks_dimensions":"","_coblocks_responsive_height":"","_coblocks_accordion_ie_support":"","_uag_custom_page_level_css":"","site-sidebar-layout":"default","site-content-layout":"","ast-site-content-layout":"default","site-content-style":"default","site-sidebar-style":"default","ast-global-header-display":"","ast-banner-title-visibility":"","ast-main-header-display":"","ast-hfb-above-header-display":"","ast-hfb-below-header-display":"","ast-hfb-mobile-header-display":"","site-post-title":"","ast-breadcrumbs-content":"","ast-featured-img":"","footer-sml-layout":"","ast-disable-related-posts":"","theme-transparent-header-meta":"","adv-header-id-meta":"","stick-header-meta":"","header-above-stick-meta":"","header-main-stick-meta":"","header-below-stick-meta":"","astra-migrate-meta-layouts":"set","ast-page-background-enabled":"default","ast-page-background-meta":{"desktop":{"background-color":"var(--ast-global-color-4)","background-image":"","background-repeat":"repeat","background-position":"center center","background-size":"auto","background-attachment":"scroll","background-type":"","background-media":"","overlay-type":"","overlay-color":"","overlay-opacity":"","overlay-gradient":""},"tablet":{"background-color":"","background-image":"","background-repeat":"repeat","background-position":"center center","background-size":"auto","background-attachment":"scroll","background-type":"","background-media":"","overlay-type":"","overlay-color":"","overlay-opacity":"","overlay-gradient":""},"mobile":{"background-color":"","background-image":"","background-repeat":"repeat","background-position":"center center","background-size":"auto","background-attachment":"scroll","background-type":"","background-media":"","overlay-type":"","overlay-color":"","overlay-opacity":"","overlay-gradient":""}},"ast-content-background-meta":{"desktop":{"background-color":"var(--ast-global-color-5)","background-image":"","background-repeat":"repeat","background-position":"center center","background-size":"auto","background-attachment":"scroll","background-type":"","background-media":"","overlay-type":"","overlay-color":"","overlay-opacity":"","overlay-gradient":""},"tablet":{"background-color":"var(--ast-global-color-5)","background-image":"","background-repeat":"repeat","background-position":"center center","background-size":"auto","background-attachment":"scroll","background-type":"","background-media":"","overlay-type":"","overlay-color":"","overlay-opacity":"","overlay-gradient":""},"mobile":{"background-color":"var(--ast-global-color-5)","background-image":"","background-repeat":"repeat","background-position":"center center","background-size":"auto","background-attachment":"scroll","background-type":"","background-media":"","overlay-type":"","overlay-color":"","overlay-opacity":"","overlay-gradient":""}},"footnotes":""},"class_list":["post-4162","page","type-page","status-publish","hentry"],"yoast_head":"<!-- This site is optimized with the Yoast SEO plugin v27.5 - https:\/\/yoast.com\/product\/yoast-seo-wordpress\/ -->\n<title>PAP Smear and Colposcopy | Op. Dr. Duygu Mutlu<\/title>\n<meta name=\"description\" content=\"Pap Smear and colposcopy are critical for early detection of diseases. Visit our clinic for your routine gynecological checks.\" \/>\n<meta name=\"robots\" content=\"index, follow, max-snippet:-1, max-image-preview:large, max-video-preview:-1\" \/>\n<link rel=\"canonical\" href=\"https:\/\/duygumutlu.com\/en\/gynecology\/pap-smear-and-colposcopy\/\" \/>\n<meta property=\"og:locale\" content=\"en_US\" \/>\n<meta property=\"og:type\" content=\"article\" \/>\n<meta property=\"og:title\" content=\"PAP Smear and Colposcopy | Op. Dr. Duygu Mutlu\" \/>\n<meta property=\"og:description\" content=\"Pap Smear and colposcopy are critical for early detection of diseases. Visit our clinic for your routine gynecological checks.\" \/>\n<meta property=\"og:url\" content=\"https:\/\/duygumutlu.com\/en\/gynecology\/pap-smear-and-colposcopy\/\" \/>\n<meta property=\"og:site_name\" content=\"Op. Dr. Duygu Mutlu\" \/>\n<meta property=\"article:modified_time\" content=\"2026-02-22T21:42:54+00:00\" \/>\n<meta property=\"og:image\" content=\"https:\/\/duygumutlu.com\/wp-content\/uploads\/2023\/08\/smear_ve_kolposkopi_cover-1024x683.jpeg\" \/>\n<meta name=\"twitter:card\" content=\"summary_large_image\" \/>\n<meta name=\"twitter:title\" content=\"PAP Smear and Colposcopy | Op. Dr. Duygu Mutlu\" \/>\n<meta name=\"twitter:description\" content=\"Pap Smear and colposcopy are critical for early detection of diseases. Visit our clinic for your routine gynecological checks.\" \/>\n<meta name=\"twitter:image\" content=\"https:\/\/duygumutlu.com\/wp-content\/uploads\/2023\/08\/smear_ve_kolposkopi_cover-1024x683.jpeg\" \/>\n<meta name=\"twitter:label1\" content=\"Est. reading time\" \/>\n\t<meta name=\"twitter:data1\" content=\"3 minutes\" \/>\n<script type=\"application\/ld+json\" class=\"yoast-schema-graph\">{\"@context\":\"https:\\\/\\\/schema.org\",\"@graph\":[{\"@type\":\"WebPage\",\"@id\":\"https:\\\/\\\/duygumutlu.com\\\/en\\\/gynecology\\\/pap-smear-and-colposcopy\\\/\",\"url\":\"https:\\\/\\\/duygumutlu.com\\\/en\\\/gynecology\\\/pap-smear-and-colposcopy\\\/\",\"name\":\"PAP Smear and Colposcopy | Op. Dr. Duygu Mutlu\",\"isPartOf\":{\"@id\":\"https:\\\/\\\/duygumutlu.com\\\/en\\\/#website\"},\"primaryImageOfPage\":{\"@id\":\"https:\\\/\\\/duygumutlu.com\\\/en\\\/gynecology\\\/pap-smear-and-colposcopy\\\/#primaryimage\"},\"image\":{\"@id\":\"https:\\\/\\\/duygumutlu.com\\\/en\\\/gynecology\\\/pap-smear-and-colposcopy\\\/#primaryimage\"},\"thumbnailUrl\":\"https:\\\/\\\/duygumutlu.com\\\/wp-content\\\/uploads\\\/2023\\\/08\\\/smear_ve_kolposkopi_cover-scaled.jpeg\",\"datePublished\":\"2022-10-21T20:31:32+00:00\",\"dateModified\":\"2026-02-22T21:42:54+00:00\",\"description\":\"Pap Smear and colposcopy are critical for early detection of diseases. Visit our clinic for your routine gynecological checks.\",\"breadcrumb\":{\"@id\":\"https:\\\/\\\/duygumutlu.com\\\/en\\\/gynecology\\\/pap-smear-and-colposcopy\\\/#breadcrumb\"},\"inLanguage\":\"en-US\",\"potentialAction\":[{\"@type\":\"ReadAction\",\"target\":[\"https:\\\/\\\/duygumutlu.com\\\/en\\\/gynecology\\\/pap-smear-and-colposcopy\\\/\"]}]},{\"@type\":\"ImageObject\",\"inLanguage\":\"en-US\",\"@id\":\"https:\\\/\\\/duygumutlu.com\\\/en\\\/gynecology\\\/pap-smear-and-colposcopy\\\/#primaryimage\",\"url\":\"https:\\\/\\\/duygumutlu.com\\\/wp-content\\\/uploads\\\/2023\\\/08\\\/smear_ve_kolposkopi_cover-scaled.jpeg\",\"contentUrl\":\"https:\\\/\\\/duygumutlu.com\\\/wp-content\\\/uploads\\\/2023\\\/08\\\/smear_ve_kolposkopi_cover-scaled.jpeg\"},{\"@type\":\"BreadcrumbList\",\"@id\":\"https:\\\/\\\/duygumutlu.com\\\/en\\\/gynecology\\\/pap-smear-and-colposcopy\\\/#breadcrumb\",\"itemListElement\":[{\"@type\":\"ListItem\",\"position\":1,\"name\":\"Ana Sayfa\",\"item\":\"https:\\\/\\\/duygumutlu.com\\\/en\\\/\"},{\"@type\":\"ListItem\",\"position\":2,\"name\":\"Gynecology\",\"item\":\"https:\\\/\\\/duygumutlu.com\\\/en\\\/gynecology\\\/\"},{\"@type\":\"ListItem\",\"position\":3,\"name\":\"PAP Smear and Colposcopy\"}]},{\"@type\":\"WebSite\",\"@id\":\"https:\\\/\\\/duygumutlu.com\\\/en\\\/#website\",\"url\":\"https:\\\/\\\/duygumutlu.com\\\/en\\\/\",\"name\":\"Op. Dr. Duygu Mutlu\",\"description\":\"Kad\u0131n Sa\u011fl\u0131\u011f\u0131 ve Do\u011fum\",\"publisher\":{\"@id\":\"https:\\\/\\\/duygumutlu.com\\\/en\\\/#\\\/schema\\\/person\\\/35a5ed156c4b9cec9a8edc151b539897\"},\"potentialAction\":[{\"@type\":\"SearchAction\",\"target\":{\"@type\":\"EntryPoint\",\"urlTemplate\":\"https:\\\/\\\/duygumutlu.com\\\/en\\\/?s={search_term_string}\"},\"query-input\":{\"@type\":\"PropertyValueSpecification\",\"valueRequired\":true,\"valueName\":\"search_term_string\"}}],\"inLanguage\":\"en-US\"},{\"@type\":[\"Person\",\"Organization\"],\"@id\":\"https:\\\/\\\/duygumutlu.com\\\/en\\\/#\\\/schema\\\/person\\\/35a5ed156c4b9cec9a8edc151b539897\",\"name\":\"Op. Dr. Duygu Mutlu\",\"image\":{\"@type\":\"ImageObject\",\"inLanguage\":\"en-US\",\"@id\":\"https:\\\/\\\/duygumutlu.com\\\/wp-content\\\/uploads\\\/2023\\\/10\\\/cropped-DuyguMutlu_Favicon.png\",\"url\":\"https:\\\/\\\/duygumutlu.com\\\/wp-content\\\/uploads\\\/2023\\\/10\\\/cropped-DuyguMutlu_Favicon.png\",\"contentUrl\":\"https:\\\/\\\/duygumutlu.com\\\/wp-content\\\/uploads\\\/2023\\\/10\\\/cropped-DuyguMutlu_Favicon.png\",\"width\":512,\"height\":512,\"caption\":\"Op. Dr. Duygu Mutlu\"},\"logo\":{\"@id\":\"https:\\\/\\\/duygumutlu.com\\\/wp-content\\\/uploads\\\/2023\\\/10\\\/cropped-DuyguMutlu_Favicon.png\"},\"sameAs\":[\"https:\\\/\\\/duygumutlu.com\",\"https:\\\/\\\/www.instagram.com\\\/opdrduygumutlu\\\/\",\"https:\\\/\\\/www.youtube.com\\\/channel\\\/UC-VgOCsb4G4pPcGjiFn6f6A\"]}]}<\/script>\n<!-- \/ Yoast SEO plugin. -->","yoast_head_json":{"title":"PAP Smear and Colposcopy | Op. Dr. Duygu Mutlu","description":"Pap Smear and colposcopy are critical for early detection of diseases. Visit our clinic for your routine gynecological checks.","robots":{"index":"index","follow":"follow","max-snippet":"max-snippet:-1","max-image-preview":"max-image-preview:large","max-video-preview":"max-video-preview:-1"},"canonical":"https:\/\/duygumutlu.com\/en\/gynecology\/pap-smear-and-colposcopy\/","og_locale":"en_US","og_type":"article","og_title":"PAP Smear and Colposcopy | Op. Dr. Duygu Mutlu","og_description":"Pap Smear and colposcopy are critical for early detection of diseases. Visit our clinic for your routine gynecological checks.","og_url":"https:\/\/duygumutlu.com\/en\/gynecology\/pap-smear-and-colposcopy\/","og_site_name":"Op. Dr. Duygu Mutlu","article_modified_time":"2026-02-22T21:42:54+00:00","og_image":[{"url":"https:\/\/duygumutlu.com\/wp-content\/uploads\/2023\/08\/smear_ve_kolposkopi_cover-1024x683.jpeg","type":"","width":"","height":""}],"twitter_card":"summary_large_image","twitter_title":"PAP Smear and Colposcopy | Op. Dr. Duygu Mutlu","twitter_description":"Pap Smear and colposcopy are critical for early detection of diseases. Visit our clinic for your routine gynecological checks.","twitter_image":"https:\/\/duygumutlu.com\/wp-content\/uploads\/2023\/08\/smear_ve_kolposkopi_cover-1024x683.jpeg","twitter_misc":{"Est. reading time":"3 minutes"},"schema":{"@context":"https:\/\/schema.org","@graph":[{"@type":"WebPage","@id":"https:\/\/duygumutlu.com\/en\/gynecology\/pap-smear-and-colposcopy\/","url":"https:\/\/duygumutlu.com\/en\/gynecology\/pap-smear-and-colposcopy\/","name":"PAP Smear and Colposcopy | Op. Dr. Duygu Mutlu","isPartOf":{"@id":"https:\/\/duygumutlu.com\/en\/#website"},"primaryImageOfPage":{"@id":"https:\/\/duygumutlu.com\/en\/gynecology\/pap-smear-and-colposcopy\/#primaryimage"},"image":{"@id":"https:\/\/duygumutlu.com\/en\/gynecology\/pap-smear-and-colposcopy\/#primaryimage"},"thumbnailUrl":"https:\/\/duygumutlu.com\/wp-content\/uploads\/2023\/08\/smear_ve_kolposkopi_cover-scaled.jpeg","datePublished":"2022-10-21T20:31:32+00:00","dateModified":"2026-02-22T21:42:54+00:00","description":"Pap Smear and colposcopy are critical for early detection of diseases. Visit our clinic for your routine gynecological checks.","breadcrumb":{"@id":"https:\/\/duygumutlu.com\/en\/gynecology\/pap-smear-and-colposcopy\/#breadcrumb"},"inLanguage":"en-US","potentialAction":[{"@type":"ReadAction","target":["https:\/\/duygumutlu.com\/en\/gynecology\/pap-smear-and-colposcopy\/"]}]},{"@type":"ImageObject","inLanguage":"en-US","@id":"https:\/\/duygumutlu.com\/en\/gynecology\/pap-smear-and-colposcopy\/#primaryimage","url":"https:\/\/duygumutlu.com\/wp-content\/uploads\/2023\/08\/smear_ve_kolposkopi_cover-scaled.jpeg","contentUrl":"https:\/\/duygumutlu.com\/wp-content\/uploads\/2023\/08\/smear_ve_kolposkopi_cover-scaled.jpeg"},{"@type":"BreadcrumbList","@id":"https:\/\/duygumutlu.com\/en\/gynecology\/pap-smear-and-colposcopy\/#breadcrumb","itemListElement":[{"@type":"ListItem","position":1,"name":"Ana Sayfa","item":"https:\/\/duygumutlu.com\/en\/"},{"@type":"ListItem","position":2,"name":"Gynecology","item":"https:\/\/duygumutlu.com\/en\/gynecology\/"},{"@type":"ListItem","position":3,"name":"PAP Smear and Colposcopy"}]},{"@type":"WebSite","@id":"https:\/\/duygumutlu.com\/en\/#website","url":"https:\/\/duygumutlu.com\/en\/","name":"Op. Dr. Duygu Mutlu","description":"Kad\u0131n Sa\u011fl\u0131\u011f\u0131 ve Do\u011fum","publisher":{"@id":"https:\/\/duygumutlu.com\/en\/#\/schema\/person\/35a5ed156c4b9cec9a8edc151b539897"},"potentialAction":[{"@type":"SearchAction","target":{"@type":"EntryPoint","urlTemplate":"https:\/\/duygumutlu.com\/en\/?s={search_term_string}"},"query-input":{"@type":"PropertyValueSpecification","valueRequired":true,"valueName":"search_term_string"}}],"inLanguage":"en-US"},{"@type":["Person","Organization"],"@id":"https:\/\/duygumutlu.com\/en\/#\/schema\/person\/35a5ed156c4b9cec9a8edc151b539897","name":"Op. Dr. Duygu Mutlu","image":{"@type":"ImageObject","inLanguage":"en-US","@id":"https:\/\/duygumutlu.com\/wp-content\/uploads\/2023\/10\/cropped-DuyguMutlu_Favicon.png","url":"https:\/\/duygumutlu.com\/wp-content\/uploads\/2023\/10\/cropped-DuyguMutlu_Favicon.png","contentUrl":"https:\/\/duygumutlu.com\/wp-content\/uploads\/2023\/10\/cropped-DuyguMutlu_Favicon.png","width":512,"height":512,"caption":"Op. Dr. Duygu Mutlu"},"logo":{"@id":"https:\/\/duygumutlu.com\/wp-content\/uploads\/2023\/10\/cropped-DuyguMutlu_Favicon.png"},"sameAs":["https:\/\/duygumutlu.com","https:\/\/www.instagram.com\/opdrduygumutlu\/","https:\/\/www.youtube.com\/channel\/UC-VgOCsb4G4pPcGjiFn6f6A"]}]}},"uagb_featured_image_src":{"full":false,"thumbnail":false,"medium":false,"medium_large":false,"large":false,"1536x1536":false,"2048x2048":false},"uagb_author_info":{"display_name":"Op. Dr. Duygu Mutlu","author_link":"https:\/\/duygumutlu.com\/en\/author\/drduygumutlu\/"},"uagb_comment_info":0,"uagb_excerpt":"Contact Op. Dr. Duygu Mutlu. Pap Smear and colposcopy is critical for the diagnosis of many diseases. Do not neglect your routine cervical screening and submit your Pap smear sample at least once a year. Why Pap Smear and Colposcopy Are Important? Colposcopy is a microscopic examination technology that magnifies the cervix up to about&hellip;","_links":{"self":[{"href":"https:\/\/duygumutlu.com\/en\/wp-json\/wp\/v2\/pages\/4162","targetHints":{"allow":["GET"]}}],"collection":[{"href":"https:\/\/duygumutlu.com\/en\/wp-json\/wp\/v2\/pages"}],"about":[{"href":"https:\/\/duygumutlu.com\/en\/wp-json\/wp\/v2\/types\/page"}],"author":[{"embeddable":true,"href":"https:\/\/duygumutlu.com\/en\/wp-json\/wp\/v2\/users\/1"}],"replies":[{"embeddable":true,"href":"https:\/\/duygumutlu.com\/en\/wp-json\/wp\/v2\/comments?post=4162"}],"version-history":[{"count":4,"href":"https:\/\/duygumutlu.com\/en\/wp-json\/wp\/v2\/pages\/4162\/revisions"}],"predecessor-version":[{"id":4986,"href":"https:\/\/duygumutlu.com\/en\/wp-json\/wp\/v2\/pages\/4162\/revisions\/4986"}],"up":[{"embeddable":true,"href":"https:\/\/duygumutlu.com\/en\/wp-json\/wp\/v2\/pages\/4116"}],"wp:attachment":[{"href":"https:\/\/duygumutlu.com\/en\/wp-json\/wp\/v2\/media?parent=4162"}],"curies":[{"name":"wp","href":"https:\/\/api.w.org\/{rel}","templated":true}]}}