{"id":4212,"date":"2022-10-21T20:31:32","date_gmt":"2022-10-21T20:31:32","guid":{"rendered":"https:\/\/duygumutlu.com\/gynecology\/ovarian-cysts\/"},"modified":"2026-02-22T21:42:09","modified_gmt":"2026-02-22T21:42:09","slug":"ovarian-cysts","status":"publish","type":"page","link":"https:\/\/duygumutlu.com\/en\/gynecology\/ovarian-cysts\/","title":{"rendered":"Ovarian Cysts"},"content":{"rendered":"\n<div class=\"wp-block-cover alignfull is-position-center-center\" style=\"min-height:500px;aspect-ratio:unset;\"><img loading=\"lazy\" decoding=\"async\" width=\"1000\" height=\"563\" class=\"wp-block-cover__image-background wp-image-4193\" alt=\"yumurtal\u0131k kisti\" src=\"https:\/\/duygumutlu.com\/wp-content\/uploads\/2023\/12\/yumurtalik-kistleri-cover.jpeg\" style=\"object-position:71% 42%\" data-object-fit=\"cover\" data-object-position=\"71% 42%\" srcset=\"https:\/\/duygumutlu.com\/wp-content\/uploads\/2023\/12\/yumurtalik-kistleri-cover.jpeg 1000w, https:\/\/duygumutlu.com\/wp-content\/uploads\/2023\/12\/yumurtalik-kistleri-cover-300x169.jpeg 300w, https:\/\/duygumutlu.com\/wp-content\/uploads\/2023\/12\/yumurtalik-kistleri-cover-768x432.jpeg 768w\" sizes=\"auto, (max-width: 1000px) 100vw, 1000px\" \/><span aria-hidden=\"true\" class=\"wp-block-cover__background has-ast-global-color-4-background-color has-background-dim-70 has-background-dim\"><\/span><div class=\"wp-block-cover__inner-container is-layout-flow wp-block-cover-is-layout-flow\">\n<h1 class=\"wp-block-heading has-text-align-center has-ast-global-color-0-color has-text-color\">Ovarian Cysts<\/h1>\n\n\n\n<p class=\"has-text-align-center has-ast-global-color-5-color has-text-color has-medium-font-size\">Ovarian cysts are a common problem in the female reproductive system. They are usually filled with fluids. However there are also solid cysts that sometimes contain tissue. Some of them grows without causing any symptoms. In some cases, however, they can cause pain, swelling, hormone irregularity or other symptoms. They are mostly benign.<\/p>\n\n\n\n<div class=\"wp-block-buttons is-vertical is-content-justification-center is-layout-flex wp-container-core-buttons-is-layout-734eb2c2 wp-block-buttons-is-layout-flex\">\n<div class=\"wp-block-button is-style-fill\"><a class=\"wp-block-button__link has-ast-global-color-4-color has-ast-global-color-0-background-color has-text-color has-background has-border-color has-ast-global-color-2-border-color has-medium-font-size has-custom-font-size wp-element-button\" href=\"https:\/\/api.whatsapp.com\/send?phone=905326567388\" style=\"border-radius:100px\">Make An Appointment<\/a><\/div>\n<\/div>\n<\/div><\/div>\n\n\n\n<section class=\"wp-block-uagb-container uagb-block-55b3230e alignwide uagb-is-root-container\">\n<div class=\"wp-block-uagb-advanced-heading uagb-block-13cb2047\"><h2 class=\"uagb-heading-text\">Ovarian Cyst Symptoms and Diagnosis<\/h2><\/div>\n\n\n\n<p class=\"has-text-align-center\">Ovarian cysts are usually detected during routine ultrasound examinations and are usually asymptomatic. But in some cases it shows symptoms. Pain in the groin or abdomen, <a href=\"https:\/\/duygumutlu.com\/en\/gynecology\/irregular-periods\/\">menstrual irregularities,<\/a> painful sexual intercourse, frequent urination or <a href=\"https:\/\/duygumutlu.com\/en\/gynecology\/urinary-incontinence\/\">incontinence <\/a>and constipation are some of the symptoms of ovarian cysts. We also know that some cysts can cause difficulty in conceiving. In addition to ultrasound, we use medical imaging modalities such as MRI and tomography to be sure about the diagnosis. Some laboratory tests are used to differentiate benign\/malignant cysts.<\/p>\n<\/section>\n\n\n\n<div class=\"wp-block-group alignfull has-ast-global-color-0-background-color has-background is-layout-flow wp-block-group-is-layout-flow\">\n<h2 class=\"wp-block-heading has-text-align-center has-text-color\" style=\"color:#ffffff\"><strong>Contact Op. Dr. Duygu Mutlu. <\/strong><\/h2>\n\n\n\n<p class=\"has-text-align-center has-text-color\" style=\"color:#ffffff\">You can contact us for all your questions about ovarian cysts and to perform your routine examination and health screening.<\/p>\n\n\n\n<div class=\"wp-block-buttons is-horizontal is-content-justification-center is-layout-flex wp-container-core-buttons-is-layout-03627597 wp-block-buttons-is-layout-flex\">\n<div class=\"wp-block-button is-style-circular\"><a class=\"wp-block-button__link has-ast-global-color-4-color has-ast-global-color-2-background-color has-text-color has-background wp-element-button\" href=\"tel:+90 532 656 73 88\"><strong>Make an Appointment<\/strong><\/a><\/div>\n\n\n\n<div class=\"wp-block-button is-style-circular\"><a class=\"wp-block-button__link has-ast-global-color-0-color has-ast-global-color-4-background-color has-text-color has-background wp-element-button\" href=\"https:\/\/api.whatsapp.com\/send?phone=905326567388\"><strong>Ask a Question<\/strong><\/a><\/div>\n\n\n\n<div class=\"wp-block-button is-style-circular\"><a class=\"wp-block-button__link has-ast-global-color-0-color has-ast-global-color-4-background-color has-text-color has-background wp-element-button\" href=\"https:\/\/www.instagram.com\/opdrduygumutlu\/\"><strong>Follow<\/strong><\/a><\/div>\n<\/div>\n\n\n\n<p><\/p>\n<\/div>\n\n\n\n<section class=\"wp-block-uagb-container uagb-block-1c6e7f7e alignwide uagb-is-root-container\">\n<div class=\"wp-block-uagb-advanced-heading uagb-block-9d1268dc\"><h2 class=\"uagb-heading-text\">How Are Ovarian Cysts Treated?<\/h2><\/div>\n\n\n\n<p class=\"has-text-align-center\">Ovarian cysts are divided into three main categories: benign, malignant and borderline. Gynecologists mostly treat benign cysts. For borderline and malignant cysts, we refer our patients to gyneco-oncology. <\/p>\n\n\n\n<div class=\"wp-block-uagb-container uagb-block-568a4053\">\n<div class=\"wp-block-uagb-advanced-heading uagb-block-cc68cc5b\"><h3 class=\"uagb-heading-text\">Benign Ovarian Cysts<\/h3><\/div>\n\n\n\n<div class=\"wp-block-uagb-container uagb-block-c9ffe473\">\n<div class=\"wp-block-uagb-container uagb-block-9e0d6f89\">\n<div class=\"wp-block-uagb-info-box uagb-block-a8c280b4 uagb-infobox__content-wrap  uagb-infobox-icon-left uagb-infobox-left uagb-infobox-image-valign-middle\"><div class=\"uagb-ifb-content\"><div class=\"uagb-ifb-title-wrap\"><h3 class=\"uagb-ifb-title\">Simple Cyst<\/h3><\/div><\/div><\/div>\n\n\n\n<p class=\"has-text-align-left\">During the menstrual cycle, the follicle reaches a certain size and ruptures. If it fails to crack, it continues to grow and manifests itself as water-filled cysts. Also known as a functional cyst. It is generally harmless. Most of the time it disappears on its own.<\/p>\n<\/div>\n\n\n\n<div class=\"wp-block-uagb-container uagb-block-4a1984b8\">\n<div class=\"wp-block-uagb-info-box uagb-block-25f7463c uagb-infobox__content-wrap  uagb-infobox-icon-left uagb-infobox-left uagb-infobox-image-valign-middle\"><div class=\"uagb-ifb-content\"><div class=\"uagb-ifb-title-wrap\"><h3 class=\"uagb-ifb-title\">Chocolate Cyst<\/h3><\/div><\/div><\/div>\n\n\n\n<p class=\"has-text-align-left\">Chocolate cysts, also known as endometriomas, occur when the endometrium layer settles in the ovary. This layer is full of blood because it bleeds every menstrual period. With a <a href=\"https:\/\/duygumutlu.com\/fonksiyonel-tip\/\">functional medicine<\/a> approach, our priority is to treat it by reducing inflammation in the body before surgical intervention.<\/p>\n<\/div>\n\n\n\n<div class=\"wp-block-uagb-container uagb-block-c9310ce5\">\n<div class=\"wp-block-uagb-info-box uagb-block-24c3da2e uagb-infobox__content-wrap  uagb-infobox-icon-left uagb-infobox-left uagb-infobox-image-valign-middle\"><div class=\"uagb-ifb-content\"><div class=\"uagb-ifb-title-wrap\"><h3 class=\"uagb-ifb-title\">Dermoid Cyst<\/h3><\/div><\/div><\/div>\n\n\n\n<p class=\"has-text-align-left\">During embryological development, it is caused by improper migration of tissues. Cysts are the most common cause of hormone dysfunction. In these cysts, tissues that should not be present such as hair, fat, cartilage and teeth may develop. It can only be treated by surgical removal. <\/p>\n<\/div>\n<\/div>\n<\/div>\n\n\n\n<div class=\"wp-block-uagb-advanced-heading uagb-block-83843e3d\"><h2 class=\"uagb-heading-text\">Do Ovarian Cysts Prevent Pregnancy?<\/h2><\/div>\n\n\n\n<p class=\"has-text-align-center\">Simple cysts are usually harmless and do not pose a serious obstacle to pregnancy. However, since chocolate cysts cause adhesions, especially in the tubes and surrounding tissues, conception can be difficult. Difficulty in conceiving is more common with cysts that disrupt hormones, such as dermoid cysts. Not every cyst is an obstacle to pregnancy. However, we recommend that patients planning a pregnancy should have routine checks beforehand. <\/p>\n<\/section>\n","protected":false},"excerpt":{"rendered":"<p>Ovarian Cyst Symptoms and Diagnosis Ovarian cysts are usually detected during routine ultrasound examinations and are usually asymptomatic. But in some cases it shows symptoms. Pain in the groin or abdomen, menstrual irregularities, painful sexual intercourse, frequent urination or incontinence and constipation are some of the symptoms of ovarian cysts. We also know that some [&hellip;]<\/p>\n","protected":false},"author":1,"featured_media":0,"parent":4116,"menu_order":4,"comment_status":"closed","ping_status":"closed","template":"","meta":{"_coblocks_attr":"","_coblocks_dimensions":"","_coblocks_responsive_height":"","_coblocks_accordion_ie_support":"","_uag_custom_page_level_css":"","site-sidebar-layout":"default","site-content-layout":"","ast-site-content-layout":"default","site-content-style":"default","site-sidebar-style":"default","ast-global-header-display":"","ast-banner-title-visibility":"","ast-main-header-display":"","ast-hfb-above-header-display":"","ast-hfb-below-header-display":"","ast-hfb-mobile-header-display":"","site-post-title":"","ast-breadcrumbs-content":"","ast-featured-img":"","footer-sml-layout":"","ast-disable-related-posts":"","theme-transparent-header-meta":"","adv-header-id-meta":"","stick-header-meta":"","header-above-stick-meta":"","header-main-stick-meta":"","header-below-stick-meta":"","astra-migrate-meta-layouts":"set","ast-page-background-enabled":"default","ast-page-background-meta":{"desktop":{"background-color":"var(--ast-global-color-4)","background-image":"","background-repeat":"repeat","background-position":"center center","background-size":"auto","background-attachment":"scroll","background-type":"","background-media":"","overlay-type":"","overlay-color":"","overlay-opacity":"","overlay-gradient":""},"tablet":{"background-color":"","background-image":"","background-repeat":"repeat","background-position":"center center","background-size":"auto","background-attachment":"scroll","background-type":"","background-media":"","overlay-type":"","overlay-color":"","overlay-opacity":"","overlay-gradient":""},"mobile":{"background-color":"","background-image":"","background-repeat":"repeat","background-position":"center center","background-size":"auto","background-attachment":"scroll","background-type":"","background-media":"","overlay-type":"","overlay-color":"","overlay-opacity":"","overlay-gradient":""}},"ast-content-background-meta":{"desktop":{"background-color":"var(--ast-global-color-5)","background-image":"","background-repeat":"repeat","background-position":"center center","background-size":"auto","background-attachment":"scroll","background-type":"","background-media":"","overlay-type":"","overlay-color":"","overlay-opacity":"","overlay-gradient":""},"tablet":{"background-color":"var(--ast-global-color-5)","background-image":"","background-repeat":"repeat","background-position":"center center","background-size":"auto","background-attachment":"scroll","background-type":"","background-media":"","overlay-type":"","overlay-color":"","overlay-opacity":"","overlay-gradient":""},"mobile":{"background-color":"var(--ast-global-color-5)","background-image":"","background-repeat":"repeat","background-position":"center center","background-size":"auto","background-attachment":"scroll","background-type":"","background-media":"","overlay-type":"","overlay-color":"","overlay-opacity":"","overlay-gradient":""}},"footnotes":""},"class_list":["post-4212","page","type-page","status-publish","hentry"],"yoast_head":"<!-- This site is optimized with the Yoast SEO plugin v27.5 - https:\/\/yoast.com\/product\/yoast-seo-wordpress\/ -->\n<title>Ovarian Cysts | Op. Dr. Duygu Mutlu<\/title>\n<meta name=\"description\" content=\"You can contact us for all your questions about ovarian cysts and to perform your routine examination and health screening.\" \/>\n<meta name=\"robots\" content=\"index, follow, max-snippet:-1, max-image-preview:large, max-video-preview:-1\" \/>\n<link rel=\"canonical\" href=\"https:\/\/duygumutlu.com\/en\/gynecology\/ovarian-cysts\/\" \/>\n<meta property=\"og:locale\" content=\"en_US\" \/>\n<meta property=\"og:type\" content=\"article\" \/>\n<meta property=\"og:title\" content=\"Ovarian Cysts | Op. Dr. Duygu Mutlu\" \/>\n<meta property=\"og:description\" content=\"You can contact us for all your questions about ovarian cysts and to perform your routine examination and health screening.\" \/>\n<meta property=\"og:url\" content=\"https:\/\/duygumutlu.com\/en\/gynecology\/ovarian-cysts\/\" \/>\n<meta property=\"og:site_name\" content=\"Op. Dr. Duygu Mutlu\" \/>\n<meta property=\"article:modified_time\" content=\"2026-02-22T21:42:09+00:00\" \/>\n<meta property=\"og:image\" content=\"https:\/\/duygumutlu.com\/wp-content\/uploads\/2023\/12\/yumurtalik-kistleri-cover.jpeg\" \/>\n\t<meta property=\"og:image:width\" content=\"1000\" \/>\n\t<meta property=\"og:image:height\" content=\"563\" \/>\n\t<meta property=\"og:image:type\" content=\"image\/jpeg\" \/>\n<meta name=\"twitter:card\" content=\"summary_large_image\" \/>\n<meta name=\"twitter:title\" content=\"Ovarian Cysts | Op. Dr. Duygu Mutlu\" \/>\n<meta name=\"twitter:description\" content=\"You can contact us for all your questions about ovarian cysts and to perform your routine examination and health screening.\" \/>\n<meta name=\"twitter:image\" content=\"https:\/\/duygumutlu.com\/wp-content\/uploads\/2023\/12\/yumurtalik-kistleri-cover.jpeg\" \/>\n<meta name=\"twitter:label1\" content=\"Est. reading time\" \/>\n\t<meta name=\"twitter:data1\" content=\"3 minutes\" \/>\n<script type=\"application\/ld+json\" class=\"yoast-schema-graph\">{\"@context\":\"https:\\\/\\\/schema.org\",\"@graph\":[{\"@type\":\"WebPage\",\"@id\":\"https:\\\/\\\/duygumutlu.com\\\/en\\\/gynecology\\\/ovarian-cysts\\\/\",\"url\":\"https:\\\/\\\/duygumutlu.com\\\/en\\\/gynecology\\\/ovarian-cysts\\\/\",\"name\":\"Ovarian Cysts | Op. Dr. Duygu Mutlu\",\"isPartOf\":{\"@id\":\"https:\\\/\\\/duygumutlu.com\\\/en\\\/#website\"},\"primaryImageOfPage\":{\"@id\":\"https:\\\/\\\/duygumutlu.com\\\/en\\\/gynecology\\\/ovarian-cysts\\\/#primaryimage\"},\"image\":{\"@id\":\"https:\\\/\\\/duygumutlu.com\\\/en\\\/gynecology\\\/ovarian-cysts\\\/#primaryimage\"},\"thumbnailUrl\":\"https:\\\/\\\/duygumutlu.com\\\/wp-content\\\/uploads\\\/2023\\\/12\\\/yumurtalik-kistleri-cover.jpeg\",\"datePublished\":\"2022-10-21T20:31:32+00:00\",\"dateModified\":\"2026-02-22T21:42:09+00:00\",\"description\":\"You can contact us for all your questions about ovarian cysts and to perform your routine examination and health screening.\",\"breadcrumb\":{\"@id\":\"https:\\\/\\\/duygumutlu.com\\\/en\\\/gynecology\\\/ovarian-cysts\\\/#breadcrumb\"},\"inLanguage\":\"en-US\",\"potentialAction\":[{\"@type\":\"ReadAction\",\"target\":[\"https:\\\/\\\/duygumutlu.com\\\/en\\\/gynecology\\\/ovarian-cysts\\\/\"]}]},{\"@type\":\"ImageObject\",\"inLanguage\":\"en-US\",\"@id\":\"https:\\\/\\\/duygumutlu.com\\\/en\\\/gynecology\\\/ovarian-cysts\\\/#primaryimage\",\"url\":\"https:\\\/\\\/duygumutlu.com\\\/wp-content\\\/uploads\\\/2023\\\/12\\\/yumurtalik-kistleri-cover.jpeg\",\"contentUrl\":\"https:\\\/\\\/duygumutlu.com\\\/wp-content\\\/uploads\\\/2023\\\/12\\\/yumurtalik-kistleri-cover.jpeg\"},{\"@type\":\"BreadcrumbList\",\"@id\":\"https:\\\/\\\/duygumutlu.com\\\/en\\\/gynecology\\\/ovarian-cysts\\\/#breadcrumb\",\"itemListElement\":[{\"@type\":\"ListItem\",\"position\":1,\"name\":\"Ana Sayfa\",\"item\":\"https:\\\/\\\/duygumutlu.com\\\/en\\\/\"},{\"@type\":\"ListItem\",\"position\":2,\"name\":\"Gynecology\",\"item\":\"https:\\\/\\\/duygumutlu.com\\\/en\\\/gynecology\\\/\"},{\"@type\":\"ListItem\",\"position\":3,\"name\":\"Ovarian Cysts\"}]},{\"@type\":\"WebSite\",\"@id\":\"https:\\\/\\\/duygumutlu.com\\\/en\\\/#website\",\"url\":\"https:\\\/\\\/duygumutlu.com\\\/en\\\/\",\"name\":\"Op. Dr. Duygu Mutlu\",\"description\":\"Kad\u0131n Sa\u011fl\u0131\u011f\u0131 ve Do\u011fum\",\"publisher\":{\"@id\":\"https:\\\/\\\/duygumutlu.com\\\/en\\\/#\\\/schema\\\/person\\\/35a5ed156c4b9cec9a8edc151b539897\"},\"potentialAction\":[{\"@type\":\"SearchAction\",\"target\":{\"@type\":\"EntryPoint\",\"urlTemplate\":\"https:\\\/\\\/duygumutlu.com\\\/en\\\/?s={search_term_string}\"},\"query-input\":{\"@type\":\"PropertyValueSpecification\",\"valueRequired\":true,\"valueName\":\"search_term_string\"}}],\"inLanguage\":\"en-US\"},{\"@type\":[\"Person\",\"Organization\"],\"@id\":\"https:\\\/\\\/duygumutlu.com\\\/en\\\/#\\\/schema\\\/person\\\/35a5ed156c4b9cec9a8edc151b539897\",\"name\":\"Op. Dr. Duygu Mutlu\",\"image\":{\"@type\":\"ImageObject\",\"inLanguage\":\"en-US\",\"@id\":\"https:\\\/\\\/duygumutlu.com\\\/wp-content\\\/uploads\\\/2023\\\/10\\\/cropped-DuyguMutlu_Favicon.png\",\"url\":\"https:\\\/\\\/duygumutlu.com\\\/wp-content\\\/uploads\\\/2023\\\/10\\\/cropped-DuyguMutlu_Favicon.png\",\"contentUrl\":\"https:\\\/\\\/duygumutlu.com\\\/wp-content\\\/uploads\\\/2023\\\/10\\\/cropped-DuyguMutlu_Favicon.png\",\"width\":512,\"height\":512,\"caption\":\"Op. Dr. Duygu Mutlu\"},\"logo\":{\"@id\":\"https:\\\/\\\/duygumutlu.com\\\/wp-content\\\/uploads\\\/2023\\\/10\\\/cropped-DuyguMutlu_Favicon.png\"},\"sameAs\":[\"https:\\\/\\\/duygumutlu.com\",\"https:\\\/\\\/www.instagram.com\\\/opdrduygumutlu\\\/\",\"https:\\\/\\\/www.youtube.com\\\/channel\\\/UC-VgOCsb4G4pPcGjiFn6f6A\"]}]}<\/script>\n<!-- \/ Yoast SEO plugin. -->","yoast_head_json":{"title":"Ovarian Cysts | Op. Dr. Duygu Mutlu","description":"You can contact us for all your questions about ovarian cysts and to perform your routine examination and health screening.","robots":{"index":"index","follow":"follow","max-snippet":"max-snippet:-1","max-image-preview":"max-image-preview:large","max-video-preview":"max-video-preview:-1"},"canonical":"https:\/\/duygumutlu.com\/en\/gynecology\/ovarian-cysts\/","og_locale":"en_US","og_type":"article","og_title":"Ovarian Cysts | Op. Dr. Duygu Mutlu","og_description":"You can contact us for all your questions about ovarian cysts and to perform your routine examination and health screening.","og_url":"https:\/\/duygumutlu.com\/en\/gynecology\/ovarian-cysts\/","og_site_name":"Op. Dr. Duygu Mutlu","article_modified_time":"2026-02-22T21:42:09+00:00","og_image":[{"width":1000,"height":563,"url":"https:\/\/duygumutlu.com\/wp-content\/uploads\/2023\/12\/yumurtalik-kistleri-cover.jpeg","type":"image\/jpeg"}],"twitter_card":"summary_large_image","twitter_title":"Ovarian Cysts | Op. Dr. Duygu Mutlu","twitter_description":"You can contact us for all your questions about ovarian cysts and to perform your routine examination and health screening.","twitter_image":"https:\/\/duygumutlu.com\/wp-content\/uploads\/2023\/12\/yumurtalik-kistleri-cover.jpeg","twitter_misc":{"Est. reading time":"3 minutes"},"schema":{"@context":"https:\/\/schema.org","@graph":[{"@type":"WebPage","@id":"https:\/\/duygumutlu.com\/en\/gynecology\/ovarian-cysts\/","url":"https:\/\/duygumutlu.com\/en\/gynecology\/ovarian-cysts\/","name":"Ovarian Cysts | Op. Dr. Duygu Mutlu","isPartOf":{"@id":"https:\/\/duygumutlu.com\/en\/#website"},"primaryImageOfPage":{"@id":"https:\/\/duygumutlu.com\/en\/gynecology\/ovarian-cysts\/#primaryimage"},"image":{"@id":"https:\/\/duygumutlu.com\/en\/gynecology\/ovarian-cysts\/#primaryimage"},"thumbnailUrl":"https:\/\/duygumutlu.com\/wp-content\/uploads\/2023\/12\/yumurtalik-kistleri-cover.jpeg","datePublished":"2022-10-21T20:31:32+00:00","dateModified":"2026-02-22T21:42:09+00:00","description":"You can contact us for all your questions about ovarian cysts and to perform your routine examination and health screening.","breadcrumb":{"@id":"https:\/\/duygumutlu.com\/en\/gynecology\/ovarian-cysts\/#breadcrumb"},"inLanguage":"en-US","potentialAction":[{"@type":"ReadAction","target":["https:\/\/duygumutlu.com\/en\/gynecology\/ovarian-cysts\/"]}]},{"@type":"ImageObject","inLanguage":"en-US","@id":"https:\/\/duygumutlu.com\/en\/gynecology\/ovarian-cysts\/#primaryimage","url":"https:\/\/duygumutlu.com\/wp-content\/uploads\/2023\/12\/yumurtalik-kistleri-cover.jpeg","contentUrl":"https:\/\/duygumutlu.com\/wp-content\/uploads\/2023\/12\/yumurtalik-kistleri-cover.jpeg"},{"@type":"BreadcrumbList","@id":"https:\/\/duygumutlu.com\/en\/gynecology\/ovarian-cysts\/#breadcrumb","itemListElement":[{"@type":"ListItem","position":1,"name":"Ana Sayfa","item":"https:\/\/duygumutlu.com\/en\/"},{"@type":"ListItem","position":2,"name":"Gynecology","item":"https:\/\/duygumutlu.com\/en\/gynecology\/"},{"@type":"ListItem","position":3,"name":"Ovarian Cysts"}]},{"@type":"WebSite","@id":"https:\/\/duygumutlu.com\/en\/#website","url":"https:\/\/duygumutlu.com\/en\/","name":"Op. Dr. Duygu Mutlu","description":"Kad\u0131n Sa\u011fl\u0131\u011f\u0131 ve Do\u011fum","publisher":{"@id":"https:\/\/duygumutlu.com\/en\/#\/schema\/person\/35a5ed156c4b9cec9a8edc151b539897"},"potentialAction":[{"@type":"SearchAction","target":{"@type":"EntryPoint","urlTemplate":"https:\/\/duygumutlu.com\/en\/?s={search_term_string}"},"query-input":{"@type":"PropertyValueSpecification","valueRequired":true,"valueName":"search_term_string"}}],"inLanguage":"en-US"},{"@type":["Person","Organization"],"@id":"https:\/\/duygumutlu.com\/en\/#\/schema\/person\/35a5ed156c4b9cec9a8edc151b539897","name":"Op. Dr. Duygu Mutlu","image":{"@type":"ImageObject","inLanguage":"en-US","@id":"https:\/\/duygumutlu.com\/wp-content\/uploads\/2023\/10\/cropped-DuyguMutlu_Favicon.png","url":"https:\/\/duygumutlu.com\/wp-content\/uploads\/2023\/10\/cropped-DuyguMutlu_Favicon.png","contentUrl":"https:\/\/duygumutlu.com\/wp-content\/uploads\/2023\/10\/cropped-DuyguMutlu_Favicon.png","width":512,"height":512,"caption":"Op. Dr. Duygu Mutlu"},"logo":{"@id":"https:\/\/duygumutlu.com\/wp-content\/uploads\/2023\/10\/cropped-DuyguMutlu_Favicon.png"},"sameAs":["https:\/\/duygumutlu.com","https:\/\/www.instagram.com\/opdrduygumutlu\/","https:\/\/www.youtube.com\/channel\/UC-VgOCsb4G4pPcGjiFn6f6A"]}]}},"uagb_featured_image_src":{"full":false,"thumbnail":false,"medium":false,"medium_large":false,"large":false,"1536x1536":false,"2048x2048":false},"uagb_author_info":{"display_name":"Op. Dr. Duygu Mutlu","author_link":"https:\/\/duygumutlu.com\/en\/author\/drduygumutlu\/"},"uagb_comment_info":0,"uagb_excerpt":"Ovarian Cyst Symptoms and Diagnosis Ovarian cysts are usually detected during routine ultrasound examinations and are usually asymptomatic. But in some cases it shows symptoms. Pain in the groin or abdomen, menstrual irregularities, painful sexual intercourse, frequent urination or incontinence and constipation are some of the symptoms of ovarian cysts. We also know that some&hellip;","_links":{"self":[{"href":"https:\/\/duygumutlu.com\/en\/wp-json\/wp\/v2\/pages\/4212","targetHints":{"allow":["GET"]}}],"collection":[{"href":"https:\/\/duygumutlu.com\/en\/wp-json\/wp\/v2\/pages"}],"about":[{"href":"https:\/\/duygumutlu.com\/en\/wp-json\/wp\/v2\/types\/page"}],"author":[{"embeddable":true,"href":"https:\/\/duygumutlu.com\/en\/wp-json\/wp\/v2\/users\/1"}],"replies":[{"embeddable":true,"href":"https:\/\/duygumutlu.com\/en\/wp-json\/wp\/v2\/comments?post=4212"}],"version-history":[{"count":9,"href":"https:\/\/duygumutlu.com\/en\/wp-json\/wp\/v2\/pages\/4212\/revisions"}],"predecessor-version":[{"id":4983,"href":"https:\/\/duygumutlu.com\/en\/wp-json\/wp\/v2\/pages\/4212\/revisions\/4983"}],"up":[{"embeddable":true,"href":"https:\/\/duygumutlu.com\/en\/wp-json\/wp\/v2\/pages\/4116"}],"wp:attachment":[{"href":"https:\/\/duygumutlu.com\/en\/wp-json\/wp\/v2\/media?parent=4212"}],"curies":[{"name":"wp","href":"https:\/\/api.w.org\/{rel}","templated":true}]}}