{"id":4403,"date":"2022-10-21T20:52:01","date_gmt":"2022-10-21T20:52:01","guid":{"rendered":"https:\/\/duygumutlu.com\/infertility\/"},"modified":"2026-02-22T21:32:06","modified_gmt":"2026-02-22T21:32:06","slug":"infertility","status":"publish","type":"page","link":"https:\/\/duygumutlu.com\/en\/infertility\/","title":{"rendered":"Infertility"},"content":{"rendered":"\n<div class=\"wp-block-cover alignfull is-position-center-center\" style=\"min-height:500px;aspect-ratio:unset;\"><img loading=\"lazy\" decoding=\"async\" width=\"1500\" height=\"1000\" class=\"wp-block-cover__image-background wp-image-4396\" alt=\"\" src=\"https:\/\/duygumutlu.com\/wp-content\/uploads\/2024\/01\/infertilite-cover.jpeg\" style=\"object-position:49% 31%\" data-object-fit=\"cover\" data-object-position=\"49% 31%\" srcset=\"https:\/\/duygumutlu.com\/wp-content\/uploads\/2024\/01\/infertilite-cover.jpeg 1500w, https:\/\/duygumutlu.com\/wp-content\/uploads\/2024\/01\/infertilite-cover-300x200.jpeg 300w, https:\/\/duygumutlu.com\/wp-content\/uploads\/2024\/01\/infertilite-cover-1024x683.jpeg 1024w, https:\/\/duygumutlu.com\/wp-content\/uploads\/2024\/01\/infertilite-cover-768x512.jpeg 768w\" sizes=\"auto, (max-width: 1500px) 100vw, 1500px\" \/><span aria-hidden=\"true\" class=\"wp-block-cover__background has-ast-global-color-4-background-color has-background-dim-80 has-background-dim\"><\/span><div class=\"wp-block-cover__inner-container is-layout-flow wp-block-cover-is-layout-flow\">\n<h1 class=\"wp-block-heading has-text-align-center has-ast-global-color-0-color has-text-color\">Infertility<\/h1>\n\n\n\n<p class=\"has-text-align-center has-ast-global-color-5-color has-text-color\">Infertility is the inability of a couple to have children despite regular sexual intercourse. If these couples fail to achieve pregnancy for one year for those under thirty-five years of age and for six months for those over thirty-five years of age, infertility should be investigated. During the reviews, a number of complex factors are taken into account. These factors can include hormonal imbalances, decreased ovarian reserve, blocked tubes, sperm quality problems in the male partner and many others.<\/p>\n\n\n\n<div class=\"wp-block-buttons is-vertical is-content-justification-center is-layout-flex wp-container-core-buttons-is-layout-734eb2c2 wp-block-buttons-is-layout-flex\">\n<div class=\"wp-block-button is-style-fill\"><a class=\"wp-block-button__link has-ast-global-color-4-color has-ast-global-color-0-background-color has-text-color has-background has-border-color has-ast-global-color-2-border-color has-medium-font-size has-custom-font-size wp-element-button\" href=\"https:\/\/api.whatsapp.com\/send?phone=905326567388\" style=\"border-radius:100px\">Make An Appointment<\/a><\/div>\n<\/div>\n<\/div><\/div>\n\n\n\n<div class=\"wp-block-uagb-container uagb-block-007a26ee alignfull uagb-is-root-container\"><div class=\"uagb-container-inner-blocks-wrap\">\n<div class=\"wp-block-uagb-advanced-heading uagb-block-56a6c202\"><h2 class=\"uagb-heading-text\">What Causes Infertility?<\/h2><\/div>\n\n\n\n<p class=\"has-text-align-center has-ast-global-color-1-color has-text-color\" style=\"margin-top:var(--wp--preset--spacing--30);margin-bottom:var(--wp--preset--spacing--30)\">Factors that cause infertility can be found in a wide range of conditions. In women, ovarian dysfunctions such as polycystic ovary syndrome (PCOS), endometriosis, anatomical disorders of the uterus and tubes or infection can lead to this situation. In men, disorders in sperm production, genetic factors or infections can trigger this problem. In addition, chronic conditions, medications and their side effects, obesity, alcohol and smoking can also lead to infertility. Incompatibility between couples, stress and lifestyle factors can also contribute to the inability to have children.<\/p>\n<\/div><\/div>\n\n\n\n<div class=\"wp-block-uagb-container uagb-block-70e2f229 alignfull uagb-is-root-container\"><div class=\"uagb-container-inner-blocks-wrap\">\n<div class=\"wp-block-uagb-advanced-heading uagb-block-6aed681c\"><h2 class=\"uagb-heading-text\">Infertility Diagnosis and Aftermath<\/h2><\/div>\n\n\n\n<div class=\"wp-block-columns is-layout-flex wp-container-core-columns-is-layout-28f84493 wp-block-columns-is-layout-flex\">\n<div class=\"wp-block-column is-layout-flow wp-block-column-is-layout-flow\" style=\"flex-basis:100%\">\n<div class=\"wp-block-uagb-container uagb-block-692fe26c alignfull uagb-is-root-container\"><div class=\"uagb-container-inner-blocks-wrap\">\n<div class=\"wp-block-uagb-container uagb-block-113e1bfe alignfull uagb-is-root-container\"><div class=\"uagb-container-inner-blocks-wrap\">\n<div class=\"wp-block-uagb-advanced-heading uagb-block-d6a5311b\"><h2 class=\"uagb-heading-text\">Diagnosis<\/h2><\/div>\n\n\n\n<p class=\"has-text-align-center has-ast-global-color-1-color has-text-color\" style=\"margin-top:var(--wp--preset--spacing--30);margin-bottom:var(--wp--preset--spacing--30)\">Diagnosing infertility involves assessing the couple&#8217;s medical history, lifestyle and genetic factors. For diagnosis, we need a complete gynecological examination and hormonal examination of the woman, a spermiogram (sperm analysis) of the man, and a uterine film (HSG) of the uterus to detect any anatomical problems in the woman.  <\/p>\n<\/div><\/div>\n\n\n\n<div class=\"wp-block-uagb-container uagb-block-cb548491 alignfull uagb-is-root-container\"><div class=\"uagb-container-inner-blocks-wrap\">\n<div class=\"wp-block-uagb-advanced-heading uagb-block-ea650d0a\"><h2 class=\"uagb-heading-text\">Coping<\/h2><\/div>\n\n\n\n<p class=\"has-text-align-center has-ast-global-color-1-color has-text-color\" style=\"margin-top:var(--wp--preset--spacing--30);margin-bottom:var(--wp--preset--spacing--30)\">It is normal for couples diagnosed with infertility to experience emotional difficulties. Resources such as support groups, counseling services and couples therapy can be important in this process. It is important to remember that modern medicine can offer solutions to many infertility conditions and it is important for couples to seek professional help without despair.<\/p>\n<\/div><\/div>\n<\/div><\/div>\n<\/div>\n<\/div>\n<\/div><\/div>\n\n\n\n<div class=\"wp-block-group alignfull has-ast-global-color-0-background-color has-background is-layout-flow wp-block-group-is-layout-flow\">\n<h2 class=\"wp-block-heading has-text-align-center has-text-color\" style=\"color:#ffffff\"><strong>Contact Op. Dr. Duygu Mutlu. <\/strong><\/h2>\n\n\n\n<p class=\"has-text-align-center has-text-color\" style=\"color:#ffffff\">Contact us if you suspect infertility and need infertility treatment to have a child.  <\/p>\n\n\n\n<div class=\"wp-block-buttons is-horizontal is-content-justification-center is-layout-flex wp-container-core-buttons-is-layout-03627597 wp-block-buttons-is-layout-flex\">\n<div class=\"wp-block-button is-style-circular\"><a class=\"wp-block-button__link has-ast-global-color-4-color has-ast-global-color-2-background-color has-text-color has-background wp-element-button\" href=\"tel:+90 532 656 73 88\"><strong>Make an Appointment<\/strong><\/a><\/div>\n\n\n\n<div class=\"wp-block-button is-style-circular\"><a class=\"wp-block-button__link has-ast-global-color-0-color has-ast-global-color-4-background-color has-text-color has-background wp-element-button\" href=\"https:\/\/api.whatsapp.com\/send?phone=905326567388\"><strong>Ask a Question<\/strong><\/a><\/div>\n\n\n\n<div class=\"wp-block-button is-style-circular\"><a class=\"wp-block-button__link has-ast-global-color-0-color has-ast-global-color-4-background-color has-text-color has-background wp-element-button\" href=\"https:\/\/www.instagram.com\/opdrduygumutlu\/\"><strong>Follow<\/strong><\/a><\/div>\n<\/div>\n\n\n\n<p><\/p>\n<\/div>\n\n\n\n<div class=\"wp-block-uagb-container uagb-block-8535456b alignfull uagb-is-root-container\"><div class=\"uagb-container-inner-blocks-wrap\">\n<div class=\"wp-block-uagb-advanced-heading uagb-block-8ed7559e\"><h2 class=\"uagb-heading-text\">Infertility Treatment<\/h2><\/div>\n\n\n\n<p class=\"has-text-align-left has-ast-global-color-1-color has-text-color\" style=\"margin-top:var(--wp--preset--spacing--30);margin-bottom:var(--wp--preset--spacing--30)\">In the treatment of infertility, we try to increase the chances of success by first identifying the problem and creating a treatment plan specific to couples. If the woman&#8217;s anatomy does not pose an obstacle to natural pregnancy, follicular monitoring and trigger shot are performed. Follicle tracking and trigger shot is one of the effective methods used for infertility treatment. This process involves a series of medical procedures aimed at increasing couples&#8217; chances of conceiving naturally. <\/p>\n\n\n\n<p class=\"has-text-align-left has-ast-global-color-1-color has-text-color\" style=\"margin-top:var(--wp--preset--spacing--30);margin-bottom:var(--wp--preset--spacing--30)\">In the first phase, the woman&#8217;s ovarian development and egg release are carefully monitored. This is usually done with hormone monitoring and ultrasonography. When egg development reaches an optimal level, an egg release is usually triggered. Then, the couple&#8217;s sexual intercourse is timed correctly or timed to coincide with the appropriate time for the further step of shot (intrauterine insemination). IUI involves placing sperm directly into the uterus, which can increase the chance of pregnancy. <\/p>\n\n\n\n<p class=\"has-text-align-left has-ast-global-color-1-color has-text-color\" style=\"margin-top:var(--wp--preset--spacing--30);margin-bottom:var(--wp--preset--spacing--30)\">Follicular monitoring and trigger shot can be particularly effective in cases of low level or unexplained infertility. This treatment method aims to optimize the chances of couples achieving pregnancy naturally. However, each couple&#8217;s situation is different, so the treatment plan is determined on an individual basis. This procedure offer a safe and controllable option that couples can use under the guidance of a qualified gynecologist.<\/p>\n\n\n\n<p class=\"has-text-align-left has-ast-global-color-1-color has-text-color\" style=\"margin-top:var(--wp--preset--spacing--30);margin-bottom:var(--wp--preset--spacing--30)\">In addition, if there is a uterine deformity in the woman, it is planned to be corrected by surgery, while male patients with problems in sperm analysis are referred to urology. If success is not achieved with these treatments, couples are directed to a more advanced method, In Vitro Fertilization (IVF). <\/p>\n<\/div><\/div>\n","protected":false},"excerpt":{"rendered":"<p>What Causes Infertility? Factors that cause infertility can be found in a wide range of conditions. In women, ovarian dysfunctions such as polycystic ovary syndrome (PCOS), endometriosis, anatomical disorders of the uterus and tubes or infection can lead to this situation. In men, disorders in sperm production, genetic factors or infections can trigger this problem. [&hellip;]<\/p>\n","protected":false},"author":1,"featured_media":0,"parent":0,"menu_order":6,"comment_status":"closed","ping_status":"closed","template":"","meta":{"_coblocks_attr":"","_coblocks_dimensions":"","_coblocks_responsive_height":"","_coblocks_accordion_ie_support":"","_uag_custom_page_level_css":"","site-sidebar-layout":"default","site-content-layout":"","ast-site-content-layout":"default","site-content-style":"default","site-sidebar-style":"default","ast-global-header-display":"","ast-banner-title-visibility":"","ast-main-header-display":"","ast-hfb-above-header-display":"","ast-hfb-below-header-display":"","ast-hfb-mobile-header-display":"","site-post-title":"","ast-breadcrumbs-content":"","ast-featured-img":"","footer-sml-layout":"","ast-disable-related-posts":"","theme-transparent-header-meta":"","adv-header-id-meta":"","stick-header-meta":"","header-above-stick-meta":"","header-main-stick-meta":"","header-below-stick-meta":"","astra-migrate-meta-layouts":"set","ast-page-background-enabled":"default","ast-page-background-meta":{"desktop":{"background-color":"var(--ast-global-color-4)","background-image":"","background-repeat":"repeat","background-position":"center center","background-size":"auto","background-attachment":"scroll","background-type":"","background-media":"","overlay-type":"","overlay-color":"","overlay-opacity":"","overlay-gradient":""},"tablet":{"background-color":"","background-image":"","background-repeat":"repeat","background-position":"center center","background-size":"auto","background-attachment":"scroll","background-type":"","background-media":"","overlay-type":"","overlay-color":"","overlay-opacity":"","overlay-gradient":""},"mobile":{"background-color":"","background-image":"","background-repeat":"repeat","background-position":"center center","background-size":"auto","background-attachment":"scroll","background-type":"","background-media":"","overlay-type":"","overlay-color":"","overlay-opacity":"","overlay-gradient":""}},"ast-content-background-meta":{"desktop":{"background-color":"var(--ast-global-color-5)","background-image":"","background-repeat":"repeat","background-position":"center center","background-size":"auto","background-attachment":"scroll","background-type":"","background-media":"","overlay-type":"","overlay-color":"","overlay-opacity":"","overlay-gradient":""},"tablet":{"background-color":"var(--ast-global-color-5)","background-image":"","background-repeat":"repeat","background-position":"center center","background-size":"auto","background-attachment":"scroll","background-type":"","background-media":"","overlay-type":"","overlay-color":"","overlay-opacity":"","overlay-gradient":""},"mobile":{"background-color":"var(--ast-global-color-5)","background-image":"","background-repeat":"repeat","background-position":"center center","background-size":"auto","background-attachment":"scroll","background-type":"","background-media":"","overlay-type":"","overlay-color":"","overlay-opacity":"","overlay-gradient":""}},"footnotes":""},"class_list":["post-4403","page","type-page","status-publish","hentry"],"yoast_head":"<!-- This site is optimized with the Yoast SEO plugin v27.4 - https:\/\/yoast.com\/product\/yoast-seo-wordpress\/ -->\n<title>Infertility | Op. Dr. Duygu Mutlu<\/title>\n<meta name=\"description\" content=\"Contact us to discover IVF treatment if you suspect infertility and need infertility treatment to have a child.\" \/>\n<meta name=\"robots\" content=\"index, follow, max-snippet:-1, max-image-preview:large, max-video-preview:-1\" \/>\n<link rel=\"canonical\" href=\"https:\/\/duygumutlu.com\/en\/infertility\/\" \/>\n<meta property=\"og:locale\" content=\"en_US\" \/>\n<meta property=\"og:type\" content=\"article\" \/>\n<meta property=\"og:title\" content=\"Infertility | Op. Dr. Duygu Mutlu\" \/>\n<meta property=\"og:description\" content=\"Contact us to discover IVF treatment if you suspect infertility and need infertility treatment to have a child.\" \/>\n<meta property=\"og:url\" content=\"https:\/\/duygumutlu.com\/en\/infertility\/\" \/>\n<meta property=\"og:site_name\" content=\"Op. Dr. Duygu Mutlu\" \/>\n<meta property=\"article:modified_time\" content=\"2026-02-22T21:32:06+00:00\" \/>\n<meta property=\"og:image\" content=\"https:\/\/duygumutlu.com\/wp-content\/uploads\/2024\/01\/infertilite-cover.jpeg\" \/>\n\t<meta property=\"og:image:width\" content=\"1500\" \/>\n\t<meta property=\"og:image:height\" content=\"1000\" \/>\n\t<meta property=\"og:image:type\" content=\"image\/jpeg\" \/>\n<meta name=\"twitter:card\" content=\"summary_large_image\" \/>\n<meta name=\"twitter:title\" content=\"Infertility | Op. Dr. Duygu Mutlu\" \/>\n<meta name=\"twitter:description\" content=\"Contact us to discover IVF treatment if you suspect infertility and need infertility treatment to have a child.\" \/>\n<meta name=\"twitter:image\" content=\"https:\/\/duygumutlu.com\/wp-content\/uploads\/2024\/01\/infertilite-cover.jpeg\" \/>\n<meta name=\"twitter:label1\" content=\"Est. reading time\" \/>\n\t<meta name=\"twitter:data1\" content=\"4 minutes\" \/>\n<script type=\"application\/ld+json\" class=\"yoast-schema-graph\">{\"@context\":\"https:\\\/\\\/schema.org\",\"@graph\":[{\"@type\":\"WebPage\",\"@id\":\"https:\\\/\\\/duygumutlu.com\\\/en\\\/infertility\\\/\",\"url\":\"https:\\\/\\\/duygumutlu.com\\\/en\\\/infertility\\\/\",\"name\":\"Infertility | Op. Dr. Duygu Mutlu\",\"isPartOf\":{\"@id\":\"https:\\\/\\\/duygumutlu.com\\\/en\\\/#website\"},\"primaryImageOfPage\":{\"@id\":\"https:\\\/\\\/duygumutlu.com\\\/en\\\/infertility\\\/#primaryimage\"},\"image\":{\"@id\":\"https:\\\/\\\/duygumutlu.com\\\/en\\\/infertility\\\/#primaryimage\"},\"thumbnailUrl\":\"https:\\\/\\\/duygumutlu.com\\\/wp-content\\\/uploads\\\/2024\\\/01\\\/infertilite-cover.jpeg\",\"datePublished\":\"2022-10-21T20:52:01+00:00\",\"dateModified\":\"2026-02-22T21:32:06+00:00\",\"description\":\"Contact us to discover IVF treatment if you suspect infertility and need infertility treatment to have a child.\",\"breadcrumb\":{\"@id\":\"https:\\\/\\\/duygumutlu.com\\\/en\\\/infertility\\\/#breadcrumb\"},\"inLanguage\":\"en-US\",\"potentialAction\":[{\"@type\":\"ReadAction\",\"target\":[\"https:\\\/\\\/duygumutlu.com\\\/en\\\/infertility\\\/\"]}]},{\"@type\":\"ImageObject\",\"inLanguage\":\"en-US\",\"@id\":\"https:\\\/\\\/duygumutlu.com\\\/en\\\/infertility\\\/#primaryimage\",\"url\":\"https:\\\/\\\/duygumutlu.com\\\/wp-content\\\/uploads\\\/2024\\\/01\\\/infertilite-cover.jpeg\",\"contentUrl\":\"https:\\\/\\\/duygumutlu.com\\\/wp-content\\\/uploads\\\/2024\\\/01\\\/infertilite-cover.jpeg\"},{\"@type\":\"BreadcrumbList\",\"@id\":\"https:\\\/\\\/duygumutlu.com\\\/en\\\/infertility\\\/#breadcrumb\",\"itemListElement\":[{\"@type\":\"ListItem\",\"position\":1,\"name\":\"Ana Sayfa\",\"item\":\"https:\\\/\\\/duygumutlu.com\\\/en\\\/\"},{\"@type\":\"ListItem\",\"position\":2,\"name\":\"Infertility\"}]},{\"@type\":\"WebSite\",\"@id\":\"https:\\\/\\\/duygumutlu.com\\\/en\\\/#website\",\"url\":\"https:\\\/\\\/duygumutlu.com\\\/en\\\/\",\"name\":\"Op. Dr. Duygu Mutlu\",\"description\":\"Kad\u0131n Sa\u011fl\u0131\u011f\u0131 ve Do\u011fum\",\"publisher\":{\"@id\":\"https:\\\/\\\/duygumutlu.com\\\/en\\\/#\\\/schema\\\/person\\\/35a5ed156c4b9cec9a8edc151b539897\"},\"potentialAction\":[{\"@type\":\"SearchAction\",\"target\":{\"@type\":\"EntryPoint\",\"urlTemplate\":\"https:\\\/\\\/duygumutlu.com\\\/en\\\/?s={search_term_string}\"},\"query-input\":{\"@type\":\"PropertyValueSpecification\",\"valueRequired\":true,\"valueName\":\"search_term_string\"}}],\"inLanguage\":\"en-US\"},{\"@type\":[\"Person\",\"Organization\"],\"@id\":\"https:\\\/\\\/duygumutlu.com\\\/en\\\/#\\\/schema\\\/person\\\/35a5ed156c4b9cec9a8edc151b539897\",\"name\":\"Op. Dr. Duygu Mutlu\",\"image\":{\"@type\":\"ImageObject\",\"inLanguage\":\"en-US\",\"@id\":\"https:\\\/\\\/duygumutlu.com\\\/wp-content\\\/uploads\\\/2023\\\/10\\\/cropped-DuyguMutlu_Favicon.png\",\"url\":\"https:\\\/\\\/duygumutlu.com\\\/wp-content\\\/uploads\\\/2023\\\/10\\\/cropped-DuyguMutlu_Favicon.png\",\"contentUrl\":\"https:\\\/\\\/duygumutlu.com\\\/wp-content\\\/uploads\\\/2023\\\/10\\\/cropped-DuyguMutlu_Favicon.png\",\"width\":512,\"height\":512,\"caption\":\"Op. Dr. Duygu Mutlu\"},\"logo\":{\"@id\":\"https:\\\/\\\/duygumutlu.com\\\/wp-content\\\/uploads\\\/2023\\\/10\\\/cropped-DuyguMutlu_Favicon.png\"},\"sameAs\":[\"https:\\\/\\\/duygumutlu.com\",\"https:\\\/\\\/www.instagram.com\\\/opdrduygumutlu\\\/\",\"https:\\\/\\\/www.youtube.com\\\/channel\\\/UC-VgOCsb4G4pPcGjiFn6f6A\"]}]}<\/script>\n<!-- \/ Yoast SEO plugin. -->","yoast_head_json":{"title":"Infertility | Op. Dr. Duygu Mutlu","description":"Contact us to discover IVF treatment if you suspect infertility and need infertility treatment to have a child.","robots":{"index":"index","follow":"follow","max-snippet":"max-snippet:-1","max-image-preview":"max-image-preview:large","max-video-preview":"max-video-preview:-1"},"canonical":"https:\/\/duygumutlu.com\/en\/infertility\/","og_locale":"en_US","og_type":"article","og_title":"Infertility | Op. Dr. Duygu Mutlu","og_description":"Contact us to discover IVF treatment if you suspect infertility and need infertility treatment to have a child.","og_url":"https:\/\/duygumutlu.com\/en\/infertility\/","og_site_name":"Op. Dr. Duygu Mutlu","article_modified_time":"2026-02-22T21:32:06+00:00","og_image":[{"width":1500,"height":1000,"url":"https:\/\/duygumutlu.com\/wp-content\/uploads\/2024\/01\/infertilite-cover.jpeg","type":"image\/jpeg"}],"twitter_card":"summary_large_image","twitter_title":"Infertility | Op. Dr. Duygu Mutlu","twitter_description":"Contact us to discover IVF treatment if you suspect infertility and need infertility treatment to have a child.","twitter_image":"https:\/\/duygumutlu.com\/wp-content\/uploads\/2024\/01\/infertilite-cover.jpeg","twitter_misc":{"Est. reading time":"4 minutes"},"schema":{"@context":"https:\/\/schema.org","@graph":[{"@type":"WebPage","@id":"https:\/\/duygumutlu.com\/en\/infertility\/","url":"https:\/\/duygumutlu.com\/en\/infertility\/","name":"Infertility | Op. Dr. Duygu Mutlu","isPartOf":{"@id":"https:\/\/duygumutlu.com\/en\/#website"},"primaryImageOfPage":{"@id":"https:\/\/duygumutlu.com\/en\/infertility\/#primaryimage"},"image":{"@id":"https:\/\/duygumutlu.com\/en\/infertility\/#primaryimage"},"thumbnailUrl":"https:\/\/duygumutlu.com\/wp-content\/uploads\/2024\/01\/infertilite-cover.jpeg","datePublished":"2022-10-21T20:52:01+00:00","dateModified":"2026-02-22T21:32:06+00:00","description":"Contact us to discover IVF treatment if you suspect infertility and need infertility treatment to have a child.","breadcrumb":{"@id":"https:\/\/duygumutlu.com\/en\/infertility\/#breadcrumb"},"inLanguage":"en-US","potentialAction":[{"@type":"ReadAction","target":["https:\/\/duygumutlu.com\/en\/infertility\/"]}]},{"@type":"ImageObject","inLanguage":"en-US","@id":"https:\/\/duygumutlu.com\/en\/infertility\/#primaryimage","url":"https:\/\/duygumutlu.com\/wp-content\/uploads\/2024\/01\/infertilite-cover.jpeg","contentUrl":"https:\/\/duygumutlu.com\/wp-content\/uploads\/2024\/01\/infertilite-cover.jpeg"},{"@type":"BreadcrumbList","@id":"https:\/\/duygumutlu.com\/en\/infertility\/#breadcrumb","itemListElement":[{"@type":"ListItem","position":1,"name":"Ana Sayfa","item":"https:\/\/duygumutlu.com\/en\/"},{"@type":"ListItem","position":2,"name":"Infertility"}]},{"@type":"WebSite","@id":"https:\/\/duygumutlu.com\/en\/#website","url":"https:\/\/duygumutlu.com\/en\/","name":"Op. Dr. Duygu Mutlu","description":"Kad\u0131n Sa\u011fl\u0131\u011f\u0131 ve Do\u011fum","publisher":{"@id":"https:\/\/duygumutlu.com\/en\/#\/schema\/person\/35a5ed156c4b9cec9a8edc151b539897"},"potentialAction":[{"@type":"SearchAction","target":{"@type":"EntryPoint","urlTemplate":"https:\/\/duygumutlu.com\/en\/?s={search_term_string}"},"query-input":{"@type":"PropertyValueSpecification","valueRequired":true,"valueName":"search_term_string"}}],"inLanguage":"en-US"},{"@type":["Person","Organization"],"@id":"https:\/\/duygumutlu.com\/en\/#\/schema\/person\/35a5ed156c4b9cec9a8edc151b539897","name":"Op. Dr. Duygu Mutlu","image":{"@type":"ImageObject","inLanguage":"en-US","@id":"https:\/\/duygumutlu.com\/wp-content\/uploads\/2023\/10\/cropped-DuyguMutlu_Favicon.png","url":"https:\/\/duygumutlu.com\/wp-content\/uploads\/2023\/10\/cropped-DuyguMutlu_Favicon.png","contentUrl":"https:\/\/duygumutlu.com\/wp-content\/uploads\/2023\/10\/cropped-DuyguMutlu_Favicon.png","width":512,"height":512,"caption":"Op. Dr. Duygu Mutlu"},"logo":{"@id":"https:\/\/duygumutlu.com\/wp-content\/uploads\/2023\/10\/cropped-DuyguMutlu_Favicon.png"},"sameAs":["https:\/\/duygumutlu.com","https:\/\/www.instagram.com\/opdrduygumutlu\/","https:\/\/www.youtube.com\/channel\/UC-VgOCsb4G4pPcGjiFn6f6A"]}]}},"uagb_featured_image_src":{"full":false,"thumbnail":false,"medium":false,"medium_large":false,"large":false,"1536x1536":false,"2048x2048":false},"uagb_author_info":{"display_name":"Op. Dr. Duygu Mutlu","author_link":"https:\/\/duygumutlu.com\/en\/author\/drduygumutlu\/"},"uagb_comment_info":0,"uagb_excerpt":"What Causes Infertility? Factors that cause infertility can be found in a wide range of conditions. In women, ovarian dysfunctions such as polycystic ovary syndrome (PCOS), endometriosis, anatomical disorders of the uterus and tubes or infection can lead to this situation. In men, disorders in sperm production, genetic factors or infections can trigger this problem.&hellip;","_links":{"self":[{"href":"https:\/\/duygumutlu.com\/en\/wp-json\/wp\/v2\/pages\/4403","targetHints":{"allow":["GET"]}}],"collection":[{"href":"https:\/\/duygumutlu.com\/en\/wp-json\/wp\/v2\/pages"}],"about":[{"href":"https:\/\/duygumutlu.com\/en\/wp-json\/wp\/v2\/types\/page"}],"author":[{"embeddable":true,"href":"https:\/\/duygumutlu.com\/en\/wp-json\/wp\/v2\/users\/1"}],"replies":[{"embeddable":true,"href":"https:\/\/duygumutlu.com\/en\/wp-json\/wp\/v2\/comments?post=4403"}],"version-history":[{"count":5,"href":"https:\/\/duygumutlu.com\/en\/wp-json\/wp\/v2\/pages\/4403\/revisions"}],"predecessor-version":[{"id":4971,"href":"https:\/\/duygumutlu.com\/en\/wp-json\/wp\/v2\/pages\/4403\/revisions\/4971"}],"wp:attachment":[{"href":"https:\/\/duygumutlu.com\/en\/wp-json\/wp\/v2\/media?parent=4403"}],"curies":[{"name":"wp","href":"https:\/\/api.w.org\/{rel}","templated":true}]}}